{"id":8,"date":"2016-08-03T20:36:04","date_gmt":"2016-08-03T20:36:04","guid":{"rendered":"http:\/\/localhost:4001\/transparencia\/?page_id=8"},"modified":"2022-07-13T11:15:42","modified_gmt":"2022-07-13T15:15:42","slug":"terminos-de-uso","status":"publish","type":"page","link":"https:\/\/edeeste.com.do\/transparencia\/index.php\/terminos-de-uso\/","title":{"rendered":"T\u00e9rminos de Uso"},"content":{"rendered":"<p>Los presentes t\u00e9rminos de uso (en lo que sigue, los \u201cT\u00e9rminos de Uso\u201d) regulan los servicios del portal web \u201chttp:\/\/www.edeeste.com.do\/transparencia\u201d (en lo que sigue, el \u201cPortal\u201d) de la Empresa Distribuidora de Electricidad del Este, S.A., (EDE Este), en lo que sigue: \u201cEDE Este\u201d, sociedad de servicio p\u00fablico constituida de conformidad con las leyes de la Rep\u00fablica Dominicana, creado en fecha ___ de _____ del a\u00f1o 2015, bajo los lineamientos de la Direcci\u00f3n de Tecnolog\u00eda (en lo que sigue, \u201cTI\u201d), de esta sociedad comercial, de derecho p\u00fablico, con domicilio social en la Carretera Mella, Esquina Av. San Vicente de Pa\u00fal, Centro Comercial Megacentro, 1er. Piso, Paseo de la Fauna, Local 53-A, sector Cancino I, Provincia Santo Domingo, Municipio Santo Domingo Este, Rep\u00fablica Dominicana.<\/p>\n<p>El uso del Portal le otorga la condici\u00f3n de usuario del Portal (en lo que sigue, el \u201cUsuario\u201d) e implica la aceptaci\u00f3n plena y sin reservas de todas y cada una de las disposiciones establecidas en los T\u00e9rminos de Uso y las Pol\u00edticas publicadas por EDE Este al momento en que el Usuario acceda al Portal. Por lo tanto, se hace necesario que el Usuario lea detenidamente estos t\u00e9rminos en cada ocasi\u00f3n en que utilice el Portal, ya que este puede sufrir modificaciones sin previo aviso.<\/p>\n<ol>\n<li>Objeto. A trav\u00e9s del Portal, EDE Este facilita a los Usuarios el acceso y el uso de los servicios, informaciones y contenidos (en lo que sigue, los \u201cServicios\u201d) colocados a disposici\u00f3n del Usuario por EDE Este o por terceros.<\/li>\n<li>Condiciones de Accesibilidad y Uso del Portal:\n<ol style=\"list-style-type: lower-alpha;\">\n<li>Car\u00e1cter gratuito del acceso y uso del Portal. La prestaci\u00f3n de los Servicios, de parte EDE Este, tiene car\u00e1cter gratuito para el Usuario. Sin perjuicio de lo anterior, algunos de los Servicios suministrados por EDE Este a trav\u00e9s del Portal podr\u00edan estar sujetos al pago de una tasa la cual estar\u00eda establecida en el mismo.<\/li>\n<li>Registro del Usuario. En principio, la prestaci\u00f3n de los Servicios no exige la suscripci\u00f3n o registro previo de parte del Usuario, salvo cuando se trate del servicio de pago de factura el\u00e9ctrica a trav\u00e9s de nuestro Portal, que si se exigir\u00e1 la suscripci\u00f3n o registro previo por parte del Usuario.<\/li>\n<li>Veracidad de la informaci\u00f3n. Toda informaci\u00f3n facilitada al Usuario mediante los Servicios deber\u00e1 ser veraz. Por esto, el Usuario se compromete a garantizar el car\u00e1cter aut\u00e9ntico de los datos que provea a consecuencia de los requisitos de los formularios necesarios para la suscripci\u00f3n de los Servicios. De igual forma, ser\u00e1 responsabilidad del Usuario mantener toda la informaci\u00f3n facilitada a EDE Este debidamente actualizada de manera tal que responda, en cada momento, a la situaci\u00f3n real del Usuario. En todo caso el Usuario ser\u00e1 el \u00fanico responsable de las informaciones falsas o inexactas que realice y de los perjuicios que pueda causar a EDE Este o a terceros por la informaci\u00f3n que suministre.<\/li>\n<li>Propiedad Intelectual. Todo el contenido de este Portal, ya sean textos, im\u00e1genes, recopilaciones, marcas, logotipos, combinaciones de colores, o cualquier otro elemento, su estructura y dise\u00f1o, la selecci\u00f3n y forma de presentaci\u00f3n de los materiales incluidos en la misma, y los programas necesarios para su funcionamiento, acceso y uso, est\u00e1n protegidos por derechos de propiedad intelectual, de los cuales es titular EDE Este o de terceros licenciantes, que el Usuario de este Portal debe respetar.No se permite copiar, realizar ingenier\u00eda inversa, descompilar, desmontar, traducir, modificar o crear productos derivados del contenido del Portal, en parte o en su totalidad. Asimismo, queda prohibido alquilar, revelar, publicar, vender, asignar, arrendar, otorgar bajo licencia, comercializar o transferir el contenido del Portal, o parte de \u00e9ste, y utilizarlo de modo alguno que no se haya autorizado expl\u00edcitamente en este acuerdo.<\/li>\n<li>Seguridad. El Usuario del Portal deber\u00e1 abstenerse de suprimir, alterar, eludir o manipular cualquier dispositivo de protecci\u00f3n o sistema de seguridad que pueda estar instalado en el mismo.<\/li>\n<\/ol>\n<p>EDE Este ha adoptado los niveles de seguridad de protecci\u00f3n que entiende necesarios y procura instalar los medios y medidas t\u00e9cnicas de protecci\u00f3n que se vayan haciendo necesarias. Sin embargo, el Usuario debe estar consciente de que las medidas de seguridad en la Internet no son inviolables.<\/li>\n<li>Protecci\u00f3n de los datos personales. Para utilizar algunos de los Servicios, el Usuario debe facilitar previamente a EDE Este algunos datos de car\u00e1cter personal (en lo que sigue, los \u201cDatos Personales\u201d).EDE Este tratar\u00e1 de forma autom\u00e1tica los Datos Personales con la finalidad y las condiciones definidas en su Pol\u00edtica de Privacidad. EDE Este no garantiza la ausencia de virus ni de otros elementos en los Servicios prestados por terceros a trav\u00e9s del Portal que puedan causar alteraciones en el sistema inform\u00e1tico del Usuario (software y hardware) o en los documentos electr\u00f3nicos y\/o bases de datos de su sistema inform\u00e1tico.<\/li>\n<li>Informaci\u00f3n a terceros. EDE Este puede proporcionar informaci\u00f3n y estad\u00edsticas sobre sus usuarios y clientes, modelos de tr\u00e1fico y su Portal a terceros, pero esta informaci\u00f3n no incluir\u00e1 nunca datos que identifiquen usuarios individuales.<\/li>\n<li>Cookies. EDE Este puede utilizar cookies cuando un Usuario navega por los sitios y p\u00e1ginas Web del Portal. Las cookies que se puedan usar en los sitios y p\u00e1ginas Web del Portal se asocian \u00fanicamente con el navegador de un computador determinado (un Usuario an\u00f3nimo), y no proporcionan en s\u00ed mismas el nombre y apellido del Usuario. Gracias a las \u201ccookies\u201d, resulta posible que EDE Este reconozca los navegadores de los Usuarios registrados (luego de que \u00e9stos se hayan registrado por primera vez), esto ayuda a que no tengan que registrarse cada vez que visita las \u00e1reas y los Servicios reservados exclusivamente a ellos. Las \u201ccookies\u201d utilizadas no pueden leer archivos \u201ccookie\u201d creados por otros proveedores. El Usuario tiene la posibilidad de configurar su navegador para ser avisado en su pantalla de la recepci\u00f3n de \u201ccookies\u201d y para impedir la instalaci\u00f3n de las mismas en el disco duro.<\/li>\n<li>Presencia de cookies. Para utilizar el Portal no es indispensable la instalaci\u00f3n de las \u201ccookies\u201d enviadas por EDE Este, sin perjuicio de que en tal caso puede ser necesario que el Usuario se registre cada vez que acceda a un Servicio que requiera un registro previo.<\/li>\n<li>Restricciones de Uso. EDE Este le autoriza a acceder y utilizar el Portal y los Servicios, y el Usuario acepta que su inobservancia de cualquiera de estas condiciones constituir\u00e1 un incumplimiento de los presentes T\u00e9rminos de Uso por su parte:\n<ol style=\"list-style-type: lower-alpha;\">\n<li>El Usuario se obliga a no alterar o modificar ninguna parte del Portal o de los Servicios;<\/li>\n<li>El Usuario se obliga a no eludir, desactivar o manipular de cualquier otra forma (o tratar de eludir, desactivar o manipular) las funciones de seguridad del Portal u otras funciones que impidan o restrinja la utilizaci\u00f3n o copia de los Contenidos, o que aplican las limitaciones a la utilizaci\u00f3n del Portal o de los contenidos que se ofrecen a trav\u00e9s del Portal;<\/li>\n<li>El usuario se obliga a no utilizar el Portal o los Servicios para ning\u00fan fin comercial;<\/li>\n<li>El Usuario se obliga a no recabar datos personales de ning\u00fan usuario del Portal o los Servicios;<\/li>\n<\/ol>\n<p>El Usuario reconoce ser el \u00fanico responsable, sin que EDE Este asuma responsabilidad alguna frente al Usuario o a cualquier tercero, del incumplimiento de sus obligaciones previstas en estos T\u00e9rminos de Uso del Portal, y de las consecuencias, incluyendo cualesquieras p\u00e9rdidas o da\u00f1os en que EDE Este pueda incurrir, derivadas de dicho incumplimiento.<\/li>\n<li>Cambios en los T\u00e9rminos de Uso:\n<ol style=\"list-style-type: lower-alpha;\">\n<li>a) EDE Este puede modificar estos T\u00e9rminos de Uso en cualquier momento con s\u00f3lo colocar las condiciones modificadas en el Portal;<\/li>\n<li>b) El Usuario reconoce y acepta que si utiliza los Servicios despu\u00e9s de la fecha de modificaci\u00f3n de los T\u00e9rminos de Uso, EDE Este considerar\u00e1 que su uso y de los servicios constituye la aceptaci\u00f3n de los T\u00e9rminos de Uso actualizados; y,<\/li>\n<li>c) El Usuario tiene la obligaci\u00f3n de comprobar peri\u00f3dicamente los T\u00e9rminos de Uso para mantenerse informado acerca de la posible existencia de cambios.<\/li>\n<\/ol>\n<\/li>\n<\/ol>\n","protected":false},"excerpt":{"rendered":"<p>Los presentes t\u00e9rminos de uso (en lo que sigue, los \u201cT\u00e9rminos de Uso\u201d) regulan los servicios del portal web \u201chttp:\/\/www.edeeste.com.do\/transparencia\u201d (en lo que sigue, el \u201cPortal\u201d) de la Empresa Distribuidora de Electricidad del Este, S.A., (EDE Este), en lo que sigue: \u201cEDE Este\u201d, sociedad de servicio p\u00fablico constituida de conformidad con las leyes de la [&hellip;]<\/p>\n","protected":false},"author":1,"featured_media":0,"parent":0,"menu_order":0,"comment_status":"closed","ping_status":"closed","template":"","meta":{"footnotes":""},"class_list":["post-8","page","type-page","status-publish","hentry"],"yoast_head":"<!-- This site is optimized with the Yoast SEO plugin v23.5 - https:\/\/yoast.com\/wordpress\/plugins\/seo\/ -->\n<title>T\u00e9rminos de Uso | Empresa Distribuidora de Electricidad del Este<\/title>\n<meta name=\"robots\" content=\"index, follow, max-snippet:-1, max-image-preview:large, max-video-preview:-1\" \/>\n<link rel=\"canonical\" href=\"https:\/\/edeeste.com.do\/transparencia\/index.php\/terminos-de-uso\/\" \/>\n<meta property=\"og:locale\" content=\"es_ES\" \/>\n<meta property=\"og:type\" content=\"article\" \/>\n<meta property=\"og:title\" content=\"T\u00e9rminos de Uso | Empresa Distribuidora de Electricidad del Este\" \/>\n<meta property=\"og:description\" content=\"Los presentes t\u00e9rminos de uso (en lo que sigue, los \u201cT\u00e9rminos de Uso\u201d) regulan los servicios del portal web \u201chttp:\/\/www.edeeste.com.do\/transparencia\u201d (en lo que sigue, el \u201cPortal\u201d) de la Empresa Distribuidora de Electricidad del Este, S.A., (EDE Este), en lo que sigue: \u201cEDE Este\u201d, sociedad de servicio p\u00fablico constituida de conformidad con las leyes de la [&hellip;]\" \/>\n<meta property=\"og:url\" content=\"https:\/\/edeeste.com.do\/transparencia\/index.php\/terminos-de-uso\/\" \/>\n<meta property=\"og:site_name\" content=\"Empresa Distribuidora de Electricidad del Este\" \/>\n<meta property=\"article:publisher\" content=\"https:\/\/www.facebook.com\/EDEEste\" \/>\n<meta property=\"article:modified_time\" content=\"2022-07-13T15:15:42+00:00\" \/>\n<meta property=\"og:image\" content=\"https:\/\/edeeste.com.do\/transparencia\/wp-content\/uploads\/2017\/01\/Logo-EDEEste-Azul-Amarillo.png\" \/>\n\t<meta property=\"og:image:width\" content=\"2471\" \/>\n\t<meta property=\"og:image:height\" content=\"1125\" \/>\n\t<meta property=\"og:image:type\" content=\"image\/png\" \/>\n<meta name=\"twitter:card\" content=\"summary_large_image\" \/>\n<meta name=\"twitter:site\" content=\"@EdeesteRD\" \/>\n<meta name=\"twitter:label1\" content=\"Tiempo de lectura\" \/>\n\t<meta name=\"twitter:data1\" content=\"7 minutos\" \/>\n<script type=\"application\/ld+json\" class=\"yoast-schema-graph\">{\"@context\":\"https:\/\/schema.org\",\"@graph\":[{\"@type\":\"WebPage\",\"@id\":\"https:\/\/edeeste.com.do\/transparencia\/index.php\/terminos-de-uso\/\",\"url\":\"https:\/\/edeeste.com.do\/transparencia\/index.php\/terminos-de-uso\/\",\"name\":\"T\u00e9rminos de Uso | Empresa Distribuidora de Electricidad del Este\",\"isPartOf\":{\"@id\":\"https:\/\/edeeste.com.do\/transparencia\/#website\"},\"datePublished\":\"2016-08-03T20:36:04+00:00\",\"dateModified\":\"2022-07-13T15:15:42+00:00\",\"breadcrumb\":{\"@id\":\"https:\/\/edeeste.com.do\/transparencia\/index.php\/terminos-de-uso\/#breadcrumb\"},\"inLanguage\":\"es\",\"potentialAction\":[{\"@type\":\"ReadAction\",\"target\":[\"https:\/\/edeeste.com.do\/transparencia\/index.php\/terminos-de-uso\/\"]}]},{\"@type\":\"BreadcrumbList\",\"@id\":\"https:\/\/edeeste.com.do\/transparencia\/index.php\/terminos-de-uso\/#breadcrumb\",\"itemListElement\":[{\"@type\":\"ListItem\",\"position\":1,\"name\":\"Inicio\",\"item\":\"https:\/\/edeeste.com.do\/transparencia\/\"},{\"@type\":\"ListItem\",\"position\":2,\"name\":\"T\u00e9rminos de Uso\"}]},{\"@type\":\"WebSite\",\"@id\":\"https:\/\/edeeste.com.do\/transparencia\/#website\",\"url\":\"https:\/\/edeeste.com.do\/transparencia\/\",\"name\":\"Empresa Distribuidora de Electricidad del Este\",\"description\":\"Transparencia EDEESTE\",\"publisher\":{\"@id\":\"https:\/\/edeeste.com.do\/transparencia\/#organization\"},\"potentialAction\":[{\"@type\":\"SearchAction\",\"target\":{\"@type\":\"EntryPoint\",\"urlTemplate\":\"https:\/\/edeeste.com.do\/transparencia\/?s={search_term_string}\"},\"query-input\":{\"@type\":\"PropertyValueSpecification\",\"valueRequired\":true,\"valueName\":\"search_term_string\"}}],\"inLanguage\":\"es\"},{\"@type\":\"Organization\",\"@id\":\"https:\/\/edeeste.com.do\/transparencia\/#organization\",\"name\":\"EDEESTE - Portal de Transparencia Institucional\",\"url\":\"https:\/\/edeeste.com.do\/transparencia\/\",\"logo\":{\"@type\":\"ImageObject\",\"inLanguage\":\"es\",\"@id\":\"https:\/\/edeeste.com.do\/transparencia\/#\/schema\/logo\/image\/\",\"url\":\"\/transparencia\/wp-content\/uploads\/2017\/01\/Logo-EDEEste-Azul-Amarillo.png\",\"contentUrl\":\"\/transparencia\/wp-content\/uploads\/2017\/01\/Logo-EDEEste-Azul-Amarillo.png\",\"width\":2471,\"height\":1125,\"caption\":\"EDEESTE - Portal de Transparencia Institucional\"},\"image\":{\"@id\":\"https:\/\/edeeste.com.do\/transparencia\/#\/schema\/logo\/image\/\"},\"sameAs\":[\"https:\/\/www.facebook.com\/EDEEste\",\"https:\/\/x.com\/EdeesteRD\"]}]}<\/script>\n<!-- \/ Yoast SEO plugin. -->","yoast_head_json":{"title":"T\u00e9rminos de Uso | Empresa Distribuidora de Electricidad del Este","robots":{"index":"index","follow":"follow","max-snippet":"max-snippet:-1","max-image-preview":"max-image-preview:large","max-video-preview":"max-video-preview:-1"},"canonical":"https:\/\/edeeste.com.do\/transparencia\/index.php\/terminos-de-uso\/","og_locale":"es_ES","og_type":"article","og_title":"T\u00e9rminos de Uso | Empresa Distribuidora de Electricidad del Este","og_description":"Los presentes t\u00e9rminos de uso (en lo que sigue, los \u201cT\u00e9rminos de Uso\u201d) regulan los servicios del portal web \u201chttp:\/\/www.edeeste.com.do\/transparencia\u201d (en lo que sigue, el \u201cPortal\u201d) de la Empresa Distribuidora de Electricidad del Este, S.A., (EDE Este), en lo que sigue: \u201cEDE Este\u201d, sociedad de servicio p\u00fablico constituida de conformidad con las leyes de la [&hellip;]","og_url":"https:\/\/edeeste.com.do\/transparencia\/index.php\/terminos-de-uso\/","og_site_name":"Empresa Distribuidora de Electricidad del Este","article_publisher":"https:\/\/www.facebook.com\/EDEEste","article_modified_time":"2022-07-13T15:15:42+00:00","og_image":[{"width":2471,"height":1125,"url":"https:\/\/edeeste.com.do\/transparencia\/wp-content\/uploads\/2017\/01\/Logo-EDEEste-Azul-Amarillo.png","type":"image\/png"}],"twitter_card":"summary_large_image","twitter_site":"@EdeesteRD","twitter_misc":{"Tiempo de lectura":"7 minutos"},"schema":{"@context":"https:\/\/schema.org","@graph":[{"@type":"WebPage","@id":"https:\/\/edeeste.com.do\/transparencia\/index.php\/terminos-de-uso\/","url":"https:\/\/edeeste.com.do\/transparencia\/index.php\/terminos-de-uso\/","name":"T\u00e9rminos de Uso | Empresa Distribuidora de Electricidad del Este","isPartOf":{"@id":"https:\/\/edeeste.com.do\/transparencia\/#website"},"datePublished":"2016-08-03T20:36:04+00:00","dateModified":"2022-07-13T15:15:42+00:00","breadcrumb":{"@id":"https:\/\/edeeste.com.do\/transparencia\/index.php\/terminos-de-uso\/#breadcrumb"},"inLanguage":"es","potentialAction":[{"@type":"ReadAction","target":["https:\/\/edeeste.com.do\/transparencia\/index.php\/terminos-de-uso\/"]}]},{"@type":"BreadcrumbList","@id":"https:\/\/edeeste.com.do\/transparencia\/index.php\/terminos-de-uso\/#breadcrumb","itemListElement":[{"@type":"ListItem","position":1,"name":"Inicio","item":"https:\/\/edeeste.com.do\/transparencia\/"},{"@type":"ListItem","position":2,"name":"T\u00e9rminos de Uso"}]},{"@type":"WebSite","@id":"https:\/\/edeeste.com.do\/transparencia\/#website","url":"https:\/\/edeeste.com.do\/transparencia\/","name":"Empresa Distribuidora de Electricidad del Este","description":"Transparencia EDEESTE","publisher":{"@id":"https:\/\/edeeste.com.do\/transparencia\/#organization"},"potentialAction":[{"@type":"SearchAction","target":{"@type":"EntryPoint","urlTemplate":"https:\/\/edeeste.com.do\/transparencia\/?s={search_term_string}"},"query-input":{"@type":"PropertyValueSpecification","valueRequired":true,"valueName":"search_term_string"}}],"inLanguage":"es"},{"@type":"Organization","@id":"https:\/\/edeeste.com.do\/transparencia\/#organization","name":"EDEESTE - Portal de Transparencia Institucional","url":"https:\/\/edeeste.com.do\/transparencia\/","logo":{"@type":"ImageObject","inLanguage":"es","@id":"https:\/\/edeeste.com.do\/transparencia\/#\/schema\/logo\/image\/","url":"\/transparencia\/wp-content\/uploads\/2017\/01\/Logo-EDEEste-Azul-Amarillo.png","contentUrl":"\/transparencia\/wp-content\/uploads\/2017\/01\/Logo-EDEEste-Azul-Amarillo.png","width":2471,"height":1125,"caption":"EDEESTE - Portal de Transparencia Institucional"},"image":{"@id":"https:\/\/edeeste.com.do\/transparencia\/#\/schema\/logo\/image\/"},"sameAs":["https:\/\/www.facebook.com\/EDEEste","https:\/\/x.com\/EdeesteRD"]}]}},"_links":{"self":[{"href":"https:\/\/edeeste.com.do\/transparencia\/index.php\/wp-json\/wp\/v2\/pages\/8"}],"collection":[{"href":"https:\/\/edeeste.com.do\/transparencia\/index.php\/wp-json\/wp\/v2\/pages"}],"about":[{"href":"https:\/\/edeeste.com.do\/transparencia\/index.php\/wp-json\/wp\/v2\/types\/page"}],"author":[{"embeddable":true,"href":"https:\/\/edeeste.com.do\/transparencia\/index.php\/wp-json\/wp\/v2\/users\/1"}],"replies":[{"embeddable":true,"href":"https:\/\/edeeste.com.do\/transparencia\/index.php\/wp-json\/wp\/v2\/comments?post=8"}],"version-history":[{"count":1,"href":"https:\/\/edeeste.com.do\/transparencia\/index.php\/wp-json\/wp\/v2\/pages\/8\/revisions"}],"predecessor-version":[{"id":13846,"href":"https:\/\/edeeste.com.do\/transparencia\/index.php\/wp-json\/wp\/v2\/pages\/8\/revisions\/13846"}],"wp:attachment":[{"href":"https:\/\/edeeste.com.do\/transparencia\/index.php\/wp-json\/wp\/v2\/media?parent=8"}],"curies":[{"name":"wp","href":"https:\/\/api.w.org\/{rel}","templated":true}]}}