{"id":709,"date":"2016-10-31T14:35:38","date_gmt":"2016-10-31T18:35:38","guid":{"rendered":"http:\/\/localhost:4001\/transparencia\/?page_id=709"},"modified":"2018-07-10T13:01:27","modified_gmt":"2018-07-10T17:01:27","slug":"lista-de-proveedores","status":"publish","type":"page","link":"https:\/\/edeeste.com.do\/transparencia\/index.php\/compras-y-contrataciones\/lista-de-proveedores\/","title":{"rendered":"Lista de Proveedores"},"content":{"rendered":"<p>En cumplimiento de las disposiciones de la\u00a0Ley 340-06\u00a0sobre Compras y Contrataciones, la Empresa Distribuidora de Electricidad del Este, S.A., (EDE Este), utiliza \u00fanica y exclusivamente los proveedores calificados por la Direcci\u00f3n General de Contrataciones P\u00fablicas, a trav\u00e9s del Registro de Proveedores del Estado (RPE).<\/p>\n<p>Para consultar los Proveedores Calificados para ofrecer bienes y servicios, favor consultar el siguiente enlace:\u00a0<a href=\"https:\/\/www.dgcp.gob.do\/index.php\/listado-de-proveedores\/\" target=\"_blank\" rel=\"noopener\">https:\/\/www.dgcp.gob.do\/index.php\/listado-de-proveedores\/<\/a><\/p>\n<p><div class=\"wpfd-content wpfd-content-default wpfd-content-multi\" data-category=\"124\"             style=\"background-color: transparent\"><input type=\"hidden\" id=\"current_category_124\" value=\"124\" \/>                    <input type=\"hidden\" id=\"current_category_slug_124\" value=\"lista-de-proveedores-edeeste\" \/>                    <input type=\"hidden\" id=\"current_ordering_124\" value=\"title\" \/>                    <input type=\"hidden\" id=\"current_ordering_direction_124\" value=\"desc\" \/>                    <input type=\"hidden\" id=\"page_limit_124\" value=\"100\" \/><input type=\"hidden\" id=\"wpfd_display_empty_category_message\" value=\"0\" \/><input type=\"hidden\" id=\"wpfd_empty_category_message_val\" value=\"This file category has no files to display\" \/><input type=\"hidden\" id=\"wpfd_display_empty_folder\" value=\"0\" \/><input type=\"hidden\" id=\"wpfd_is_empty_subcategories\" value=\"1\" \/><input type=\"hidden\" id=\"wpfd_is_empty_files\" value=\"1\" \/><input type=\"hidden\" id=\"wpfd_root_category_id\" class=\"wpfd_root_category_id\" value=\"124\" \/><input type=\"hidden\" id=\"wpfd_root_category_theme\" class=\"wpfd_root_category_theme\" value=\"default\" \/><input type=\"hidden\" id=\"wpfd_root_category_clone_theme_type\" class=\"wpfd_root_category_clone_theme_type\" value=\"none\" \/><input type=\"hidden\" id=\"wpfd_root_category_type\" class=\"wpfd_root_category_type\" value=\"124\" \/>    <script type=\"text\/x-handlebars-template\" class=\"wpfd-template-categories\">        <div class=\"wpfd-categories \">{{#if category}}{{#with category}}<h2>{{name}}<\/h2>{{#if parent}}<a class=\"catlink backcategory\" href=\"#\" data-idcat=\"{{parent}}\">                        <i class=\"zmdi zmdi-chevron-left\"><\/i><span>Atr\u00e1s<\/span><\/a>{{\/if}}{{\/with}}{{\/if}}{{#if category.desc}}<div class=\"wpfd-category-desc\">{{category.desc}}<\/div>{{\/if}}{{#if categories}}{{#each categories}}<a class=\"wpfdcategory catlink \" style=\"margin : 10px 10px 10px 10px;\" href=\"#\" data-idcat=\"{{termID}}\" title=\"{{name}}\">                                <span>{{name}}<\/span><i class=\"zmdi zmdi-folder wpfd-folder\"><\/i>                            <\/a>{{\/each}}{{\/if}}<div class=\"wpfdcategory_placeholder\" style=\"margin : 0 10px 0 10px;\"><\/div><div class=\"wpfdcategory_placeholder\" style=\"margin : 0 10px 0 10px;\"><\/div><div class=\"wpfdcategory_placeholder\" style=\"margin : 0 10px 0 10px;\"><\/div><\/div>    <\/script>    <script type=\"text\/x-handlebars-template\" class=\"wpfd-template-files\">        {{#if files }}        <div class=\"wpfd_list\">            {{#each files}}            <div class=\"file {{ext}}\" style=\"margin : 10px 10px 10px 10px;\" data-id=\"{{ID}}\" data-catid=\"{{catid}}\">                <input type=\"hidden\" class=\"wpfd_file_preview_link_download\" value=\"{{linkdownload}}\" data-filetitle=\"{{post_title}}\" data-fileicons=\"ext ext-{{ext}} wpfd-icon-set-svg\" \/>                <div class=\"filecontent\">                    {{#if file_custom_icon}}                    <div class=\"icon-custom\"><img src=\"{{file_custom_icon}}\" \/><\/div>                    {{else}}                    <div class=\"ext ext-{{ext}} wpfd-icon-set-svg\"><span class=\"txt\">{{ext}}<\/span><\/div>                    {{\/if}}<h3><a href=\"{{linkdownload}}\"   class=\"wpfd_downloadlink\" title=\"{{post_title}}\" target=\"{{#if remote_file}}_blank{{\/if}}\">{{{crop_title}}}<\/a><\/h3>                    <div class=\"file-xinfo\">                        {{#if description}}<div class=\"file-desc\">{{{description}}}<\/div>{{\/if}}{{#if versionNumber}}<div class=\"file-version\"><span>Version:<\/span> {{versionNumber}}<\/div>{{\/if}}<div class=\"file-size\"><span>Size:<\/span> {{bytesToSize size}}<\/div><div class=\"file-hits\"><span>Hits:<\/span> {{hits}}<\/div><div class=\"file-dated\"><span>Date added:<\/span> {{created}}<\/div>                    <\/div>                <\/div>                <span class=\"file-right\">                    <a class=\"downloadlink wpfd_downloadlink\"  href=\"{{linkdownload}}\"  style=\"background-color:#09203d;color:#ffffff;\" target=\"{{#if remote_file}}_blank{{\/if}}\">Descargar<i class=\"zmdi zmdi-cloud-download wpfd-download\"><\/i><\/a>{{#if openpdflink}}<a class=\"openlink wpfdlightbox wpfd_previewlink\" href=\"{{openpdflink}}\"  target=\"\">Vista previa                            <i class=\"zmdi zmdi-filter-center-focus wpfd-preview\"><\/i>                        <\/a>{{else}}{{#if viewerlink}}<a                            href=\"{{viewerlink}}\"                                                        class=\"openlink wpfdlightbox wpfd_previewlink\"                            target=\"\"                            data-id=\"{{ID}}\"                            data-catid=\"{{catid}}\"                            data-file-type=\"{{ext}}\">Vista previa<i class=\"zmdi zmdi-filter-center-focus wpfd-preview\"><\/i>                        <\/a>{{\/if}}{{\/if}}                <\/span>            <\/div>            {{\/each}}            <div class=\"file flex_span\" style=\"margin : 10px 10px 10px 10px;\"><\/div>        <\/div>        {{\/if}}    <\/script>    <div class=\"wpfd-container show_category_title show_subcategories\">                <div class=\"wpfd-open-tree\"><\/div>        <div class=\"wpfd-container-default \">            <div class=\"wpfd-categories \"><h2 class=\"wpfd-category-theme-title\">Lista de Proveedores EDEEste<\/h2><div class=\"wpfd-category-desc\"><\/div><\/div>                            <div class=\"wpfd_list\">                                                                        <div class=\"file pdf\" style=\"margin : 10px 10px 10px 10px;\"                                 data-id=\"1082\"                                 data-catid=\"124\">                                                                <input type=\"hidden\" class=\"wpfd_file_preview_link_download\" value=\"https:\/\/edeeste.com.do\/transparencia\/index.php\/download\/124\/lista-de-proveedores-edeeste\/1082\/suplidor-de-taller.pdf\"                                       data-filetitle=\"Suplidor de Taller\" data-fileicons=\"ext ext-pdf wpfd-icon-set-svg\" \/>                                <div class=\"filecontent\">                                    <div class=\"ext ext-pdf wpfd-icon-set-svg\"><span class=\"txt\">pdf<\/span><\/div><h3><a href=\"https:\/\/edeeste.com.do\/transparencia\/index.php\/download\/124\/lista-de-proveedores-edeeste\/1082\/suplidor-de-taller.pdf\"   class=\"wpfd_downloadlink\" title=\"Suplidor de Taller\" target=\"\">Suplidor de Taller<\/a><\/h3>                                    <div class=\"file-xinfo\">                                        <div class=\"file-desc\"><\/div><div class=\"file-size\"><span>Size:<\/span> 58.76 KB<\/div><div class=\"file-hits\"><span>Hits:<\/span> 1708<\/div><div class=\"file-dated\"><span>Date added:<\/span> 18-11-2016<\/div>                                    <\/div>                                <\/div>                                <div class=\"file-right\">                                    <a class=\"downloadlink wpfd_downloadlink\"  href=\"https:\/\/edeeste.com.do\/transparencia\/index.php\/download\/124\/lista-de-proveedores-edeeste\/1082\/suplidor-de-taller.pdf\"  style=\"background-color:#09203d;color:#ffffff;\" target=\"\">Descargar<i class=\"zmdi zmdi-cloud-download wpfd-download\"><\/i><\/a><a                            href=\"https:\/\/docs.google.com\/viewer?url=https%3A%2F%2Fedeeste.com.do%2Ftransparencia%2Fwp-admin%2Fadmin-ajax.php%3Fjuwpfisadmin%3Dfalse%26action%3Dwpfd%26task%3Dfile.download%26wpfd_category_id%3D124%26wpfd_file_id%3D1082%26token%3D%26preview%3D1&#038;embedded=true\"                                                        class=\"openlink wpfdlightbox wpfd_previewlink\"                            target=\"\"                            data-id=\"1082\"                            data-catid=\"124\"                            data-file-type=\"pdf\">Vista previa<i class=\"zmdi zmdi-filter-center-focus wpfd-preview\"><\/i>                        <\/a>                                <\/div>                            <\/div>                                                                                                <div class=\"file pdf\" style=\"margin : 10px 10px 10px 10px;\"                                 data-id=\"1083\"                                 data-catid=\"124\">                                                                <input type=\"hidden\" class=\"wpfd_file_preview_link_download\" value=\"https:\/\/edeeste.com.do\/transparencia\/index.php\/download\/124\/lista-de-proveedores-edeeste\/1083\/suplidor-de-sevicio-y-combustible.pdf\"                                       data-filetitle=\"Suplidor de Sevicio y Combustible\" data-fileicons=\"ext ext-pdf wpfd-icon-set-svg\" \/>                                <div class=\"filecontent\">                                    <div class=\"ext ext-pdf wpfd-icon-set-svg\"><span class=\"txt\">pdf<\/span><\/div><h3><a href=\"https:\/\/edeeste.com.do\/transparencia\/index.php\/download\/124\/lista-de-proveedores-edeeste\/1083\/suplidor-de-sevicio-y-combustible.pdf\"   class=\"wpfd_downloadlink\" title=\"Suplidor de Sevicio y Combustible\" target=\"\">Suplidor de Sevicio y Combustible<\/a><\/h3>                                    <div class=\"file-xinfo\">                                        <div class=\"file-desc\"><\/div><div class=\"file-size\"><span>Size:<\/span> 56.77 KB<\/div><div class=\"file-hits\"><span>Hits:<\/span> 1920<\/div><div class=\"file-dated\"><span>Date added:<\/span> 18-11-2016<\/div>                                    <\/div>                                <\/div>                                <div class=\"file-right\">                                    <a class=\"downloadlink wpfd_downloadlink\"  href=\"https:\/\/edeeste.com.do\/transparencia\/index.php\/download\/124\/lista-de-proveedores-edeeste\/1083\/suplidor-de-sevicio-y-combustible.pdf\"  style=\"background-color:#09203d;color:#ffffff;\" target=\"\">Descargar<i class=\"zmdi zmdi-cloud-download wpfd-download\"><\/i><\/a><a                            href=\"https:\/\/docs.google.com\/viewer?url=https%3A%2F%2Fedeeste.com.do%2Ftransparencia%2Fwp-admin%2Fadmin-ajax.php%3Fjuwpfisadmin%3Dfalse%26action%3Dwpfd%26task%3Dfile.download%26wpfd_category_id%3D124%26wpfd_file_id%3D1083%26token%3D%26preview%3D1&#038;embedded=true\"                                                        class=\"openlink wpfdlightbox wpfd_previewlink\"                            target=\"\"                            data-id=\"1083\"                            data-catid=\"124\"                            data-file-type=\"pdf\">Vista previa<i class=\"zmdi zmdi-filter-center-focus wpfd-preview\"><\/i>                        <\/a>                                <\/div>                            <\/div>                                                                                                <div class=\"file xlsx\" style=\"margin : 10px 10px 10px 10px;\"                                 data-id=\"2809\"                                 data-catid=\"124\">                                                                <input type=\"hidden\" class=\"wpfd_file_preview_link_download\" value=\"https:\/\/edeeste.com.do\/transparencia\/index.php\/download\/124\/lista-de-proveedores-edeeste\/2809\/listado-de-proveedores-actualizados-por-aba.xlsx\"                                       data-filetitle=\"Listado Actualizado de Proveedores\" data-fileicons=\"ext ext-xlsx wpfd-icon-set-svg\" \/>                                <div class=\"filecontent\">                                    <div class=\"ext ext-xlsx wpfd-icon-set-svg\"><span class=\"txt\">xlsx<\/span><\/div><h3><a href=\"https:\/\/edeeste.com.do\/transparencia\/index.php\/download\/124\/lista-de-proveedores-edeeste\/2809\/listado-de-proveedores-actualizados-por-aba.xlsx\"   class=\"wpfd_downloadlink\" title=\"Listado Actualizado de Proveedores\" target=\"\">Listado Actualizado de Proveedores<\/a><\/h3>                                    <div class=\"file-xinfo\">                                        <div class=\"file-desc\"><\/div><div class=\"file-size\"><span>Size:<\/span> 64.37 KB<\/div><div class=\"file-hits\"><span>Hits:<\/span> 7787<\/div><div class=\"file-dated\"><span>Date added:<\/span> 28-12-2016<\/div>                                    <\/div>                                <\/div>                                <div class=\"file-right\">                                    <a class=\"downloadlink wpfd_downloadlink\"  href=\"https:\/\/edeeste.com.do\/transparencia\/index.php\/download\/124\/lista-de-proveedores-edeeste\/2809\/listado-de-proveedores-actualizados-por-aba.xlsx\"  style=\"background-color:#09203d;color:#ffffff;\" target=\"\">Descargar<i class=\"zmdi zmdi-cloud-download wpfd-download\"><\/i><\/a>                                <\/div>                            <\/div>                                                                <div class=\"file flex_span\" style=\"margin : 10px 10px 10px 10px;\"><\/div>                <\/div>                                <\/div>    <\/div><\/div><\/p>\n<div class=\"alert alert-info\">Si no puede visualizar o abrir los documentos, es posible que necesite un lector de archivos <span style=\"color: #000;\"><strong class=\"text-error\">PDF<\/strong><\/span>. Puede descargar <a title=\"Descargue adobe reader\" href=\"http:\/\/get.adobe.com\/es\/reader\/\" target=\"_blank\" rel=\"noopener\"><em class=\"text-error\"><strong>Adobe Reader<\/strong><\/em><\/a> desde este link.<\/div>\n","protected":false},"excerpt":{"rendered":"<p>En cumplimiento de las disposiciones de la\u00a0Ley 340-06\u00a0sobre Compras y Contrataciones, la Empresa Distribuidora de Electricidad del Este, S.A., (EDE Este), utiliza \u00fanica y exclusivamente los proveedores calificados por la Direcci\u00f3n General de Contrataciones P\u00fablicas, a trav\u00e9s del Registro de Proveedores del Estado (RPE). Para consultar los Proveedores Calificados para ofrecer bienes y servicios, favor [&hellip;]<\/p>\n","protected":false},"author":1,"featured_media":0,"parent":54,"menu_order":0,"comment_status":"closed","ping_status":"closed","template":"","meta":{"footnotes":""},"class_list":["post-709","page","type-page","status-publish","hentry"],"yoast_head":"<!-- This site is optimized with the Yoast SEO plugin v23.5 - https:\/\/yoast.com\/wordpress\/plugins\/seo\/ -->\n<title>Lista de Proveedores | Empresa Distribuidora de Electricidad del Este<\/title>\n<meta name=\"robots\" content=\"index, follow, max-snippet:-1, max-image-preview:large, max-video-preview:-1\" \/>\n<link rel=\"canonical\" href=\"https:\/\/portaledeestewp-prod.azurewebsites.net\/transparencia\/index.php\/compras-y-contrataciones\/lista-de-proveedores\/\" \/>\n<meta property=\"og:locale\" content=\"es_ES\" \/>\n<meta property=\"og:type\" content=\"article\" \/>\n<meta property=\"og:title\" content=\"Lista de Proveedores | Empresa Distribuidora de Electricidad del Este\" \/>\n<meta property=\"og:description\" content=\"En cumplimiento de las disposiciones de la\u00a0Ley 340-06\u00a0sobre Compras y Contrataciones, la Empresa Distribuidora de Electricidad del Este, S.A., (EDE Este), utiliza \u00fanica y exclusivamente los proveedores calificados por la Direcci\u00f3n General de Contrataciones P\u00fablicas, a trav\u00e9s del Registro de Proveedores del Estado (RPE). Para consultar los Proveedores Calificados para ofrecer bienes y servicios, favor [&hellip;]\" \/>\n<meta property=\"og:url\" content=\"https:\/\/portaledeestewp-prod.azurewebsites.net\/transparencia\/index.php\/compras-y-contrataciones\/lista-de-proveedores\/\" \/>\n<meta property=\"og:site_name\" content=\"Empresa Distribuidora de Electricidad del Este\" \/>\n<meta property=\"article:publisher\" content=\"https:\/\/www.facebook.com\/EDEEste\" \/>\n<meta property=\"article:modified_time\" content=\"2018-07-10T17:01:27+00:00\" \/>\n<meta property=\"og:image\" content=\"http:\/\/www.edeeste.com.do\/transparencia\/wp-content\/plugins\/wp-file-download\/app\/admin\/assets\/images\/t.gif\" \/>\n<meta name=\"twitter:card\" content=\"summary_large_image\" \/>\n<meta name=\"twitter:site\" content=\"@EdeesteRD\" \/>\n<script type=\"application\/ld+json\" class=\"yoast-schema-graph\">{\"@context\":\"https:\/\/schema.org\",\"@graph\":[{\"@type\":\"WebPage\",\"@id\":\"https:\/\/portaledeestewp-prod.azurewebsites.net\/transparencia\/index.php\/compras-y-contrataciones\/lista-de-proveedores\/\",\"url\":\"https:\/\/portaledeestewp-prod.azurewebsites.net\/transparencia\/index.php\/compras-y-contrataciones\/lista-de-proveedores\/\",\"name\":\"Lista de Proveedores | Empresa Distribuidora de Electricidad del Este\",\"isPartOf\":{\"@id\":\"https:\/\/edeeste.com.do\/transparencia\/#website\"},\"primaryImageOfPage\":{\"@id\":\"https:\/\/portaledeestewp-prod.azurewebsites.net\/transparencia\/index.php\/compras-y-contrataciones\/lista-de-proveedores\/#primaryimage\"},\"image\":{\"@id\":\"https:\/\/portaledeestewp-prod.azurewebsites.net\/transparencia\/index.php\/compras-y-contrataciones\/lista-de-proveedores\/#primaryimage\"},\"thumbnailUrl\":\"http:\/\/www.edeeste.com.do\/transparencia\/wp-content\/plugins\/wp-file-download\/app\/admin\/assets\/images\/t.gif\",\"datePublished\":\"2016-10-31T18:35:38+00:00\",\"dateModified\":\"2018-07-10T17:01:27+00:00\",\"breadcrumb\":{\"@id\":\"https:\/\/portaledeestewp-prod.azurewebsites.net\/transparencia\/index.php\/compras-y-contrataciones\/lista-de-proveedores\/#breadcrumb\"},\"inLanguage\":\"es\",\"potentialAction\":[{\"@type\":\"ReadAction\",\"target\":[\"https:\/\/portaledeestewp-prod.azurewebsites.net\/transparencia\/index.php\/compras-y-contrataciones\/lista-de-proveedores\/\"]}]},{\"@type\":\"ImageObject\",\"inLanguage\":\"es\",\"@id\":\"https:\/\/portaledeestewp-prod.azurewebsites.net\/transparencia\/index.php\/compras-y-contrataciones\/lista-de-proveedores\/#primaryimage\",\"url\":\"http:\/\/www.edeeste.com.do\/transparencia\/wp-content\/plugins\/wp-file-download\/app\/admin\/assets\/images\/t.gif\",\"contentUrl\":\"http:\/\/www.edeeste.com.do\/transparencia\/wp-content\/plugins\/wp-file-download\/app\/admin\/assets\/images\/t.gif\"},{\"@type\":\"BreadcrumbList\",\"@id\":\"https:\/\/portaledeestewp-prod.azurewebsites.net\/transparencia\/index.php\/compras-y-contrataciones\/lista-de-proveedores\/#breadcrumb\",\"itemListElement\":[{\"@type\":\"ListItem\",\"position\":1,\"name\":\"Inicio\",\"item\":\"https:\/\/edeeste.com.do\/transparencia\/\"},{\"@type\":\"ListItem\",\"position\":2,\"name\":\"Compras y Contrataciones\",\"item\":\"https:\/\/portaledeestewp-prod.azurewebsites.net\/transparencia\/index.php\/compras-y-contrataciones\/\"},{\"@type\":\"ListItem\",\"position\":3,\"name\":\"Lista de Proveedores\"}]},{\"@type\":\"WebSite\",\"@id\":\"https:\/\/edeeste.com.do\/transparencia\/#website\",\"url\":\"https:\/\/edeeste.com.do\/transparencia\/\",\"name\":\"Empresa Distribuidora de Electricidad del Este\",\"description\":\"Transparencia EDEESTE\",\"publisher\":{\"@id\":\"https:\/\/edeeste.com.do\/transparencia\/#organization\"},\"potentialAction\":[{\"@type\":\"SearchAction\",\"target\":{\"@type\":\"EntryPoint\",\"urlTemplate\":\"https:\/\/edeeste.com.do\/transparencia\/?s={search_term_string}\"},\"query-input\":{\"@type\":\"PropertyValueSpecification\",\"valueRequired\":true,\"valueName\":\"search_term_string\"}}],\"inLanguage\":\"es\"},{\"@type\":\"Organization\",\"@id\":\"https:\/\/edeeste.com.do\/transparencia\/#organization\",\"name\":\"EDEESTE - Portal de Transparencia Institucional\",\"url\":\"https:\/\/edeeste.com.do\/transparencia\/\",\"logo\":{\"@type\":\"ImageObject\",\"inLanguage\":\"es\",\"@id\":\"https:\/\/edeeste.com.do\/transparencia\/#\/schema\/logo\/image\/\",\"url\":\"\/transparencia\/wp-content\/uploads\/2017\/01\/Logo-EDEEste-Azul-Amarillo.png\",\"contentUrl\":\"\/transparencia\/wp-content\/uploads\/2017\/01\/Logo-EDEEste-Azul-Amarillo.png\",\"width\":2471,\"height\":1125,\"caption\":\"EDEESTE - Portal de Transparencia Institucional\"},\"image\":{\"@id\":\"https:\/\/edeeste.com.do\/transparencia\/#\/schema\/logo\/image\/\"},\"sameAs\":[\"https:\/\/www.facebook.com\/EDEEste\",\"https:\/\/x.com\/EdeesteRD\"]}]}<\/script>\n<!-- \/ Yoast SEO plugin. -->","yoast_head_json":{"title":"Lista de Proveedores | Empresa Distribuidora de Electricidad del Este","robots":{"index":"index","follow":"follow","max-snippet":"max-snippet:-1","max-image-preview":"max-image-preview:large","max-video-preview":"max-video-preview:-1"},"canonical":"https:\/\/portaledeestewp-prod.azurewebsites.net\/transparencia\/index.php\/compras-y-contrataciones\/lista-de-proveedores\/","og_locale":"es_ES","og_type":"article","og_title":"Lista de Proveedores | Empresa Distribuidora de Electricidad del Este","og_description":"En cumplimiento de las disposiciones de la\u00a0Ley 340-06\u00a0sobre Compras y Contrataciones, la Empresa Distribuidora de Electricidad del Este, S.A., (EDE Este), utiliza \u00fanica y exclusivamente los proveedores calificados por la Direcci\u00f3n General de Contrataciones P\u00fablicas, a trav\u00e9s del Registro de Proveedores del Estado (RPE). Para consultar los Proveedores Calificados para ofrecer bienes y servicios, favor [&hellip;]","og_url":"https:\/\/portaledeestewp-prod.azurewebsites.net\/transparencia\/index.php\/compras-y-contrataciones\/lista-de-proveedores\/","og_site_name":"Empresa Distribuidora de Electricidad del Este","article_publisher":"https:\/\/www.facebook.com\/EDEEste","article_modified_time":"2018-07-10T17:01:27+00:00","og_image":[{"url":"http:\/\/www.edeeste.com.do\/transparencia\/wp-content\/plugins\/wp-file-download\/app\/admin\/assets\/images\/t.gif"}],"twitter_card":"summary_large_image","twitter_site":"@EdeesteRD","schema":{"@context":"https:\/\/schema.org","@graph":[{"@type":"WebPage","@id":"https:\/\/portaledeestewp-prod.azurewebsites.net\/transparencia\/index.php\/compras-y-contrataciones\/lista-de-proveedores\/","url":"https:\/\/portaledeestewp-prod.azurewebsites.net\/transparencia\/index.php\/compras-y-contrataciones\/lista-de-proveedores\/","name":"Lista de Proveedores | Empresa Distribuidora de Electricidad del Este","isPartOf":{"@id":"https:\/\/edeeste.com.do\/transparencia\/#website"},"primaryImageOfPage":{"@id":"https:\/\/portaledeestewp-prod.azurewebsites.net\/transparencia\/index.php\/compras-y-contrataciones\/lista-de-proveedores\/#primaryimage"},"image":{"@id":"https:\/\/portaledeestewp-prod.azurewebsites.net\/transparencia\/index.php\/compras-y-contrataciones\/lista-de-proveedores\/#primaryimage"},"thumbnailUrl":"http:\/\/www.edeeste.com.do\/transparencia\/wp-content\/plugins\/wp-file-download\/app\/admin\/assets\/images\/t.gif","datePublished":"2016-10-31T18:35:38+00:00","dateModified":"2018-07-10T17:01:27+00:00","breadcrumb":{"@id":"https:\/\/portaledeestewp-prod.azurewebsites.net\/transparencia\/index.php\/compras-y-contrataciones\/lista-de-proveedores\/#breadcrumb"},"inLanguage":"es","potentialAction":[{"@type":"ReadAction","target":["https:\/\/portaledeestewp-prod.azurewebsites.net\/transparencia\/index.php\/compras-y-contrataciones\/lista-de-proveedores\/"]}]},{"@type":"ImageObject","inLanguage":"es","@id":"https:\/\/portaledeestewp-prod.azurewebsites.net\/transparencia\/index.php\/compras-y-contrataciones\/lista-de-proveedores\/#primaryimage","url":"http:\/\/www.edeeste.com.do\/transparencia\/wp-content\/plugins\/wp-file-download\/app\/admin\/assets\/images\/t.gif","contentUrl":"http:\/\/www.edeeste.com.do\/transparencia\/wp-content\/plugins\/wp-file-download\/app\/admin\/assets\/images\/t.gif"},{"@type":"BreadcrumbList","@id":"https:\/\/portaledeestewp-prod.azurewebsites.net\/transparencia\/index.php\/compras-y-contrataciones\/lista-de-proveedores\/#breadcrumb","itemListElement":[{"@type":"ListItem","position":1,"name":"Inicio","item":"https:\/\/edeeste.com.do\/transparencia\/"},{"@type":"ListItem","position":2,"name":"Compras y Contrataciones","item":"https:\/\/portaledeestewp-prod.azurewebsites.net\/transparencia\/index.php\/compras-y-contrataciones\/"},{"@type":"ListItem","position":3,"name":"Lista de Proveedores"}]},{"@type":"WebSite","@id":"https:\/\/edeeste.com.do\/transparencia\/#website","url":"https:\/\/edeeste.com.do\/transparencia\/","name":"Empresa Distribuidora de Electricidad del Este","description":"Transparencia EDEESTE","publisher":{"@id":"https:\/\/edeeste.com.do\/transparencia\/#organization"},"potentialAction":[{"@type":"SearchAction","target":{"@type":"EntryPoint","urlTemplate":"https:\/\/edeeste.com.do\/transparencia\/?s={search_term_string}"},"query-input":{"@type":"PropertyValueSpecification","valueRequired":true,"valueName":"search_term_string"}}],"inLanguage":"es"},{"@type":"Organization","@id":"https:\/\/edeeste.com.do\/transparencia\/#organization","name":"EDEESTE - Portal de Transparencia Institucional","url":"https:\/\/edeeste.com.do\/transparencia\/","logo":{"@type":"ImageObject","inLanguage":"es","@id":"https:\/\/edeeste.com.do\/transparencia\/#\/schema\/logo\/image\/","url":"\/transparencia\/wp-content\/uploads\/2017\/01\/Logo-EDEEste-Azul-Amarillo.png","contentUrl":"\/transparencia\/wp-content\/uploads\/2017\/01\/Logo-EDEEste-Azul-Amarillo.png","width":2471,"height":1125,"caption":"EDEESTE - Portal de Transparencia Institucional"},"image":{"@id":"https:\/\/edeeste.com.do\/transparencia\/#\/schema\/logo\/image\/"},"sameAs":["https:\/\/www.facebook.com\/EDEEste","https:\/\/x.com\/EdeesteRD"]}]}},"_links":{"self":[{"href":"https:\/\/edeeste.com.do\/transparencia\/index.php\/wp-json\/wp\/v2\/pages\/709"}],"collection":[{"href":"https:\/\/edeeste.com.do\/transparencia\/index.php\/wp-json\/wp\/v2\/pages"}],"about":[{"href":"https:\/\/edeeste.com.do\/transparencia\/index.php\/wp-json\/wp\/v2\/types\/page"}],"author":[{"embeddable":true,"href":"https:\/\/edeeste.com.do\/transparencia\/index.php\/wp-json\/wp\/v2\/users\/1"}],"replies":[{"embeddable":true,"href":"https:\/\/edeeste.com.do\/transparencia\/index.php\/wp-json\/wp\/v2\/comments?post=709"}],"version-history":[{"count":3,"href":"https:\/\/edeeste.com.do\/transparencia\/index.php\/wp-json\/wp\/v2\/pages\/709\/revisions"}],"predecessor-version":[{"id":6539,"href":"https:\/\/edeeste.com.do\/transparencia\/index.php\/wp-json\/wp\/v2\/pages\/709\/revisions\/6539"}],"up":[{"embeddable":true,"href":"https:\/\/edeeste.com.do\/transparencia\/index.php\/wp-json\/wp\/v2\/pages\/54"}],"wp:attachment":[{"href":"https:\/\/edeeste.com.do\/transparencia\/index.php\/wp-json\/wp\/v2\/media?parent=709"}],"curies":[{"name":"wp","href":"https:\/\/api.w.org\/{rel}","templated":true}]}}