{"id":5383,"date":"2018-04-11T14:37:41","date_gmt":"2018-04-11T18:37:41","guid":{"rendered":"https:\/\/www.edeeste.com.do\/transparencia\/?page_id=5383"},"modified":"2026-04-16T12:37:39","modified_gmt":"2026-04-16T16:37:39","slug":"planilla-conformacion","status":"publish","type":"page","link":"https:\/\/edeeste.com.do\/transparencia\/index.php\/comision-etica-publica\/planilla-conformacion\/","title":{"rendered":"Listado de miembros y medios de contacto (tel\u00e9fonos y correos)"},"content":{"rendered":"\t\t<div data-elementor-type=\"wp-post\" data-elementor-id=\"5383\" class=\"elementor elementor-5383\" data-elementor-post-type=\"page\">\n\t\t\t\t\t\t<section class=\"elementor-section elementor-top-section elementor-element elementor-element-4a22f20 elementor-section-boxed elementor-section-height-default elementor-section-height-default\" data-id=\"4a22f20\" data-element_type=\"section\">\n\t\t\t\t\t\t<div class=\"elementor-container elementor-column-gap-default\">\n\t\t\t\t\t<div class=\"elementor-column elementor-col-33 elementor-top-column elementor-element elementor-element-3253c68\" data-id=\"3253c68\" data-element_type=\"column\">\n\t\t\t<div class=\"elementor-widget-wrap elementor-element-populated\">\n\t\t\t\t\t\t<div class=\"elementor-element elementor-element-e9bd508 elementor-widget__width-initial elementor-widget elementor-widget-image\" data-id=\"e9bd508\" data-element_type=\"widget\" data-widget_type=\"image.default\">\n\t\t\t\t<div class=\"elementor-widget-container\">\n\t\t\t\t\t\t\t\t\t\t\t\t\t<img decoding=\"async\" width=\"150\" height=\"150\" src=\"\/transparencia\/wp-content\/uploads\/DIGEIG-1-150x150.png\" class=\"attachment-thumbnail size-thumbnail wp-image-18024\" alt=\"\" srcset=\"\/transparencia\/wp-content\/uploads\/DIGEIG-1-150x150.png 150w, \/transparencia\/wp-content\/uploads\/DIGEIG-1.png 190w\" sizes=\"(max-width: 150px) 100vw, 150px\" \/>\t\t\t\t\t\t\t\t\t\t\t\t\t<\/div>\n\t\t\t\t<\/div>\n\t\t\t\t\t<\/div>\n\t\t<\/div>\n\t\t\t\t<div class=\"elementor-column elementor-col-33 elementor-top-column elementor-element elementor-element-d48f62c\" data-id=\"d48f62c\" data-element_type=\"column\">\n\t\t\t<div class=\"elementor-widget-wrap elementor-element-populated\">\n\t\t\t\t\t\t<div class=\"elementor-element elementor-element-91a41dc elementor-widget__width-initial elementor-widget elementor-widget-image\" data-id=\"91a41dc\" data-element_type=\"widget\" data-widget_type=\"image.default\">\n\t\t\t\t<div class=\"elementor-widget-container\">\n\t\t\t\t\t\t\t\t\t\t\t\t\t<img fetchpriority=\"high\" decoding=\"async\" width=\"640\" height=\"291\" src=\"\/transparencia\/wp-content\/uploads\/Logo-EDEEste-Azul-Amarillo-1-1024x466.png\" class=\"attachment-large size-large wp-image-18029\" alt=\"\" srcset=\"\/transparencia\/wp-content\/uploads\/Logo-EDEEste-Azul-Amarillo-1-1024x466.png 1024w, \/transparencia\/wp-content\/uploads\/Logo-EDEEste-Azul-Amarillo-1-300x137.png 300w, \/transparencia\/wp-content\/uploads\/Logo-EDEEste-Azul-Amarillo-1-768x350.png 768w, \/transparencia\/wp-content\/uploads\/Logo-EDEEste-Azul-Amarillo-1-1536x699.png 1536w, \/transparencia\/wp-content\/uploads\/Logo-EDEEste-Azul-Amarillo-1-2048x932.png 2048w\" sizes=\"(max-width: 640px) 100vw, 640px\" \/>\t\t\t\t\t\t\t\t\t\t\t\t\t<\/div>\n\t\t\t\t<\/div>\n\t\t\t\t\t<\/div>\n\t\t<\/div>\n\t\t\t\t<div class=\"elementor-column elementor-col-33 elementor-top-column elementor-element elementor-element-dc2ea82\" data-id=\"dc2ea82\" data-element_type=\"column\">\n\t\t\t<div class=\"elementor-widget-wrap elementor-element-populated\">\n\t\t\t\t\t\t<div class=\"elementor-element elementor-element-d5a0ee1 elementor-widget elementor-widget-image\" data-id=\"d5a0ee1\" data-element_type=\"widget\" data-widget_type=\"image.default\">\n\t\t\t\t<div class=\"elementor-widget-container\">\n\t\t\t\t\t\t\t\t\t\t\t\t\t<img decoding=\"async\" width=\"476\" height=\"255\" src=\"\/transparencia\/wp-content\/uploads\/Logo-CIGCN_1-476x255-1.png\" class=\"attachment-large size-large wp-image-18025\" alt=\"\" srcset=\"\/transparencia\/wp-content\/uploads\/Logo-CIGCN_1-476x255-1.png 476w, \/transparencia\/wp-content\/uploads\/Logo-CIGCN_1-476x255-1-300x161.png 300w\" sizes=\"(max-width: 476px) 100vw, 476px\" \/>\t\t\t\t\t\t\t\t\t\t\t\t\t<\/div>\n\t\t\t\t<\/div>\n\t\t\t\t\t<\/div>\n\t\t<\/div>\n\t\t\t\t\t<\/div>\n\t\t<\/section>\n\t\t\t\t<section class=\"elementor-section elementor-top-section elementor-element elementor-element-d3ff2b6 elementor-section-boxed elementor-section-height-default elementor-section-height-default\" data-id=\"d3ff2b6\" data-element_type=\"section\">\n\t\t\t\t\t\t<div class=\"elementor-container elementor-column-gap-no\">\n\t\t\t\t\t<div class=\"elementor-column elementor-col-100 elementor-top-column elementor-element elementor-element-398039d\" data-id=\"398039d\" data-element_type=\"column\">\n\t\t\t<div class=\"elementor-widget-wrap elementor-element-populated\">\n\t\t\t\t\t\t<div class=\"elementor-element elementor-element-069294e elementor-widget elementor-widget-heading\" data-id=\"069294e\" data-element_type=\"widget\" data-widget_type=\"heading.default\">\n\t\t\t\t<div class=\"elementor-widget-container\">\n\t\t\t<h2 class=\"elementor-heading-title elementor-size-default\">DATOS GENERALES DE LA INSTITUCI\u00d3N Y MIEMBROS DE COMISI\u00d3N DE INTEGRIDAD Y CUMPLIMIENTO NORMATIVO (CIGCN)<\/h2>\t\t<\/div>\n\t\t\t\t<\/div>\n\t\t\t\t<section class=\"elementor-section elementor-inner-section elementor-element elementor-element-1a4f9cb elementor-section-boxed elementor-section-height-default elementor-section-height-default\" data-id=\"1a4f9cb\" data-element_type=\"section\">\n\t\t\t\t\t\t<div class=\"elementor-container elementor-column-gap-default\">\n\t\t\t\t\t<div class=\"elementor-column elementor-col-50 elementor-inner-column elementor-element elementor-element-9d9c229\" data-id=\"9d9c229\" data-element_type=\"column\">\n\t\t\t<div class=\"elementor-widget-wrap elementor-element-populated\">\n\t\t\t\t\t\t<div class=\"elementor-element elementor-element-60f4c3d elementor-widget elementor-widget-text-editor\" data-id=\"60f4c3d\" data-element_type=\"widget\" data-widget_type=\"text-editor.default\">\n\t\t\t\t<div class=\"elementor-widget-container\">\n\t\t\t\t\t\t\t<p><strong>Instituci\u00f3n:<\/strong> Empresa Distribuidora de Electricidad del Este, S.A.<br \/><strong>Director de la instituci\u00f3n:<\/strong> Ing. Emilio Contreras.<br \/><strong>Cargo del Titular:<\/strong> Gerente\u00a0General. <strong>Cantidad<\/strong><b> de Servidores:<\/b> 2,154<\/p>\t\t\t\t\t\t<\/div>\n\t\t\t\t<\/div>\n\t\t\t\t<div class=\"elementor-element elementor-element-4a66e26 elementor-widget elementor-widget-text-editor\" data-id=\"4a66e26\" data-element_type=\"widget\" data-widget_type=\"text-editor.default\">\n\t\t\t\t<div class=\"elementor-widget-container\">\n\t\t\t\t\t\t\t<p data-pm-slice=\"1 1 []\"><strong>Miembros de la Comisi\u00f3n de Integridad y Cumplimiento Normativo (CIGCN):\u00a0<\/strong><\/p><p>Leidy Tavarez &#8211; Representante del Grupo Ocupacional 1<\/p><p>C\u00e9sar Feliz &#8211; Representante del Grupo Ocupacional 2<\/p><p>Greidys Carreras &#8211; Representante del Grupo Ocupacional 3<\/p><p>Sandro Vargas &#8211; Representante del Grupo Ocupacional 4<\/p><p>Martires Trinidad &#8211; Representante del Grupo Ocupacional 5<\/p>\t\t\t\t\t\t<\/div>\n\t\t\t\t<\/div>\n\t\t\t\t\t<\/div>\n\t\t<\/div>\n\t\t\t\t<div class=\"elementor-column elementor-col-50 elementor-inner-column elementor-element elementor-element-725445a\" data-id=\"725445a\" data-element_type=\"column\">\n\t\t\t<div class=\"elementor-widget-wrap elementor-element-populated\">\n\t\t\t\t\t\t<div class=\"elementor-element elementor-element-713e76d elementor-widget elementor-widget-text-editor\" data-id=\"713e76d\" data-element_type=\"widget\" data-widget_type=\"text-editor.default\">\n\t\t\t\t<div class=\"elementor-widget-container\">\n\t\t\t\t\t\t\t<p><strong>Comisi\u00f3n de Integridad Gubernamental y Cumplimiento Normativo (CICGN). <\/strong><\/p><p><strong>Cantidad de servidores parte de la CIGCN:<\/strong> 5<br \/><strong>Fecha de la Conformaci\u00f3n de la CICGN:<\/strong> 11 de noviembre de 2022<\/p><p><strong>Contacto:<\/strong> 809-788-2373 Ext: 3001 y 3446<\/p>\t\t\t\t\t\t<\/div>\n\t\t\t\t<\/div>\n\t\t\t\t\t<\/div>\n\t\t<\/div>\n\t\t\t\t\t<\/div>\n\t\t<\/section>\n\t\t\t\t<section class=\"elementor-section elementor-inner-section elementor-element elementor-element-c4dfe55 elementor-section-boxed elementor-section-height-default elementor-section-height-default\" data-id=\"c4dfe55\" data-element_type=\"section\">\n\t\t\t\t\t\t<div class=\"elementor-container elementor-column-gap-default\">\n\t\t\t\t\t<div class=\"elementor-column elementor-col-100 elementor-inner-column elementor-element elementor-element-dbc7e28\" data-id=\"dbc7e28\" data-element_type=\"column\">\n\t\t\t<div class=\"elementor-widget-wrap elementor-element-populated\">\n\t\t\t\t\t\t<div class=\"elementor-element elementor-element-2d18593 elementor-widget elementor-widget-text-editor\" data-id=\"2d18593\" data-element_type=\"widget\" data-widget_type=\"text-editor.default\">\n\t\t\t\t<div class=\"elementor-widget-container\">\n\t\t\t\t\t\t\t<p><strong>Tel\u00e9fono:<\/strong> 809-788-2373\u00a0\u00a0<strong>P\u00e1gina Web:<\/strong> www.edeeste.com.do<br \/> <strong>Direcci\u00f3n:<\/strong> Av. San Vicente de Pa\u00fal, Esq. Carretera Mella, Centro Comercial Megacentro, Local 226, Cancino Primero, Municipio Santo Domingo Este, Provincia de Santo Domingo Este, R.D.<\/p>\t\t\t\t\t\t<\/div>\n\t\t\t\t<\/div>\n\t\t\t\t\t<\/div>\n\t\t<\/div>\n\t\t\t\t\t<\/div>\n\t\t<\/section>\n\t\t\t\t\t<\/div>\n\t\t<\/div>\n\t\t\t\t\t<\/div>\n\t\t<\/section>\n\t\t\t\t<\/div>\n\t\t","protected":false},"excerpt":{"rendered":"<p>DATOS GENERALES DE LA INSTITUCI\u00d3N Y MIEMBROS DE COMISI\u00d3N DE INTEGRIDAD Y CUMPLIMIENTO NORMATIVO (CIGCN) Instituci\u00f3n: Empresa Distribuidora de Electricidad del Este, S.A.Director de la instituci\u00f3n: Ing. Emilio Contreras.Cargo del Titular: Gerente\u00a0General. Cantidad de Servidores: 2,154 Miembros de la Comisi\u00f3n de Integridad y Cumplimiento Normativo (CIGCN):\u00a0 Leidy Tavarez &#8211; Representante del Grupo Ocupacional 1 C\u00e9sar [&hellip;]<\/p>\n","protected":false},"author":1,"featured_media":0,"parent":3056,"menu_order":2,"comment_status":"closed","ping_status":"closed","template":"","meta":{"footnotes":""},"class_list":["post-5383","page","type-page","status-publish","hentry"],"yoast_head":"<!-- This site is optimized with the Yoast SEO plugin v23.5 - https:\/\/yoast.com\/wordpress\/plugins\/seo\/ -->\n<title>Listado de miembros y medios de contacto (tel\u00e9fonos y correos) | Empresa Distribuidora de Electricidad del Este<\/title>\n<meta name=\"robots\" content=\"index, follow, max-snippet:-1, max-image-preview:large, max-video-preview:-1\" \/>\n<link rel=\"canonical\" href=\"https:\/\/portaledeestewp-prod.azurewebsites.net\/transparencia\/index.php\/comision-etica-publica\/planilla-conformacion\/\" \/>\n<meta property=\"og:locale\" content=\"es_ES\" \/>\n<meta property=\"og:type\" content=\"article\" \/>\n<meta property=\"og:title\" content=\"Listado de miembros y medios de contacto (tel\u00e9fonos y correos) | Empresa Distribuidora de Electricidad del Este\" \/>\n<meta property=\"og:description\" content=\"DATOS GENERALES DE LA INSTITUCI\u00d3N Y MIEMBROS DE COMISI\u00d3N DE INTEGRIDAD Y CUMPLIMIENTO NORMATIVO (CIGCN) Instituci\u00f3n: Empresa Distribuidora de Electricidad del Este, S.A.Director de la instituci\u00f3n: Ing. Emilio Contreras.Cargo del Titular: Gerente\u00a0General. Cantidad de Servidores: 2,154 Miembros de la Comisi\u00f3n de Integridad y Cumplimiento Normativo (CIGCN):\u00a0 Leidy Tavarez &#8211; Representante del Grupo Ocupacional 1 C\u00e9sar [&hellip;]\" \/>\n<meta property=\"og:url\" content=\"https:\/\/portaledeestewp-prod.azurewebsites.net\/transparencia\/index.php\/comision-etica-publica\/planilla-conformacion\/\" \/>\n<meta property=\"og:site_name\" content=\"Empresa Distribuidora de Electricidad del Este\" \/>\n<meta property=\"article:publisher\" content=\"https:\/\/www.facebook.com\/EDEEste\" \/>\n<meta property=\"article:modified_time\" content=\"2026-04-16T16:37:39+00:00\" \/>\n<meta property=\"og:image\" content=\"https:\/\/edeeste.com.do\/transparencia\/wp-content\/uploads\/2017\/01\/Logo-EDEEste-Azul-Amarillo.png\" \/>\n\t<meta property=\"og:image:width\" content=\"2471\" \/>\n\t<meta property=\"og:image:height\" content=\"1125\" \/>\n\t<meta property=\"og:image:type\" content=\"image\/png\" \/>\n<meta name=\"twitter:card\" content=\"summary_large_image\" \/>\n<meta name=\"twitter:site\" content=\"@EdeesteRD\" \/>\n<meta name=\"twitter:label1\" content=\"Tiempo de lectura\" \/>\n\t<meta name=\"twitter:data1\" content=\"2 minutos\" \/>\n<script type=\"application\/ld+json\" class=\"yoast-schema-graph\">{\"@context\":\"https:\/\/schema.org\",\"@graph\":[{\"@type\":\"WebPage\",\"@id\":\"https:\/\/portaledeestewp-prod.azurewebsites.net\/transparencia\/index.php\/comision-etica-publica\/planilla-conformacion\/\",\"url\":\"https:\/\/portaledeestewp-prod.azurewebsites.net\/transparencia\/index.php\/comision-etica-publica\/planilla-conformacion\/\",\"name\":\"Listado de miembros y medios de contacto (tel\u00e9fonos y correos) | Empresa Distribuidora de Electricidad del Este\",\"isPartOf\":{\"@id\":\"https:\/\/edeeste.com.do\/transparencia\/#website\"},\"datePublished\":\"2018-04-11T18:37:41+00:00\",\"dateModified\":\"2026-04-16T16:37:39+00:00\",\"breadcrumb\":{\"@id\":\"https:\/\/portaledeestewp-prod.azurewebsites.net\/transparencia\/index.php\/comision-etica-publica\/planilla-conformacion\/#breadcrumb\"},\"inLanguage\":\"es\",\"potentialAction\":[{\"@type\":\"ReadAction\",\"target\":[\"https:\/\/portaledeestewp-prod.azurewebsites.net\/transparencia\/index.php\/comision-etica-publica\/planilla-conformacion\/\"]}]},{\"@type\":\"BreadcrumbList\",\"@id\":\"https:\/\/portaledeestewp-prod.azurewebsites.net\/transparencia\/index.php\/comision-etica-publica\/planilla-conformacion\/#breadcrumb\",\"itemListElement\":[{\"@type\":\"ListItem\",\"position\":1,\"name\":\"Inicio\",\"item\":\"https:\/\/edeeste.com.do\/transparencia\/\"},{\"@type\":\"ListItem\",\"position\":2,\"name\":\"Comisi\u00f3n de \u00c9tica\",\"item\":\"https:\/\/edeeste.com.do\/transparencia\/index.php\/comision-etica-publica\/\"},{\"@type\":\"ListItem\",\"position\":3,\"name\":\"Listado de miembros y medios de contacto (tel\u00e9fonos y correos)\"}]},{\"@type\":\"WebSite\",\"@id\":\"https:\/\/edeeste.com.do\/transparencia\/#website\",\"url\":\"https:\/\/edeeste.com.do\/transparencia\/\",\"name\":\"Empresa Distribuidora de Electricidad del Este\",\"description\":\"Transparencia EDEESTE\",\"publisher\":{\"@id\":\"https:\/\/edeeste.com.do\/transparencia\/#organization\"},\"potentialAction\":[{\"@type\":\"SearchAction\",\"target\":{\"@type\":\"EntryPoint\",\"urlTemplate\":\"https:\/\/edeeste.com.do\/transparencia\/?s={search_term_string}\"},\"query-input\":{\"@type\":\"PropertyValueSpecification\",\"valueRequired\":true,\"valueName\":\"search_term_string\"}}],\"inLanguage\":\"es\"},{\"@type\":\"Organization\",\"@id\":\"https:\/\/edeeste.com.do\/transparencia\/#organization\",\"name\":\"EDEESTE - Portal de Transparencia Institucional\",\"url\":\"https:\/\/edeeste.com.do\/transparencia\/\",\"logo\":{\"@type\":\"ImageObject\",\"inLanguage\":\"es\",\"@id\":\"https:\/\/edeeste.com.do\/transparencia\/#\/schema\/logo\/image\/\",\"url\":\"\/transparencia\/wp-content\/uploads\/2017\/01\/Logo-EDEEste-Azul-Amarillo.png\",\"contentUrl\":\"\/transparencia\/wp-content\/uploads\/2017\/01\/Logo-EDEEste-Azul-Amarillo.png\",\"width\":2471,\"height\":1125,\"caption\":\"EDEESTE - Portal de Transparencia Institucional\"},\"image\":{\"@id\":\"https:\/\/edeeste.com.do\/transparencia\/#\/schema\/logo\/image\/\"},\"sameAs\":[\"https:\/\/www.facebook.com\/EDEEste\",\"https:\/\/x.com\/EdeesteRD\"]}]}<\/script>\n<!-- \/ Yoast SEO plugin. -->","yoast_head_json":{"title":"Listado de miembros y medios de contacto (tel\u00e9fonos y correos) | Empresa Distribuidora de Electricidad del Este","robots":{"index":"index","follow":"follow","max-snippet":"max-snippet:-1","max-image-preview":"max-image-preview:large","max-video-preview":"max-video-preview:-1"},"canonical":"https:\/\/portaledeestewp-prod.azurewebsites.net\/transparencia\/index.php\/comision-etica-publica\/planilla-conformacion\/","og_locale":"es_ES","og_type":"article","og_title":"Listado de miembros y medios de contacto (tel\u00e9fonos y correos) | Empresa Distribuidora de Electricidad del Este","og_description":"DATOS GENERALES DE LA INSTITUCI\u00d3N Y MIEMBROS DE COMISI\u00d3N DE INTEGRIDAD Y CUMPLIMIENTO NORMATIVO (CIGCN) Instituci\u00f3n: Empresa Distribuidora de Electricidad del Este, S.A.Director de la instituci\u00f3n: Ing. Emilio Contreras.Cargo del Titular: Gerente\u00a0General. Cantidad de Servidores: 2,154 Miembros de la Comisi\u00f3n de Integridad y Cumplimiento Normativo (CIGCN):\u00a0 Leidy Tavarez &#8211; Representante del Grupo Ocupacional 1 C\u00e9sar [&hellip;]","og_url":"https:\/\/portaledeestewp-prod.azurewebsites.net\/transparencia\/index.php\/comision-etica-publica\/planilla-conformacion\/","og_site_name":"Empresa Distribuidora de Electricidad del Este","article_publisher":"https:\/\/www.facebook.com\/EDEEste","article_modified_time":"2026-04-16T16:37:39+00:00","og_image":[{"width":2471,"height":1125,"url":"https:\/\/edeeste.com.do\/transparencia\/wp-content\/uploads\/2017\/01\/Logo-EDEEste-Azul-Amarillo.png","type":"image\/png"}],"twitter_card":"summary_large_image","twitter_site":"@EdeesteRD","twitter_misc":{"Tiempo de lectura":"2 minutos"},"schema":{"@context":"https:\/\/schema.org","@graph":[{"@type":"WebPage","@id":"https:\/\/portaledeestewp-prod.azurewebsites.net\/transparencia\/index.php\/comision-etica-publica\/planilla-conformacion\/","url":"https:\/\/portaledeestewp-prod.azurewebsites.net\/transparencia\/index.php\/comision-etica-publica\/planilla-conformacion\/","name":"Listado de miembros y medios de contacto (tel\u00e9fonos y correos) | Empresa Distribuidora de Electricidad del Este","isPartOf":{"@id":"https:\/\/edeeste.com.do\/transparencia\/#website"},"datePublished":"2018-04-11T18:37:41+00:00","dateModified":"2026-04-16T16:37:39+00:00","breadcrumb":{"@id":"https:\/\/portaledeestewp-prod.azurewebsites.net\/transparencia\/index.php\/comision-etica-publica\/planilla-conformacion\/#breadcrumb"},"inLanguage":"es","potentialAction":[{"@type":"ReadAction","target":["https:\/\/portaledeestewp-prod.azurewebsites.net\/transparencia\/index.php\/comision-etica-publica\/planilla-conformacion\/"]}]},{"@type":"BreadcrumbList","@id":"https:\/\/portaledeestewp-prod.azurewebsites.net\/transparencia\/index.php\/comision-etica-publica\/planilla-conformacion\/#breadcrumb","itemListElement":[{"@type":"ListItem","position":1,"name":"Inicio","item":"https:\/\/edeeste.com.do\/transparencia\/"},{"@type":"ListItem","position":2,"name":"Comisi\u00f3n de \u00c9tica","item":"https:\/\/edeeste.com.do\/transparencia\/index.php\/comision-etica-publica\/"},{"@type":"ListItem","position":3,"name":"Listado de miembros y medios de contacto (tel\u00e9fonos y correos)"}]},{"@type":"WebSite","@id":"https:\/\/edeeste.com.do\/transparencia\/#website","url":"https:\/\/edeeste.com.do\/transparencia\/","name":"Empresa Distribuidora de Electricidad del Este","description":"Transparencia EDEESTE","publisher":{"@id":"https:\/\/edeeste.com.do\/transparencia\/#organization"},"potentialAction":[{"@type":"SearchAction","target":{"@type":"EntryPoint","urlTemplate":"https:\/\/edeeste.com.do\/transparencia\/?s={search_term_string}"},"query-input":{"@type":"PropertyValueSpecification","valueRequired":true,"valueName":"search_term_string"}}],"inLanguage":"es"},{"@type":"Organization","@id":"https:\/\/edeeste.com.do\/transparencia\/#organization","name":"EDEESTE - Portal de Transparencia Institucional","url":"https:\/\/edeeste.com.do\/transparencia\/","logo":{"@type":"ImageObject","inLanguage":"es","@id":"https:\/\/edeeste.com.do\/transparencia\/#\/schema\/logo\/image\/","url":"\/transparencia\/wp-content\/uploads\/2017\/01\/Logo-EDEEste-Azul-Amarillo.png","contentUrl":"\/transparencia\/wp-content\/uploads\/2017\/01\/Logo-EDEEste-Azul-Amarillo.png","width":2471,"height":1125,"caption":"EDEESTE - Portal de Transparencia Institucional"},"image":{"@id":"https:\/\/edeeste.com.do\/transparencia\/#\/schema\/logo\/image\/"},"sameAs":["https:\/\/www.facebook.com\/EDEEste","https:\/\/x.com\/EdeesteRD"]}]}},"_links":{"self":[{"href":"https:\/\/edeeste.com.do\/transparencia\/index.php\/wp-json\/wp\/v2\/pages\/5383"}],"collection":[{"href":"https:\/\/edeeste.com.do\/transparencia\/index.php\/wp-json\/wp\/v2\/pages"}],"about":[{"href":"https:\/\/edeeste.com.do\/transparencia\/index.php\/wp-json\/wp\/v2\/types\/page"}],"author":[{"embeddable":true,"href":"https:\/\/edeeste.com.do\/transparencia\/index.php\/wp-json\/wp\/v2\/users\/1"}],"replies":[{"embeddable":true,"href":"https:\/\/edeeste.com.do\/transparencia\/index.php\/wp-json\/wp\/v2\/comments?post=5383"}],"version-history":[{"count":56,"href":"https:\/\/edeeste.com.do\/transparencia\/index.php\/wp-json\/wp\/v2\/pages\/5383\/revisions"}],"predecessor-version":[{"id":18032,"href":"https:\/\/edeeste.com.do\/transparencia\/index.php\/wp-json\/wp\/v2\/pages\/5383\/revisions\/18032"}],"up":[{"embeddable":true,"href":"https:\/\/edeeste.com.do\/transparencia\/index.php\/wp-json\/wp\/v2\/pages\/3056"}],"wp:attachment":[{"href":"https:\/\/edeeste.com.do\/transparencia\/index.php\/wp-json\/wp\/v2\/media?parent=5383"}],"curies":[{"name":"wp","href":"https:\/\/api.w.org\/{rel}","templated":true}]}}