{"id":5368,"date":"2018-04-11T13:54:46","date_gmt":"2018-04-11T17:54:46","guid":{"rendered":"https:\/\/www.edeeste.com.do\/transparencia\/?page_id=5368"},"modified":"2023-10-21T16:01:03","modified_gmt":"2023-10-21T20:01:03","slug":"informacion-general","status":"publish","type":"page","link":"https:\/\/edeeste.com.do\/transparencia\/index.php\/comision-etica-publica\/informacion-general\/","title":{"rendered":"Informaci\u00f3n General"},"content":{"rendered":"\t\t<div data-elementor-type=\"wp-post\" data-elementor-id=\"5368\" class=\"elementor elementor-5368\" data-elementor-post-type=\"page\">\n\t\t\t\t\t\t<section class=\"elementor-section elementor-top-section elementor-element elementor-element-e03e05c elementor-section-boxed elementor-section-height-default elementor-section-height-default\" data-id=\"e03e05c\" data-element_type=\"section\">\n\t\t\t\t\t\t<div class=\"elementor-container elementor-column-gap-default\">\n\t\t\t\t\t<div class=\"elementor-column elementor-col-100 elementor-top-column elementor-element elementor-element-fa287cd\" data-id=\"fa287cd\" data-element_type=\"column\">\n\t\t\t<div class=\"elementor-widget-wrap elementor-element-populated\">\n\t\t\t\t\t\t<div class=\"elementor-element elementor-element-f8d4e5e elementor-widget elementor-widget-heading\" data-id=\"f8d4e5e\" data-element_type=\"widget\" data-widget_type=\"heading.default\">\n\t\t\t\t<div class=\"elementor-widget-container\">\n\t\t\t<h2 class=\"elementor-heading-title elementor-size-default\">PRESENTACI\u00d3N DE LA COMISI\u00d3N<\/h2>\t\t<\/div>\n\t\t\t\t<\/div>\n\t\t\t\t<div class=\"elementor-element elementor-element-0e5abb1 elementor-widget elementor-widget-text-editor\" data-id=\"0e5abb1\" data-element_type=\"widget\" data-widget_type=\"text-editor.default\">\n\t\t\t\t<div class=\"elementor-widget-container\">\n\t\t\t\t\t\t\t<p>Es un \u00f3rgano plural de servidores p\u00fablicos, con representaci\u00f3n de todos los grupos ocupacionales presentes en la Administraci\u00f3n P\u00fablica, con el objeto de promover la institucionalizaci\u00f3n de la \u00e9tica y el est\u00edmulo de conductas \u00edntegras en el servidor p\u00fablico, vigilar el cumplimiento del C\u00f3digo de \u00c9tica y Conducta de los Servidores P\u00fablicos, as\u00ed como fungir de \u00f3rgano operativo para la estandarizaci\u00f3n de programas y pol\u00edticas de cumplimiento normativo, prevenci\u00f3n de riesgo, antisoborno y manejo de herramientas de integridad gubernamental para as\u00ed prevenir los actos de corrupci\u00f3n y conflictos de intereses en la Administraci\u00f3n P\u00fablica, garantizar el principio de buen gobierno, de la buena administraci\u00f3n y el acceso a la informaci\u00f3n p\u00fablica.<\/p>\t\t\t\t\t\t<\/div>\n\t\t\t\t<\/div>\n\t\t\t\t\t<\/div>\n\t\t<\/div>\n\t\t\t\t\t<\/div>\n\t\t<\/section>\n\t\t\t\t<section class=\"elementor-section elementor-top-section elementor-element elementor-element-6d29c22 elementor-section-boxed elementor-section-height-default elementor-section-height-default\" data-id=\"6d29c22\" data-element_type=\"section\">\n\t\t\t\t\t\t<div class=\"elementor-container elementor-column-gap-default\">\n\t\t\t\t\t<div class=\"elementor-column elementor-col-100 elementor-top-column elementor-element elementor-element-a8eb229\" data-id=\"a8eb229\" data-element_type=\"column\">\n\t\t\t<div class=\"elementor-widget-wrap elementor-element-populated\">\n\t\t\t\t\t\t<div class=\"elementor-element elementor-element-d0c0ad2 elementor-widget elementor-widget-heading\" data-id=\"d0c0ad2\" data-element_type=\"widget\" data-widget_type=\"heading.default\">\n\t\t\t\t<div class=\"elementor-widget-container\">\n\t\t\t<h2 class=\"elementor-heading-title elementor-size-default\">CONFORMACI\u00d3N<\/h2>\t\t<\/div>\n\t\t\t\t<\/div>\n\t\t\t\t<div class=\"elementor-element elementor-element-798a148 elementor-widget elementor-widget-text-editor\" data-id=\"798a148\" data-element_type=\"widget\" data-widget_type=\"text-editor.default\">\n\t\t\t\t<div class=\"elementor-widget-container\">\n\t\t\t\t\t\t\t<p><strong>Conformaci\u00f3n de las Comisiones de Integridad Gubernamental y<br \/>Cumplimiento Normativo (CIGCN).<\/strong><\/p><p>Estar\u00e1n conformadas por un (1) representante de cada grupo ocupacional, elegido por sus pares, por un per\u00edodo de tres (3) a\u00f1os, con derecho a voz y voto.<\/p><p>Los servidores habilitados tendr\u00e1n derecho a postularse o, en todo caso, a votar para las siguientes representaciones:<\/p><p><br \/>a. Un (1) servidor p\u00fablico del grupo ocupacional 1.<br \/>b. Un (1) servidor p\u00fablico del grupo ocupacional 2.<br \/>c. Un (1) servidor p\u00fablico del grupo ocupacional 3.<br \/>d. Un (1) servidor p\u00fablico del grupo ocupacional 4.<br \/>e. Un (1) servidor p\u00fablico del grupo ocupacional 5.<\/p><p><strong>Conformaci\u00f3n de los cuerpos t\u00e9cnicos de las Comisiones de Integridad<br \/>Gubernamental y Cumplimiento Normativo (CIGCN).<\/strong><\/p><p>Los integrantes del cuerpo t\u00e9cnico interno ser\u00e1n miembros de oficio por sus funciones y naturaleza en cada instituci\u00f3n, con voz y voto en los asuntos de su competencia.<\/p><p>Estar\u00e1 conformado por:<\/p><ul><li>El responsable de Acceso a la Informaci\u00f3n, quien fungir\u00e1 como coordinador ejecutivo.<\/li><li>El responsable de Presupuesto, quien fungir\u00e1 como veedor de la ejecuci\u00f3n financiera.<\/li><li>El responsable de Registro de Contratos, quien fungir\u00e1 como veedor de la ejecuci\u00f3n,<br \/>obligaciones, compromisos contractuales y de cumplimiento normativo, as\u00ed como de la n\u00f3mina p\u00fablica.<\/li><li>El responsable de Activo Fijo, quien fungir\u00e1 como veedor de la recepci\u00f3n e inventario de todos los bienes y servicios contratados, as\u00ed como de la buena gesti\u00f3n del almac\u00e9n.<\/li><\/ul><p><strong>Disposiciones generales<\/strong><\/p><p>Se instruye a la DIGEIG a elaborar un programa para establecer un Sistema Nacional de Integridad que estandarice pol\u00edticas p\u00fablicas en materia de c\u00f3digos de \u00e9tica institucional, medidas de gesti\u00f3n de riesgo, anticorrupci\u00f3n, administraci\u00f3n de buzones de denuncia, entre otras herramientas e instrumentos que permitan la prevenci\u00f3n de la corrupci\u00f3n.<\/p>\t\t\t\t\t\t<\/div>\n\t\t\t\t<\/div>\n\t\t\t\t\t<\/div>\n\t\t<\/div>\n\t\t\t\t\t<\/div>\n\t\t<\/section>\n\t\t\t\t<\/div>\n\t\t","protected":false},"excerpt":{"rendered":"<p>PRESENTACI\u00d3N DE LA COMISI\u00d3N Es un \u00f3rgano plural de servidores p\u00fablicos, con representaci\u00f3n de todos los grupos ocupacionales presentes en la Administraci\u00f3n P\u00fablica, con el objeto de promover la institucionalizaci\u00f3n de la \u00e9tica y el est\u00edmulo de conductas \u00edntegras en el servidor p\u00fablico, vigilar el cumplimiento del C\u00f3digo de \u00c9tica y Conducta de los Servidores [&hellip;]<\/p>\n","protected":false},"author":1,"featured_media":0,"parent":3056,"menu_order":1,"comment_status":"closed","ping_status":"closed","template":"","meta":{"footnotes":""},"class_list":["post-5368","page","type-page","status-publish","hentry"],"yoast_head":"<!-- This site is optimized with the Yoast SEO plugin v23.5 - https:\/\/yoast.com\/wordpress\/plugins\/seo\/ -->\n<title>Informaci\u00f3n General | Empresa Distribuidora de Electricidad del Este<\/title>\n<meta name=\"robots\" content=\"index, follow, max-snippet:-1, max-image-preview:large, max-video-preview:-1\" \/>\n<link rel=\"canonical\" href=\"https:\/\/edeeste.com.do\/transparencia\/index.php\/comision-etica-publica\/informacion-general\/\" \/>\n<meta property=\"og:locale\" content=\"es_ES\" \/>\n<meta property=\"og:type\" content=\"article\" \/>\n<meta property=\"og:title\" content=\"Informaci\u00f3n General | Empresa Distribuidora de Electricidad del Este\" \/>\n<meta property=\"og:description\" content=\"PRESENTACI\u00d3N DE LA COMISI\u00d3N Es un \u00f3rgano plural de servidores p\u00fablicos, con representaci\u00f3n de todos los grupos ocupacionales presentes en la Administraci\u00f3n P\u00fablica, con el objeto de promover la institucionalizaci\u00f3n de la \u00e9tica y el est\u00edmulo de conductas \u00edntegras en el servidor p\u00fablico, vigilar el cumplimiento del C\u00f3digo de \u00c9tica y Conducta de los Servidores [&hellip;]\" \/>\n<meta property=\"og:url\" content=\"https:\/\/edeeste.com.do\/transparencia\/index.php\/comision-etica-publica\/informacion-general\/\" \/>\n<meta property=\"og:site_name\" content=\"Empresa Distribuidora de Electricidad del Este\" \/>\n<meta property=\"article:publisher\" content=\"https:\/\/www.facebook.com\/EDEEste\" \/>\n<meta property=\"article:modified_time\" content=\"2023-10-21T20:01:03+00:00\" \/>\n<meta property=\"og:image\" content=\"https:\/\/edeeste.com.do\/transparencia\/wp-content\/uploads\/2017\/01\/Logo-EDEEste-Azul-Amarillo.png\" \/>\n\t<meta property=\"og:image:width\" content=\"2471\" \/>\n\t<meta property=\"og:image:height\" content=\"1125\" \/>\n\t<meta property=\"og:image:type\" content=\"image\/png\" \/>\n<meta name=\"twitter:card\" content=\"summary_large_image\" \/>\n<meta name=\"twitter:site\" content=\"@EdeesteRD\" \/>\n<meta name=\"twitter:label1\" content=\"Tiempo de lectura\" \/>\n\t<meta name=\"twitter:data1\" content=\"2 minutos\" \/>\n<script type=\"application\/ld+json\" class=\"yoast-schema-graph\">{\"@context\":\"https:\/\/schema.org\",\"@graph\":[{\"@type\":\"WebPage\",\"@id\":\"https:\/\/edeeste.com.do\/transparencia\/index.php\/comision-etica-publica\/informacion-general\/\",\"url\":\"https:\/\/edeeste.com.do\/transparencia\/index.php\/comision-etica-publica\/informacion-general\/\",\"name\":\"Informaci\u00f3n General | Empresa Distribuidora de Electricidad del Este\",\"isPartOf\":{\"@id\":\"https:\/\/edeeste.com.do\/transparencia\/#website\"},\"datePublished\":\"2018-04-11T17:54:46+00:00\",\"dateModified\":\"2023-10-21T20:01:03+00:00\",\"breadcrumb\":{\"@id\":\"https:\/\/edeeste.com.do\/transparencia\/index.php\/comision-etica-publica\/informacion-general\/#breadcrumb\"},\"inLanguage\":\"es\",\"potentialAction\":[{\"@type\":\"ReadAction\",\"target\":[\"https:\/\/edeeste.com.do\/transparencia\/index.php\/comision-etica-publica\/informacion-general\/\"]}]},{\"@type\":\"BreadcrumbList\",\"@id\":\"https:\/\/edeeste.com.do\/transparencia\/index.php\/comision-etica-publica\/informacion-general\/#breadcrumb\",\"itemListElement\":[{\"@type\":\"ListItem\",\"position\":1,\"name\":\"Inicio\",\"item\":\"https:\/\/edeeste.com.do\/transparencia\/\"},{\"@type\":\"ListItem\",\"position\":2,\"name\":\"Comisi\u00f3n de \u00c9tica\",\"item\":\"https:\/\/edeeste.com.do\/transparencia\/index.php\/comision-etica-publica\/\"},{\"@type\":\"ListItem\",\"position\":3,\"name\":\"Informaci\u00f3n General\"}]},{\"@type\":\"WebSite\",\"@id\":\"https:\/\/edeeste.com.do\/transparencia\/#website\",\"url\":\"https:\/\/edeeste.com.do\/transparencia\/\",\"name\":\"Empresa Distribuidora de Electricidad del Este\",\"description\":\"Transparencia EDEESTE\",\"publisher\":{\"@id\":\"https:\/\/edeeste.com.do\/transparencia\/#organization\"},\"potentialAction\":[{\"@type\":\"SearchAction\",\"target\":{\"@type\":\"EntryPoint\",\"urlTemplate\":\"https:\/\/edeeste.com.do\/transparencia\/?s={search_term_string}\"},\"query-input\":{\"@type\":\"PropertyValueSpecification\",\"valueRequired\":true,\"valueName\":\"search_term_string\"}}],\"inLanguage\":\"es\"},{\"@type\":\"Organization\",\"@id\":\"https:\/\/edeeste.com.do\/transparencia\/#organization\",\"name\":\"EDEESTE - Portal de Transparencia Institucional\",\"url\":\"https:\/\/edeeste.com.do\/transparencia\/\",\"logo\":{\"@type\":\"ImageObject\",\"inLanguage\":\"es\",\"@id\":\"https:\/\/edeeste.com.do\/transparencia\/#\/schema\/logo\/image\/\",\"url\":\"\/transparencia\/wp-content\/uploads\/2017\/01\/Logo-EDEEste-Azul-Amarillo.png\",\"contentUrl\":\"\/transparencia\/wp-content\/uploads\/2017\/01\/Logo-EDEEste-Azul-Amarillo.png\",\"width\":2471,\"height\":1125,\"caption\":\"EDEESTE - Portal de Transparencia Institucional\"},\"image\":{\"@id\":\"https:\/\/edeeste.com.do\/transparencia\/#\/schema\/logo\/image\/\"},\"sameAs\":[\"https:\/\/www.facebook.com\/EDEEste\",\"https:\/\/x.com\/EdeesteRD\"]}]}<\/script>\n<!-- \/ Yoast SEO plugin. -->","yoast_head_json":{"title":"Informaci\u00f3n General | Empresa Distribuidora de Electricidad del Este","robots":{"index":"index","follow":"follow","max-snippet":"max-snippet:-1","max-image-preview":"max-image-preview:large","max-video-preview":"max-video-preview:-1"},"canonical":"https:\/\/edeeste.com.do\/transparencia\/index.php\/comision-etica-publica\/informacion-general\/","og_locale":"es_ES","og_type":"article","og_title":"Informaci\u00f3n General | Empresa Distribuidora de Electricidad del Este","og_description":"PRESENTACI\u00d3N DE LA COMISI\u00d3N Es un \u00f3rgano plural de servidores p\u00fablicos, con representaci\u00f3n de todos los grupos ocupacionales presentes en la Administraci\u00f3n P\u00fablica, con el objeto de promover la institucionalizaci\u00f3n de la \u00e9tica y el est\u00edmulo de conductas \u00edntegras en el servidor p\u00fablico, vigilar el cumplimiento del C\u00f3digo de \u00c9tica y Conducta de los Servidores [&hellip;]","og_url":"https:\/\/edeeste.com.do\/transparencia\/index.php\/comision-etica-publica\/informacion-general\/","og_site_name":"Empresa Distribuidora de Electricidad del Este","article_publisher":"https:\/\/www.facebook.com\/EDEEste","article_modified_time":"2023-10-21T20:01:03+00:00","og_image":[{"width":2471,"height":1125,"url":"https:\/\/edeeste.com.do\/transparencia\/wp-content\/uploads\/2017\/01\/Logo-EDEEste-Azul-Amarillo.png","type":"image\/png"}],"twitter_card":"summary_large_image","twitter_site":"@EdeesteRD","twitter_misc":{"Tiempo de lectura":"2 minutos"},"schema":{"@context":"https:\/\/schema.org","@graph":[{"@type":"WebPage","@id":"https:\/\/edeeste.com.do\/transparencia\/index.php\/comision-etica-publica\/informacion-general\/","url":"https:\/\/edeeste.com.do\/transparencia\/index.php\/comision-etica-publica\/informacion-general\/","name":"Informaci\u00f3n General | Empresa Distribuidora de Electricidad del Este","isPartOf":{"@id":"https:\/\/edeeste.com.do\/transparencia\/#website"},"datePublished":"2018-04-11T17:54:46+00:00","dateModified":"2023-10-21T20:01:03+00:00","breadcrumb":{"@id":"https:\/\/edeeste.com.do\/transparencia\/index.php\/comision-etica-publica\/informacion-general\/#breadcrumb"},"inLanguage":"es","potentialAction":[{"@type":"ReadAction","target":["https:\/\/edeeste.com.do\/transparencia\/index.php\/comision-etica-publica\/informacion-general\/"]}]},{"@type":"BreadcrumbList","@id":"https:\/\/edeeste.com.do\/transparencia\/index.php\/comision-etica-publica\/informacion-general\/#breadcrumb","itemListElement":[{"@type":"ListItem","position":1,"name":"Inicio","item":"https:\/\/edeeste.com.do\/transparencia\/"},{"@type":"ListItem","position":2,"name":"Comisi\u00f3n de \u00c9tica","item":"https:\/\/edeeste.com.do\/transparencia\/index.php\/comision-etica-publica\/"},{"@type":"ListItem","position":3,"name":"Informaci\u00f3n General"}]},{"@type":"WebSite","@id":"https:\/\/edeeste.com.do\/transparencia\/#website","url":"https:\/\/edeeste.com.do\/transparencia\/","name":"Empresa Distribuidora de Electricidad del Este","description":"Transparencia EDEESTE","publisher":{"@id":"https:\/\/edeeste.com.do\/transparencia\/#organization"},"potentialAction":[{"@type":"SearchAction","target":{"@type":"EntryPoint","urlTemplate":"https:\/\/edeeste.com.do\/transparencia\/?s={search_term_string}"},"query-input":{"@type":"PropertyValueSpecification","valueRequired":true,"valueName":"search_term_string"}}],"inLanguage":"es"},{"@type":"Organization","@id":"https:\/\/edeeste.com.do\/transparencia\/#organization","name":"EDEESTE - Portal de Transparencia Institucional","url":"https:\/\/edeeste.com.do\/transparencia\/","logo":{"@type":"ImageObject","inLanguage":"es","@id":"https:\/\/edeeste.com.do\/transparencia\/#\/schema\/logo\/image\/","url":"\/transparencia\/wp-content\/uploads\/2017\/01\/Logo-EDEEste-Azul-Amarillo.png","contentUrl":"\/transparencia\/wp-content\/uploads\/2017\/01\/Logo-EDEEste-Azul-Amarillo.png","width":2471,"height":1125,"caption":"EDEESTE - Portal de Transparencia Institucional"},"image":{"@id":"https:\/\/edeeste.com.do\/transparencia\/#\/schema\/logo\/image\/"},"sameAs":["https:\/\/www.facebook.com\/EDEEste","https:\/\/x.com\/EdeesteRD"]}]}},"_links":{"self":[{"href":"https:\/\/edeeste.com.do\/transparencia\/index.php\/wp-json\/wp\/v2\/pages\/5368"}],"collection":[{"href":"https:\/\/edeeste.com.do\/transparencia\/index.php\/wp-json\/wp\/v2\/pages"}],"about":[{"href":"https:\/\/edeeste.com.do\/transparencia\/index.php\/wp-json\/wp\/v2\/types\/page"}],"author":[{"embeddable":true,"href":"https:\/\/edeeste.com.do\/transparencia\/index.php\/wp-json\/wp\/v2\/users\/1"}],"replies":[{"embeddable":true,"href":"https:\/\/edeeste.com.do\/transparencia\/index.php\/wp-json\/wp\/v2\/comments?post=5368"}],"version-history":[{"count":12,"href":"https:\/\/edeeste.com.do\/transparencia\/index.php\/wp-json\/wp\/v2\/pages\/5368\/revisions"}],"predecessor-version":[{"id":15023,"href":"https:\/\/edeeste.com.do\/transparencia\/index.php\/wp-json\/wp\/v2\/pages\/5368\/revisions\/15023"}],"up":[{"embeddable":true,"href":"https:\/\/edeeste.com.do\/transparencia\/index.php\/wp-json\/wp\/v2\/pages\/3056"}],"wp:attachment":[{"href":"https:\/\/edeeste.com.do\/transparencia\/index.php\/wp-json\/wp\/v2\/media?parent=5368"}],"curies":[{"name":"wp","href":"https:\/\/api.w.org\/{rel}","templated":true}]}}