{"id":52,"date":"2016-08-08T17:57:13","date_gmt":"2016-08-08T17:57:13","guid":{"rendered":"http:\/\/localhost:4001\/transparencia\/?page_id=52"},"modified":"2025-01-13T11:02:45","modified_gmt":"2025-01-13T15:02:45","slug":"vacantes","status":"publish","type":"page","link":"https:\/\/edeeste.com.do\/transparencia\/index.php\/recursos-humanos\/vacantes\/","title":{"rendered":"Vacantes"},"content":{"rendered":"\t\t<div data-elementor-type=\"wp-page\" data-elementor-id=\"52\" class=\"elementor elementor-52\" data-elementor-post-type=\"page\">\n\t\t\t\t\t\t<section class=\"elementor-section elementor-top-section elementor-element elementor-element-25be82c3 elementor-section-boxed elementor-section-height-default elementor-section-height-default\" data-id=\"25be82c3\" data-element_type=\"section\">\n\t\t\t\t\t\t<div class=\"elementor-container elementor-column-gap-no\">\n\t\t\t\t\t<div class=\"elementor-column elementor-col-100 elementor-top-column elementor-element elementor-element-5f6fbc38\" data-id=\"5f6fbc38\" data-element_type=\"column\">\n\t\t\t<div class=\"elementor-widget-wrap elementor-element-populated\">\n\t\t\t\t\t\t<div class=\"elementor-element elementor-element-1ea6e4b9 elementor-widget elementor-widget-text-editor\" data-id=\"1ea6e4b9\" data-element_type=\"widget\" data-widget_type=\"text-editor.default\">\n\t\t\t\t<div class=\"elementor-widget-container\">\n\t\t\t\t\t\t\t<p><span style=\"color: #000000;\">Somos una organizaci\u00f3n din\u00e1mica con prestigio y credibilidad, que tiene como caracter\u00edstica desarrollar sus funciones con gente \u00e9tica y profesional, que permanentemente aplica iniciativas para tener y consolidar un equipo competitivo y altamente productivo.<\/span><\/p><p><span style=\"color: #000000;\">A continuaci\u00f3n, los pasos que la Empresa Distribuidora de Electricidad del Este, S.A. (EDEEste), tiene establecidos para el proceso de Reclutamiento y Selecci\u00f3n de su personal:<\/span><\/p><ul><li><span style=\"color: #000000;\">Cuando se genera una vacante, se procede a realizar un Concurso Interno dando prioridad a los colaboradores que deseen\u00a0participar en la misma.<\/span><\/li><li><span style=\"color: #000000;\">Si dentro de nuestros empleados no hay candidatos o candidatas que cumplan con lo requerido para el puesto, se procede a\u00a0\u00a0considerar a los candidatos externos a trav\u00e9s de nuestra \u00e1rea de\u00a0Reclutamiento y Selecci\u00f3n.<\/span><\/li><li><span style=\"color: #000000;\">El \u00e1rea de Reclutamiento y Selecci\u00f3n de la empresa capta candidatos\u00a0 o candidatas a trav\u00e9s de diferentes medios y presenta a los gerentes que poseen la vacante una terna con los candidatos\u00a0que cumplen con el perfil del puesto, mediante un resumen de indicadores puntuales desarrollados a trav\u00e9s de entrevista por competencia.<\/span><\/li><li><span style=\"color: #000000;\">El supervisor procede a entrevistar los candidatos y\u00a0les aplica una prueba t\u00e9cnica en el \u00e1rea y selecciona al candidato que m\u00e1s\u00a0se acerque al perfil requerido.<\/span><\/li><\/ul><p><span style=\"color: #000000;\">Como empleado de EDEEste, podr\u00e1 formar parte de un equipo que act\u00faa apegado a sus valores corporativos y procura un clima laboral proactivo, eficaz, competente y productivo.<\/span><\/p><p>\u00a0<\/p>\t\t\t\t\t\t<\/div>\n\t\t\t\t<\/div>\n\t\t\t\t\t<\/div>\n\t\t<\/div>\n\t\t\t\t\t<\/div>\n\t\t<\/section>\n\t\t\t\t<section class=\"elementor-section elementor-top-section elementor-element elementor-element-ec64b5c elementor-section-boxed elementor-section-height-default elementor-section-height-default\" data-id=\"ec64b5c\" data-element_type=\"section\">\n\t\t\t\t\t\t<div class=\"elementor-container elementor-column-gap-no\">\n\t\t\t\t\t<div class=\"elementor-column elementor-col-100 elementor-top-column elementor-element elementor-element-94d1456\" data-id=\"94d1456\" data-element_type=\"column\">\n\t\t\t<div class=\"elementor-widget-wrap elementor-element-populated\">\n\t\t\t\t\t\t<div class=\"elementor-element elementor-element-c6cb6c0 elementor-widget elementor-widget-text-editor\" data-id=\"c6cb6c0\" data-element_type=\"widget\" data-widget_type=\"text-editor.default\">\n\t\t\t\t<div class=\"elementor-widget-container\">\n\t\t\t\t\t\t\t<p>Si desea ser considerado en una de las vacantes que regularmente tiene disponible la empresa, complete y env\u00ede el formulario siguiente:\u00a0<\/p>\t\t\t\t\t\t<\/div>\n\t\t\t\t<\/div>\n\t\t\t\t<div class=\"elementor-element elementor-element-521b885 elementor-widget elementor-widget-button\" data-id=\"521b885\" data-element_type=\"widget\" data-widget_type=\"button.default\">\n\t\t\t\t<div class=\"elementor-widget-container\">\n\t\t\t\t\t<div class=\"elementor-button-wrapper\">\n\t\t\t<a class=\"elementor-button elementor-button-link elementor-size-sm\" href=\"https:\/\/empleo.edeeste.com.do:8340\/wforms\/wfrmsolicitudempleo.aspx\" target=\"_blank\">\n\t\t\t\t\t\t<span class=\"elementor-button-content-wrapper\">\n\t\t\t\t\t\t\t\t\t<span class=\"elementor-button-text\">Completar Formulario de Solicitud<\/span>\n\t\t\t\t\t<\/span>\n\t\t\t\t\t<\/a>\n\t\t<\/div>\n\t\t\t\t<\/div>\n\t\t\t\t<\/div>\n\t\t\t\t\t<\/div>\n\t\t<\/div>\n\t\t\t\t\t<\/div>\n\t\t<\/section>\n\t\t\t\t<section class=\"elementor-section elementor-top-section elementor-element elementor-element-8af2fa7 elementor-section-boxed elementor-section-height-default elementor-section-height-default\" data-id=\"8af2fa7\" data-element_type=\"section\">\n\t\t\t\t\t\t<div class=\"elementor-container elementor-column-gap-default\">\n\t\t\t\t\t<div class=\"elementor-column elementor-col-100 elementor-top-column elementor-element elementor-element-81ed280\" data-id=\"81ed280\" data-element_type=\"column\">\n\t\t\t<div class=\"elementor-widget-wrap elementor-element-populated\">\n\t\t\t\t\t\t<div class=\"elementor-element elementor-element-ca3cc59 elementor-widget elementor-widget-text-editor\" data-id=\"ca3cc59\" data-element_type=\"widget\" data-widget_type=\"text-editor.default\">\n\t\t\t\t<div class=\"elementor-widget-container\">\n\t\t\t\t\t\t\t<p><span style=\"color: #000000;\">Enlace al Portal Concursa Administrador por el Ministerio de Administraci\u00f3n Publica: <a href=\"https:\/\/map.gob.do\/Concursa\/\" target=\"_blank\" rel=\"noopener\">https:\/\/map.gob.do\/Concursa\/<\/a><\/span><\/p><p>\u00a0<\/p>\t\t\t\t\t\t<\/div>\n\t\t\t\t<\/div>\n\t\t\t\t\t<\/div>\n\t\t<\/div>\n\t\t\t\t\t<\/div>\n\t\t<\/section>\n\t\t\t\t<section class=\"elementor-section elementor-top-section elementor-element elementor-element-892fcbb elementor-section-boxed elementor-section-height-default elementor-section-height-default\" data-id=\"892fcbb\" data-element_type=\"section\">\n\t\t\t\t\t\t<div class=\"elementor-container elementor-column-gap-default\">\n\t\t\t\t\t<div class=\"elementor-column elementor-col-100 elementor-top-column elementor-element elementor-element-bb74522\" data-id=\"bb74522\" data-element_type=\"column\">\n\t\t\t<div class=\"elementor-widget-wrap elementor-element-populated\">\n\t\t\t\t\t\t<div class=\"elementor-element elementor-element-66e49e7 elementor-widget elementor-widget-shortcode\" data-id=\"66e49e7\" data-element_type=\"widget\" data-widget_type=\"shortcode.default\">\n\t\t\t\t<div class=\"elementor-widget-container\">\n\t\t\t\t\t<div class=\"elementor-shortcode\"><div class='w3eden'><div class=\"link-template-default card mb-2\">\n    <div class=\"card-body\">\n        <div class=\"media\">\n            <div class=\"mr-3 img-48\"><img decoding=\"async\" class=\"wpdm_icon\" alt=\"Icono\"   src=\"http:\/\/edeeste.com.do\/transparencia\/wp-content\/plugins\/download-manager\/assets\/file-type-icons\/download_folder.png\" \/><\/div>\n            <div class=\"media-body\">\n                <h3 class=\"package-title\"><a href='https:\/\/edeeste.com.do\/transparencia\/index.php\/wpdm-package\/2025-vacantes\/'>2025 \u2013 Vacantes<\/a><\/h3>\n                <div class=\"text-muted text-small\"><i class=\"fas fa-copy\"><\/i> 0 archivo(s) <i class=\"fas fa-hdd ml-3\"><\/i> 0.00 KB<\/div>\n            <\/div>\n        <\/div>\n    <\/div>\n<\/div>\n\n\n<\/div><div class='w3eden'><!-- WPDM Link Template: Widget Template -->\n\n<div class=\"media well link-template-widget\">\n    <a class=\"mr-3 img-48\" href=\"https:\/\/edeeste.com.do\/transparencia\/index.php\/wpdm-package\/2024-vacantes\/\">\n        <img decoding=\"async\" class=\"wpdm_icon\" alt=\"Icono\"   src=\"https:\/\/edeeste.com.do\/transparencia\/wp-content\/plugins\/download-manager\/assets\/file-type-icons\/download_folder.png\" \/>\n    <\/a>\n    <div class=\"media-body\">\n        <a href=\"https:\/\/edeeste.com.do\/transparencia\/index.php\/wpdm-package\/2024-vacantes\/\" style=\"display: block;clear: bottom;font-size: 11pt;font-weight: bold;\">2024 - Vacantes<\/a>\n        <div style=\"font-size: 9pt;\">\n            <i class=\"fas fa-hdd color-green\"><\/i> 301.32 KB <i class=\"fa fa-copy ml-3\"><\/i>\n            12 file(s)\n        <\/div>\n    <\/div>\n<\/div>\n\n<\/div>\n<div class='w3eden'><!-- WPDM Link Template: Widget Template -->\n\n<div class=\"media well link-template-widget\">\n    <a class=\"mr-3 img-48\" href=\"https:\/\/edeeste.com.do\/transparencia\/index.php\/wpdm-package\/2023-vacantes\/\">\n        <img decoding=\"async\" class=\"wpdm_icon\" alt=\"Icono\"   src=\"https:\/\/edeeste.com.do\/transparencia\/wp-content\/plugins\/download-manager\/assets\/file-type-icons\/download_folder.png\" \/>\n    <\/a>\n    <div class=\"media-body\">\n        <a href=\"https:\/\/edeeste.com.do\/transparencia\/index.php\/wpdm-package\/2023-vacantes\/\" style=\"display: block;clear: bottom;font-size: 11pt;font-weight: bold;\">2023 - Vacantes<\/a>\n        <div style=\"font-size: 9pt;\">\n            <i class=\"fas fa-hdd color-green\"><\/i> 162.87 KB <i class=\"fa fa-copy ml-3\"><\/i>\n            12 file(s)\n        <\/div>\n    <\/div>\n<\/div>\n\n<\/div>\n<div class='w3eden'><!-- WPDM Link Template: Widget Template -->\n\n<div class=\"media well link-template-widget\">\n    <a class=\"mr-3 img-48\" href=\"https:\/\/edeeste.com.do\/transparencia\/index.php\/wpdm-package\/2022-vacantes\/\">\n        <img decoding=\"async\" class=\"wpdm_icon\" alt=\"Icono\"   src=\"https:\/\/edeeste.com.do\/transparencia\/wp-content\/plugins\/download-manager\/assets\/file-type-icons\/download_folder.png\" \/>\n    <\/a>\n    <div class=\"media-body\">\n        <a href=\"https:\/\/edeeste.com.do\/transparencia\/index.php\/wpdm-package\/2022-vacantes\/\" style=\"display: block;clear: bottom;font-size: 11pt;font-weight: bold;\">2022 - Vacantes<\/a>\n        <div style=\"font-size: 9pt;\">\n            <i class=\"fas fa-hdd color-green\"><\/i> 38.07 KB <i class=\"fa fa-copy ml-3\"><\/i>\n            12 file(s)\n        <\/div>\n    <\/div>\n<\/div>\n\n<\/div>\n<div class='w3eden'><!-- WPDM Link Template: Widget Template -->\n\n<div class=\"media well link-template-widget\">\n    <a class=\"mr-3 img-48\" href=\"https:\/\/edeeste.com.do\/transparencia\/index.php\/wpdm-package\/2021-vacantes\/\">\n        <img decoding=\"async\" class=\"wpdm_icon\" alt=\"Icono\"   src=\"https:\/\/edeeste.com.do\/transparencia\/wp-content\/plugins\/download-manager\/assets\/file-type-icons\/download_folder.png\" \/>\n    <\/a>\n    <div class=\"media-body\">\n        <a href=\"https:\/\/edeeste.com.do\/transparencia\/index.php\/wpdm-package\/2021-vacantes\/\" style=\"display: block;clear: bottom;font-size: 11pt;font-weight: bold;\">2021 - Vacantes<\/a>\n        <div style=\"font-size: 9pt;\">\n            <i class=\"fas fa-hdd color-green\"><\/i> 42.56 KB <i class=\"fa fa-copy ml-3\"><\/i>\n            12 file(s)\n        <\/div>\n    <\/div>\n<\/div>\n\n<\/div>\n<div class='w3eden'><!-- WPDM Link Template: Widget Template -->\n\n<div class=\"media well link-template-widget\">\n    <a class=\"mr-3 img-48\" href=\"https:\/\/edeeste.com.do\/transparencia\/index.php\/wpdm-package\/2020-vacantes\/\">\n        <img decoding=\"async\" class=\"wpdm_icon\" alt=\"Icono\"   src=\"https:\/\/edeeste.com.do\/transparencia\/wp-content\/plugins\/download-manager\/assets\/file-type-icons\/download_folder.png\" \/>\n    <\/a>\n    <div class=\"media-body\">\n        <a href=\"https:\/\/edeeste.com.do\/transparencia\/index.php\/wpdm-package\/2020-vacantes\/\" style=\"display: block;clear: bottom;font-size: 11pt;font-weight: bold;\">2020 - Vacantes<\/a>\n        <div style=\"font-size: 9pt;\">\n            <i class=\"fas fa-hdd color-green\"><\/i> 83.08 KB <i class=\"fa fa-copy ml-3\"><\/i>\n            12 file(s)\n        <\/div>\n    <\/div>\n<\/div>\n\n<\/div>\n<div class='w3eden'><!-- WPDM Link Template: Widget Template -->\n\n<div class=\"media well link-template-widget\">\n    <a class=\"mr-3 img-48\" href=\"https:\/\/edeeste.com.do\/transparencia\/index.php\/wpdm-package\/2019-vacantes\/\">\n        <img decoding=\"async\" class=\"wpdm_icon\" alt=\"Icono\"   src=\"https:\/\/edeeste.com.do\/transparencia\/wp-content\/plugins\/download-manager\/assets\/file-type-icons\/download_folder.png\" \/>\n    <\/a>\n    <div class=\"media-body\">\n        <a href=\"https:\/\/edeeste.com.do\/transparencia\/index.php\/wpdm-package\/2019-vacantes\/\" style=\"display: block;clear: bottom;font-size: 11pt;font-weight: bold;\">2019 - Vacantes<\/a>\n        <div style=\"font-size: 9pt;\">\n            <i class=\"fas fa-hdd color-green\"><\/i> 2.77 MB <i class=\"fa fa-copy ml-3\"><\/i>\n            12 file(s)\n        <\/div>\n    <\/div>\n<\/div>\n\n<\/div>\n<div class='w3eden'><!-- WPDM Link Template: Widget Template -->\n\n<div class=\"media well link-template-widget\">\n    <a class=\"mr-3 img-48\" href=\"https:\/\/edeeste.com.do\/transparencia\/index.php\/wpdm-package\/2018-vacantes\/\">\n        <img decoding=\"async\" class=\"wpdm_icon\" alt=\"Icono\"   src=\"https:\/\/edeeste.com.do\/transparencia\/wp-content\/plugins\/download-manager\/assets\/file-type-icons\/download_folder.png\" \/>\n    <\/a>\n    <div class=\"media-body\">\n        <a href=\"https:\/\/edeeste.com.do\/transparencia\/index.php\/wpdm-package\/2018-vacantes\/\" style=\"display: block;clear: bottom;font-size: 11pt;font-weight: bold;\">2018 - Vacantes<\/a>\n        <div style=\"font-size: 9pt;\">\n            <i class=\"fas fa-hdd color-green\"><\/i> 1.04 MB <i class=\"fa fa-copy ml-3\"><\/i>\n            12 file(s)\n        <\/div>\n    <\/div>\n<\/div>\n\n<\/div>\n<div class='w3eden'><!-- WPDM Link Template: Widget Template -->\n\n<div class=\"media well link-template-widget\">\n    <a class=\"mr-3 img-48\" href=\"https:\/\/edeeste.com.do\/transparencia\/index.php\/wpdm-package\/2017-vacantes\/\">\n        <img decoding=\"async\" class=\"wpdm_icon\" alt=\"Icono\"   src=\"https:\/\/edeeste.com.do\/transparencia\/wp-content\/plugins\/download-manager\/assets\/file-type-icons\/download_folder.png\" \/>\n    <\/a>\n    <div class=\"media-body\">\n        <a href=\"https:\/\/edeeste.com.do\/transparencia\/index.php\/wpdm-package\/2017-vacantes\/\" style=\"display: block;clear: bottom;font-size: 11pt;font-weight: bold;\">2017 - Vacantes<\/a>\n        <div style=\"font-size: 9pt;\">\n            <i class=\"fas fa-hdd color-green\"><\/i> 0.00 KB <i class=\"fa fa-copy ml-3\"><\/i>\n            0 file(s)\n        <\/div>\n    <\/div>\n<\/div>\n\n<\/div><\/div>\n\t\t\t\t<\/div>\n\t\t\t\t<\/div>\n\t\t\t\t\t<\/div>\n\t\t<\/div>\n\t\t\t\t\t<\/div>\n\t\t<\/section>\n\t\t\t\t<section class=\"elementor-section elementor-top-section elementor-element elementor-element-0535836 elementor-section-boxed elementor-section-height-default elementor-section-height-default\" data-id=\"0535836\" data-element_type=\"section\">\n\t\t\t\t\t\t<div class=\"elementor-container elementor-column-gap-default\">\n\t\t\t\t\t<div class=\"elementor-column elementor-col-100 elementor-top-column elementor-element elementor-element-39409f3\" data-id=\"39409f3\" data-element_type=\"column\">\n\t\t\t<div class=\"elementor-widget-wrap elementor-element-populated\">\n\t\t\t\t\t\t<div class=\"elementor-element elementor-element-aaa6552 elementor-widget elementor-widget-image\" data-id=\"aaa6552\" data-element_type=\"widget\" data-widget_type=\"image.default\">\n\t\t\t\t<div class=\"elementor-widget-container\">\n\t\t\t\t\t\t\t\t\t\t\t\t\t\t<a href=\"https:\/\/get.adobe.com\/es\/reader\/\" target=\"_blank\">\n\t\t\t\t\t\t\t<img decoding=\"async\" width=\"428\" height=\"39\" src=\"\/transparencia\/wp-content\/uploads\/pdf-download-banner-1.webp\" class=\"attachment-large size-large wp-image-15709\" alt=\"\" \/>\t\t\t\t\t\t\t\t<\/a>\n\t\t\t\t\t\t\t\t\t\t\t\t\t<\/div>\n\t\t\t\t<\/div>\n\t\t\t\t\t<\/div>\n\t\t<\/div>\n\t\t\t\t\t<\/div>\n\t\t<\/section>\n\t\t\t\t<\/div>\n\t\t","protected":false},"excerpt":{"rendered":"<p>Somos una organizaci\u00f3n din\u00e1mica con prestigio y credibilidad, que tiene como caracter\u00edstica desarrollar sus funciones con gente \u00e9tica y profesional, que permanentemente aplica iniciativas para tener y consolidar un equipo competitivo y altamente productivo. A continuaci\u00f3n, los pasos que la Empresa Distribuidora de Electricidad del Este, S.A. (EDEEste), tiene establecidos para el proceso de Reclutamiento [&hellip;]<\/p>\n","protected":false},"author":1,"featured_media":0,"parent":48,"menu_order":0,"comment_status":"closed","ping_status":"closed","template":"","meta":{"footnotes":""},"class_list":["post-52","page","type-page","status-publish","hentry"],"yoast_head":"<!-- This site is optimized with the Yoast SEO plugin v23.5 - https:\/\/yoast.com\/wordpress\/plugins\/seo\/ -->\n<title>Vacantes | Empresa Distribuidora de Electricidad del Este<\/title>\n<meta name=\"robots\" content=\"index, follow, max-snippet:-1, max-image-preview:large, max-video-preview:-1\" \/>\n<link rel=\"canonical\" href=\"https:\/\/portaledeestewp-prod.azurewebsites.net\/transparencia\/index.php\/recursos-humanos\/vacantes\/\" \/>\n<meta property=\"og:locale\" content=\"es_ES\" \/>\n<meta property=\"og:type\" content=\"article\" \/>\n<meta property=\"og:title\" content=\"Vacantes | Empresa Distribuidora de Electricidad del Este\" \/>\n<meta property=\"og:description\" content=\"Somos una organizaci\u00f3n din\u00e1mica con prestigio y credibilidad, que tiene como caracter\u00edstica desarrollar sus funciones con gente \u00e9tica y profesional, que permanentemente aplica iniciativas para tener y consolidar un equipo competitivo y altamente productivo. A continuaci\u00f3n, los pasos que la Empresa Distribuidora de Electricidad del Este, S.A. (EDEEste), tiene establecidos para el proceso de Reclutamiento [&hellip;]\" \/>\n<meta property=\"og:url\" content=\"https:\/\/portaledeestewp-prod.azurewebsites.net\/transparencia\/index.php\/recursos-humanos\/vacantes\/\" \/>\n<meta property=\"og:site_name\" content=\"Empresa Distribuidora de Electricidad del Este\" \/>\n<meta property=\"article:publisher\" content=\"https:\/\/www.facebook.com\/EDEEste\" \/>\n<meta property=\"article:modified_time\" content=\"2025-01-13T15:02:45+00:00\" \/>\n<meta property=\"og:image\" content=\"https:\/\/edeeste.com.do\/transparencia\/wp-content\/uploads\/2017\/01\/Logo-EDEEste-Azul-Amarillo.png\" \/>\n\t<meta property=\"og:image:width\" content=\"2471\" \/>\n\t<meta property=\"og:image:height\" content=\"1125\" \/>\n\t<meta property=\"og:image:type\" content=\"image\/png\" \/>\n<meta name=\"twitter:card\" content=\"summary_large_image\" \/>\n<meta name=\"twitter:site\" content=\"@EdeesteRD\" \/>\n<meta name=\"twitter:label1\" content=\"Tiempo de lectura\" \/>\n\t<meta name=\"twitter:data1\" content=\"2 minutos\" \/>\n<script type=\"application\/ld+json\" class=\"yoast-schema-graph\">{\"@context\":\"https:\/\/schema.org\",\"@graph\":[{\"@type\":\"WebPage\",\"@id\":\"https:\/\/portaledeestewp-prod.azurewebsites.net\/transparencia\/index.php\/recursos-humanos\/vacantes\/\",\"url\":\"https:\/\/portaledeestewp-prod.azurewebsites.net\/transparencia\/index.php\/recursos-humanos\/vacantes\/\",\"name\":\"Vacantes | Empresa Distribuidora de Electricidad del Este\",\"isPartOf\":{\"@id\":\"https:\/\/edeeste.com.do\/transparencia\/#website\"},\"datePublished\":\"2016-08-08T17:57:13+00:00\",\"dateModified\":\"2025-01-13T15:02:45+00:00\",\"breadcrumb\":{\"@id\":\"https:\/\/portaledeestewp-prod.azurewebsites.net\/transparencia\/index.php\/recursos-humanos\/vacantes\/#breadcrumb\"},\"inLanguage\":\"es\",\"potentialAction\":[{\"@type\":\"ReadAction\",\"target\":[\"https:\/\/portaledeestewp-prod.azurewebsites.net\/transparencia\/index.php\/recursos-humanos\/vacantes\/\"]}]},{\"@type\":\"BreadcrumbList\",\"@id\":\"https:\/\/portaledeestewp-prod.azurewebsites.net\/transparencia\/index.php\/recursos-humanos\/vacantes\/#breadcrumb\",\"itemListElement\":[{\"@type\":\"ListItem\",\"position\":1,\"name\":\"Inicio\",\"item\":\"https:\/\/edeeste.com.do\/transparencia\/\"},{\"@type\":\"ListItem\",\"position\":2,\"name\":\"Recursos Humanos\",\"item\":\"https:\/\/edeeste.com.do\/transparencia\/index.php\/recursos-humanos\/\"},{\"@type\":\"ListItem\",\"position\":3,\"name\":\"Vacantes\"}]},{\"@type\":\"WebSite\",\"@id\":\"https:\/\/edeeste.com.do\/transparencia\/#website\",\"url\":\"https:\/\/edeeste.com.do\/transparencia\/\",\"name\":\"Empresa Distribuidora de Electricidad del Este\",\"description\":\"Transparencia EDEESTE\",\"publisher\":{\"@id\":\"https:\/\/edeeste.com.do\/transparencia\/#organization\"},\"potentialAction\":[{\"@type\":\"SearchAction\",\"target\":{\"@type\":\"EntryPoint\",\"urlTemplate\":\"https:\/\/edeeste.com.do\/transparencia\/?s={search_term_string}\"},\"query-input\":{\"@type\":\"PropertyValueSpecification\",\"valueRequired\":true,\"valueName\":\"search_term_string\"}}],\"inLanguage\":\"es\"},{\"@type\":\"Organization\",\"@id\":\"https:\/\/edeeste.com.do\/transparencia\/#organization\",\"name\":\"EDEESTE - Portal de Transparencia Institucional\",\"url\":\"https:\/\/edeeste.com.do\/transparencia\/\",\"logo\":{\"@type\":\"ImageObject\",\"inLanguage\":\"es\",\"@id\":\"https:\/\/edeeste.com.do\/transparencia\/#\/schema\/logo\/image\/\",\"url\":\"\/transparencia\/wp-content\/uploads\/2017\/01\/Logo-EDEEste-Azul-Amarillo.png\",\"contentUrl\":\"\/transparencia\/wp-content\/uploads\/2017\/01\/Logo-EDEEste-Azul-Amarillo.png\",\"width\":2471,\"height\":1125,\"caption\":\"EDEESTE - Portal de Transparencia Institucional\"},\"image\":{\"@id\":\"https:\/\/edeeste.com.do\/transparencia\/#\/schema\/logo\/image\/\"},\"sameAs\":[\"https:\/\/www.facebook.com\/EDEEste\",\"https:\/\/x.com\/EdeesteRD\"]}]}<\/script>\n<!-- \/ Yoast SEO plugin. -->","yoast_head_json":{"title":"Vacantes | Empresa Distribuidora de Electricidad del Este","robots":{"index":"index","follow":"follow","max-snippet":"max-snippet:-1","max-image-preview":"max-image-preview:large","max-video-preview":"max-video-preview:-1"},"canonical":"https:\/\/portaledeestewp-prod.azurewebsites.net\/transparencia\/index.php\/recursos-humanos\/vacantes\/","og_locale":"es_ES","og_type":"article","og_title":"Vacantes | Empresa Distribuidora de Electricidad del Este","og_description":"Somos una organizaci\u00f3n din\u00e1mica con prestigio y credibilidad, que tiene como caracter\u00edstica desarrollar sus funciones con gente \u00e9tica y profesional, que permanentemente aplica iniciativas para tener y consolidar un equipo competitivo y altamente productivo. A continuaci\u00f3n, los pasos que la Empresa Distribuidora de Electricidad del Este, S.A. (EDEEste), tiene establecidos para el proceso de Reclutamiento [&hellip;]","og_url":"https:\/\/portaledeestewp-prod.azurewebsites.net\/transparencia\/index.php\/recursos-humanos\/vacantes\/","og_site_name":"Empresa Distribuidora de Electricidad del Este","article_publisher":"https:\/\/www.facebook.com\/EDEEste","article_modified_time":"2025-01-13T15:02:45+00:00","og_image":[{"width":2471,"height":1125,"url":"https:\/\/edeeste.com.do\/transparencia\/wp-content\/uploads\/2017\/01\/Logo-EDEEste-Azul-Amarillo.png","type":"image\/png"}],"twitter_card":"summary_large_image","twitter_site":"@EdeesteRD","twitter_misc":{"Tiempo de lectura":"2 minutos"},"schema":{"@context":"https:\/\/schema.org","@graph":[{"@type":"WebPage","@id":"https:\/\/portaledeestewp-prod.azurewebsites.net\/transparencia\/index.php\/recursos-humanos\/vacantes\/","url":"https:\/\/portaledeestewp-prod.azurewebsites.net\/transparencia\/index.php\/recursos-humanos\/vacantes\/","name":"Vacantes | Empresa Distribuidora de Electricidad del Este","isPartOf":{"@id":"https:\/\/edeeste.com.do\/transparencia\/#website"},"datePublished":"2016-08-08T17:57:13+00:00","dateModified":"2025-01-13T15:02:45+00:00","breadcrumb":{"@id":"https:\/\/portaledeestewp-prod.azurewebsites.net\/transparencia\/index.php\/recursos-humanos\/vacantes\/#breadcrumb"},"inLanguage":"es","potentialAction":[{"@type":"ReadAction","target":["https:\/\/portaledeestewp-prod.azurewebsites.net\/transparencia\/index.php\/recursos-humanos\/vacantes\/"]}]},{"@type":"BreadcrumbList","@id":"https:\/\/portaledeestewp-prod.azurewebsites.net\/transparencia\/index.php\/recursos-humanos\/vacantes\/#breadcrumb","itemListElement":[{"@type":"ListItem","position":1,"name":"Inicio","item":"https:\/\/edeeste.com.do\/transparencia\/"},{"@type":"ListItem","position":2,"name":"Recursos Humanos","item":"https:\/\/edeeste.com.do\/transparencia\/index.php\/recursos-humanos\/"},{"@type":"ListItem","position":3,"name":"Vacantes"}]},{"@type":"WebSite","@id":"https:\/\/edeeste.com.do\/transparencia\/#website","url":"https:\/\/edeeste.com.do\/transparencia\/","name":"Empresa Distribuidora de Electricidad del Este","description":"Transparencia EDEESTE","publisher":{"@id":"https:\/\/edeeste.com.do\/transparencia\/#organization"},"potentialAction":[{"@type":"SearchAction","target":{"@type":"EntryPoint","urlTemplate":"https:\/\/edeeste.com.do\/transparencia\/?s={search_term_string}"},"query-input":{"@type":"PropertyValueSpecification","valueRequired":true,"valueName":"search_term_string"}}],"inLanguage":"es"},{"@type":"Organization","@id":"https:\/\/edeeste.com.do\/transparencia\/#organization","name":"EDEESTE - Portal de Transparencia Institucional","url":"https:\/\/edeeste.com.do\/transparencia\/","logo":{"@type":"ImageObject","inLanguage":"es","@id":"https:\/\/edeeste.com.do\/transparencia\/#\/schema\/logo\/image\/","url":"\/transparencia\/wp-content\/uploads\/2017\/01\/Logo-EDEEste-Azul-Amarillo.png","contentUrl":"\/transparencia\/wp-content\/uploads\/2017\/01\/Logo-EDEEste-Azul-Amarillo.png","width":2471,"height":1125,"caption":"EDEESTE - Portal de Transparencia Institucional"},"image":{"@id":"https:\/\/edeeste.com.do\/transparencia\/#\/schema\/logo\/image\/"},"sameAs":["https:\/\/www.facebook.com\/EDEEste","https:\/\/x.com\/EdeesteRD"]}]}},"_links":{"self":[{"href":"https:\/\/edeeste.com.do\/transparencia\/index.php\/wp-json\/wp\/v2\/pages\/52"}],"collection":[{"href":"https:\/\/edeeste.com.do\/transparencia\/index.php\/wp-json\/wp\/v2\/pages"}],"about":[{"href":"https:\/\/edeeste.com.do\/transparencia\/index.php\/wp-json\/wp\/v2\/types\/page"}],"author":[{"embeddable":true,"href":"https:\/\/edeeste.com.do\/transparencia\/index.php\/wp-json\/wp\/v2\/users\/1"}],"replies":[{"embeddable":true,"href":"https:\/\/edeeste.com.do\/transparencia\/index.php\/wp-json\/wp\/v2\/comments?post=52"}],"version-history":[{"count":44,"href":"https:\/\/edeeste.com.do\/transparencia\/index.php\/wp-json\/wp\/v2\/pages\/52\/revisions"}],"predecessor-version":[{"id":16570,"href":"https:\/\/edeeste.com.do\/transparencia\/index.php\/wp-json\/wp\/v2\/pages\/52\/revisions\/16570"}],"up":[{"embeddable":true,"href":"https:\/\/edeeste.com.do\/transparencia\/index.php\/wp-json\/wp\/v2\/pages\/48"}],"wp:attachment":[{"href":"https:\/\/edeeste.com.do\/transparencia\/index.php\/wp-json\/wp\/v2\/media?parent=52"}],"curies":[{"name":"wp","href":"https:\/\/api.w.org\/{rel}","templated":true}]}}