{"id":48,"date":"2016-08-08T17:56:23","date_gmt":"2016-08-08T17:56:23","guid":{"rendered":"http:\/\/localhost:4001\/transparencia\/?page_id=48"},"modified":"2020-07-03T11:21:10","modified_gmt":"2020-07-03T15:21:10","slug":"recursos-humanos","status":"publish","type":"page","link":"https:\/\/edeeste.com.do\/transparencia\/index.php\/recursos-humanos\/","title":{"rendered":"Recursos Humanos"},"content":{"rendered":"\t\t<div data-elementor-type=\"wp-page\" data-elementor-id=\"48\" class=\"elementor elementor-48\" data-elementor-post-type=\"page\">\n\t\t\t\t\t\t<section class=\"elementor-section elementor-top-section elementor-element elementor-element-e9992af elementor-section-full_width elementor-section-height-default elementor-section-height-default\" data-id=\"e9992af\" data-element_type=\"section\" data-settings=\"{&quot;background_background&quot;:&quot;classic&quot;}\">\n\t\t\t\t\t\t\t<div class=\"elementor-background-overlay\"><\/div>\n\t\t\t\t\t\t\t<div class=\"elementor-container elementor-column-gap-default\">\n\t\t\t\t\t<div class=\"elementor-column elementor-col-33 elementor-top-column elementor-element elementor-element-f2855bd\" data-id=\"f2855bd\" data-element_type=\"column\" data-settings=\"{&quot;background_background&quot;:&quot;classic&quot;}\">\n\t\t\t<div class=\"elementor-widget-wrap elementor-element-populated\">\n\t\t\t\t\t<div class=\"elementor-background-overlay\"><\/div>\n\t\t\t\t\t\t<div class=\"elementor-element elementor-element-aa8d0d6 elementor-view-default elementor-position-top elementor-mobile-position-top elementor-widget elementor-widget-icon-box\" data-id=\"aa8d0d6\" data-element_type=\"widget\" data-widget_type=\"icon-box.default\">\n\t\t\t\t<div class=\"elementor-widget-container\">\n\t\t\t\t\t<div class=\"elementor-icon-box-wrapper\">\n\n\t\t\t\t\t\t<div class=\"elementor-icon-box-icon\">\n\t\t\t\t<span  class=\"elementor-icon elementor-animation-\">\n\t\t\t\t<i aria-hidden=\"true\" class=\"fas fa-dollar-sign\"><\/i>\t\t\t\t<\/span>\n\t\t\t<\/div>\n\t\t\t\n\t\t\t\t\t\t<div class=\"elementor-icon-box-content\">\n\n\t\t\t\t\t\t\t\t\t<h3 class=\"elementor-icon-box-title\">\n\t\t\t\t\t\t<span  >\n\t\t\t\t\t\t\tN\u00d3MINA\t\t\t\t\t\t<\/span>\n\t\t\t\t\t<\/h3>\n\t\t\t\t\n\t\t\t\t\n\t\t\t<\/div>\n\t\t\t\n\t\t<\/div>\n\t\t\t\t<\/div>\n\t\t\t\t<\/div>\n\t\t\t\t<div class=\"elementor-element elementor-element-f03d9f5 elementor-align-center elementor-widget elementor-widget-button\" data-id=\"f03d9f5\" data-element_type=\"widget\" data-widget_type=\"button.default\">\n\t\t\t\t<div class=\"elementor-widget-container\">\n\t\t\t\t\t<div class=\"elementor-button-wrapper\">\n\t\t\t<a class=\"elementor-button elementor-button-link elementor-size-sm\" href=\"https:\/\/edeeste.com.do\/transparencia\/index.php\/recursos-humanos\/nominas\/\">\n\t\t\t\t\t\t<span class=\"elementor-button-content-wrapper\">\n\t\t\t\t\t\t<span class=\"elementor-button-icon\">\n\t\t\t\t<i aria-hidden=\"true\" class=\"fas fa-angle-double-down\"><\/i>\t\t\t<\/span>\n\t\t\t\t\t\t\t\t\t<span class=\"elementor-button-text\">Ver Aqu\u00ed<\/span>\n\t\t\t\t\t<\/span>\n\t\t\t\t\t<\/a>\n\t\t<\/div>\n\t\t\t\t<\/div>\n\t\t\t\t<\/div>\n\t\t\t\t\t<\/div>\n\t\t<\/div>\n\t\t\t\t<div class=\"elementor-column elementor-col-33 elementor-top-column elementor-element elementor-element-feaecd4\" data-id=\"feaecd4\" data-element_type=\"column\" data-settings=\"{&quot;background_background&quot;:&quot;classic&quot;}\">\n\t\t\t<div class=\"elementor-widget-wrap elementor-element-populated\">\n\t\t\t\t\t<div class=\"elementor-background-overlay\"><\/div>\n\t\t\t\t\t\t<div class=\"elementor-element elementor-element-490d008 elementor-view-default elementor-position-top elementor-mobile-position-top elementor-widget elementor-widget-icon-box\" data-id=\"490d008\" data-element_type=\"widget\" data-widget_type=\"icon-box.default\">\n\t\t\t\t<div class=\"elementor-widget-container\">\n\t\t\t\t\t<div class=\"elementor-icon-box-wrapper\">\n\n\t\t\t\t\t\t<div class=\"elementor-icon-box-icon\">\n\t\t\t\t<span  class=\"elementor-icon elementor-animation-\">\n\t\t\t\t<i aria-hidden=\"true\" class=\"fas fa-users\"><\/i>\t\t\t\t<\/span>\n\t\t\t<\/div>\n\t\t\t\n\t\t\t\t\t\t<div class=\"elementor-icon-box-content\">\n\n\t\t\t\t\t\t\t\t\t<h3 class=\"elementor-icon-box-title\">\n\t\t\t\t\t\t<span  >\n\t\t\t\t\t\t\tJUBILACIONES\t\t\t\t\t\t<\/span>\n\t\t\t\t\t<\/h3>\n\t\t\t\t\n\t\t\t\t\n\t\t\t<\/div>\n\t\t\t\n\t\t<\/div>\n\t\t\t\t<\/div>\n\t\t\t\t<\/div>\n\t\t\t\t<div class=\"elementor-element elementor-element-d33210c elementor-align-center elementor-widget elementor-widget-button\" data-id=\"d33210c\" data-element_type=\"widget\" data-widget_type=\"button.default\">\n\t\t\t\t<div class=\"elementor-widget-container\">\n\t\t\t\t\t<div class=\"elementor-button-wrapper\">\n\t\t\t<a class=\"elementor-button elementor-button-link elementor-size-sm\" href=\"https:\/\/edeeste.com.do\/transparencia\/index.php\/recursos-humanos\/jubilaciones-pensiones-retiros\/\">\n\t\t\t\t\t\t<span class=\"elementor-button-content-wrapper\">\n\t\t\t\t\t\t<span class=\"elementor-button-icon\">\n\t\t\t\t<i aria-hidden=\"true\" class=\"fas fa-angle-double-down\"><\/i>\t\t\t<\/span>\n\t\t\t\t\t\t\t\t\t<span class=\"elementor-button-text\">Ver Aqu\u00ed<\/span>\n\t\t\t\t\t<\/span>\n\t\t\t\t\t<\/a>\n\t\t<\/div>\n\t\t\t\t<\/div>\n\t\t\t\t<\/div>\n\t\t\t\t\t<\/div>\n\t\t<\/div>\n\t\t\t\t<div class=\"elementor-column elementor-col-33 elementor-top-column elementor-element elementor-element-5a6d94a\" data-id=\"5a6d94a\" data-element_type=\"column\" data-settings=\"{&quot;background_background&quot;:&quot;classic&quot;}\">\n\t\t\t<div class=\"elementor-widget-wrap elementor-element-populated\">\n\t\t\t\t\t<div class=\"elementor-background-overlay\"><\/div>\n\t\t\t\t\t\t<div class=\"elementor-element elementor-element-317d5ee elementor-view-default elementor-position-top elementor-mobile-position-top elementor-widget elementor-widget-icon-box\" data-id=\"317d5ee\" data-element_type=\"widget\" data-widget_type=\"icon-box.default\">\n\t\t\t\t<div class=\"elementor-widget-container\">\n\t\t\t\t\t<div class=\"elementor-icon-box-wrapper\">\n\n\t\t\t\t\t\t<div class=\"elementor-icon-box-icon\">\n\t\t\t\t<span  class=\"elementor-icon elementor-animation-\">\n\t\t\t\t<i aria-hidden=\"true\" class=\"fas fa-network-wired\"><\/i>\t\t\t\t<\/span>\n\t\t\t<\/div>\n\t\t\t\n\t\t\t\t\t\t<div class=\"elementor-icon-box-content\">\n\n\t\t\t\t\t\t\t\t\t<h3 class=\"elementor-icon-box-title\">\n\t\t\t\t\t\t<span  >\n\t\t\t\t\t\t\tVACANTES\t\t\t\t\t\t<\/span>\n\t\t\t\t\t<\/h3>\n\t\t\t\t\n\t\t\t\t\n\t\t\t<\/div>\n\t\t\t\n\t\t<\/div>\n\t\t\t\t<\/div>\n\t\t\t\t<\/div>\n\t\t\t\t<div class=\"elementor-element elementor-element-6371181 elementor-align-center elementor-widget elementor-widget-button\" data-id=\"6371181\" data-element_type=\"widget\" data-widget_type=\"button.default\">\n\t\t\t\t<div class=\"elementor-widget-container\">\n\t\t\t\t\t<div class=\"elementor-button-wrapper\">\n\t\t\t<a class=\"elementor-button elementor-button-link elementor-size-sm\" href=\"https:\/\/edeeste.com.do\/transparencia\/index.php\/recursos-humanos\/vacantes\/\">\n\t\t\t\t\t\t<span class=\"elementor-button-content-wrapper\">\n\t\t\t\t\t\t<span class=\"elementor-button-icon\">\n\t\t\t\t<i aria-hidden=\"true\" class=\"fas fa-angle-double-down\"><\/i>\t\t\t<\/span>\n\t\t\t\t\t\t\t\t\t<span class=\"elementor-button-text\">Ver M\u00e1s<\/span>\n\t\t\t\t\t<\/span>\n\t\t\t\t\t<\/a>\n\t\t<\/div>\n\t\t\t\t<\/div>\n\t\t\t\t<\/div>\n\t\t\t\t\t<\/div>\n\t\t<\/div>\n\t\t\t\t\t<\/div>\n\t\t<\/section>\n\t\t\t\t<section class=\"elementor-section elementor-top-section elementor-element elementor-element-d359840 elementor-section-boxed elementor-section-height-default elementor-section-height-default\" data-id=\"d359840\" data-element_type=\"section\">\n\t\t\t\t\t\t<div class=\"elementor-container elementor-column-gap-default\">\n\t\t\t\t\t<div class=\"elementor-column elementor-col-50 elementor-top-column elementor-element elementor-element-19c1d70\" data-id=\"19c1d70\" data-element_type=\"column\" data-settings=\"{&quot;background_background&quot;:&quot;classic&quot;}\">\n\t\t\t<div class=\"elementor-widget-wrap elementor-element-populated\">\n\t\t\t\t\t<div class=\"elementor-background-overlay\"><\/div>\n\t\t\t\t\t\t<div class=\"elementor-element elementor-element-9e40b8a elementor-view-default elementor-position-top elementor-mobile-position-top elementor-widget elementor-widget-icon-box\" data-id=\"9e40b8a\" data-element_type=\"widget\" data-widget_type=\"icon-box.default\">\n\t\t\t\t<div class=\"elementor-widget-container\">\n\t\t\t\t\t<div class=\"elementor-icon-box-wrapper\">\n\n\t\t\t\t\t\t<div class=\"elementor-icon-box-icon\">\n\t\t\t\t<span  class=\"elementor-icon elementor-animation-\">\n\t\t\t\t<i aria-hidden=\"true\" class=\"fas fa-dollar-sign\"><\/i>\t\t\t\t<\/span>\n\t\t\t<\/div>\n\t\t\t\n\t\t\t\t\t\t<div class=\"elementor-icon-box-content\">\n\n\t\t\t\t\t\t\t\t\t<h3 class=\"elementor-icon-box-title\">\n\t\t\t\t\t\t<span  >\n\t\t\t\t\t\t\tPortal Concursa (MAP)\t\t\t\t\t\t<\/span>\n\t\t\t\t\t<\/h3>\n\t\t\t\t\n\t\t\t\t\t\t\t\t\t<p class=\"elementor-icon-box-description\">\n\t\t\t\t\t\tPortal Concursa administrado por el Ministerio de Administraci\u00f3n P\u00fablica (MAP)\t\t\t\t\t<\/p>\n\t\t\t\t\n\t\t\t<\/div>\n\t\t\t\n\t\t<\/div>\n\t\t\t\t<\/div>\n\t\t\t\t<\/div>\n\t\t\t\t<div class=\"elementor-element elementor-element-2330794 elementor-align-center elementor-widget elementor-widget-button\" data-id=\"2330794\" data-element_type=\"widget\" data-widget_type=\"button.default\">\n\t\t\t\t<div class=\"elementor-widget-container\">\n\t\t\t\t\t<div class=\"elementor-button-wrapper\">\n\t\t\t<a class=\"elementor-button elementor-button-link elementor-size-sm\" href=\"https:\/\/map.gob.do\/Concursa\/plazasvacantes.aspx\">\n\t\t\t\t\t\t<span class=\"elementor-button-content-wrapper\">\n\t\t\t\t\t\t<span class=\"elementor-button-icon\">\n\t\t\t\t<i aria-hidden=\"true\" class=\"fas fa-angle-double-down\"><\/i>\t\t\t<\/span>\n\t\t\t\t\t\t\t\t\t<span class=\"elementor-button-text\">Ver Aqu\u00ed<\/span>\n\t\t\t\t\t<\/span>\n\t\t\t\t\t<\/a>\n\t\t<\/div>\n\t\t\t\t<\/div>\n\t\t\t\t<\/div>\n\t\t\t\t\t<\/div>\n\t\t<\/div>\n\t\t\t\t<div class=\"elementor-column elementor-col-50 elementor-top-column elementor-element elementor-element-e4bc66d\" data-id=\"e4bc66d\" data-element_type=\"column\">\n\t\t\t<div class=\"elementor-widget-wrap\">\n\t\t\t\t\t\t\t<\/div>\n\t\t<\/div>\n\t\t\t\t\t<\/div>\n\t\t<\/section>\n\t\t\t\t<\/div>\n\t\t","protected":false},"excerpt":{"rendered":"<p>N\u00d3MINA Ver Aqu\u00ed JUBILACIONES Ver Aqu\u00ed VACANTES Ver M\u00e1s Portal Concursa (MAP) Portal Concursa administrado por el Ministerio de Administraci\u00f3n P\u00fablica (MAP) Ver Aqu\u00ed<\/p>\n","protected":false},"author":1,"featured_media":0,"parent":0,"menu_order":0,"comment_status":"closed","ping_status":"closed","template":"","meta":{"footnotes":""},"class_list":["post-48","page","type-page","status-publish","hentry"],"yoast_head":"<!-- This site is optimized with the Yoast SEO plugin v23.5 - https:\/\/yoast.com\/wordpress\/plugins\/seo\/ -->\n<title>Recursos Humanos | Empresa Distribuidora de Electricidad del Este<\/title>\n<meta name=\"robots\" content=\"index, follow, max-snippet:-1, max-image-preview:large, max-video-preview:-1\" \/>\n<link rel=\"canonical\" href=\"https:\/\/edeeste.com.do\/transparencia\/index.php\/recursos-humanos\/\" \/>\n<meta property=\"og:locale\" content=\"es_ES\" \/>\n<meta property=\"og:type\" content=\"article\" \/>\n<meta property=\"og:title\" content=\"Recursos Humanos | Empresa Distribuidora de Electricidad del Este\" \/>\n<meta property=\"og:description\" content=\"N\u00d3MINA Ver Aqu\u00ed JUBILACIONES Ver Aqu\u00ed VACANTES Ver M\u00e1s Portal Concursa (MAP) Portal Concursa administrado por el Ministerio de Administraci\u00f3n P\u00fablica (MAP) Ver Aqu\u00ed\" \/>\n<meta property=\"og:url\" content=\"https:\/\/edeeste.com.do\/transparencia\/index.php\/recursos-humanos\/\" \/>\n<meta property=\"og:site_name\" content=\"Empresa Distribuidora de Electricidad del Este\" \/>\n<meta property=\"article:publisher\" content=\"https:\/\/www.facebook.com\/EDEEste\" \/>\n<meta property=\"article:modified_time\" content=\"2020-07-03T15:21:10+00:00\" \/>\n<meta property=\"og:image\" content=\"https:\/\/edeeste.com.do\/transparencia\/wp-content\/uploads\/2017\/01\/Logo-EDEEste-Azul-Amarillo.png\" \/>\n\t<meta property=\"og:image:width\" content=\"2471\" \/>\n\t<meta property=\"og:image:height\" content=\"1125\" \/>\n\t<meta property=\"og:image:type\" content=\"image\/png\" \/>\n<meta name=\"twitter:card\" content=\"summary_large_image\" \/>\n<meta name=\"twitter:site\" content=\"@EdeesteRD\" \/>\n<script type=\"application\/ld+json\" class=\"yoast-schema-graph\">{\"@context\":\"https:\/\/schema.org\",\"@graph\":[{\"@type\":\"WebPage\",\"@id\":\"https:\/\/edeeste.com.do\/transparencia\/index.php\/recursos-humanos\/\",\"url\":\"https:\/\/edeeste.com.do\/transparencia\/index.php\/recursos-humanos\/\",\"name\":\"Recursos Humanos | Empresa Distribuidora de Electricidad del Este\",\"isPartOf\":{\"@id\":\"https:\/\/edeeste.com.do\/transparencia\/#website\"},\"datePublished\":\"2016-08-08T17:56:23+00:00\",\"dateModified\":\"2020-07-03T15:21:10+00:00\",\"breadcrumb\":{\"@id\":\"https:\/\/edeeste.com.do\/transparencia\/index.php\/recursos-humanos\/#breadcrumb\"},\"inLanguage\":\"es\",\"potentialAction\":[{\"@type\":\"ReadAction\",\"target\":[\"https:\/\/edeeste.com.do\/transparencia\/index.php\/recursos-humanos\/\"]}]},{\"@type\":\"BreadcrumbList\",\"@id\":\"https:\/\/edeeste.com.do\/transparencia\/index.php\/recursos-humanos\/#breadcrumb\",\"itemListElement\":[{\"@type\":\"ListItem\",\"position\":1,\"name\":\"Inicio\",\"item\":\"https:\/\/edeeste.com.do\/transparencia\/\"},{\"@type\":\"ListItem\",\"position\":2,\"name\":\"Recursos Humanos\"}]},{\"@type\":\"WebSite\",\"@id\":\"https:\/\/edeeste.com.do\/transparencia\/#website\",\"url\":\"https:\/\/edeeste.com.do\/transparencia\/\",\"name\":\"Empresa Distribuidora de Electricidad del Este\",\"description\":\"Transparencia EDEESTE\",\"publisher\":{\"@id\":\"https:\/\/edeeste.com.do\/transparencia\/#organization\"},\"potentialAction\":[{\"@type\":\"SearchAction\",\"target\":{\"@type\":\"EntryPoint\",\"urlTemplate\":\"https:\/\/edeeste.com.do\/transparencia\/?s={search_term_string}\"},\"query-input\":{\"@type\":\"PropertyValueSpecification\",\"valueRequired\":true,\"valueName\":\"search_term_string\"}}],\"inLanguage\":\"es\"},{\"@type\":\"Organization\",\"@id\":\"https:\/\/edeeste.com.do\/transparencia\/#organization\",\"name\":\"EDEESTE - Portal de Transparencia Institucional\",\"url\":\"https:\/\/edeeste.com.do\/transparencia\/\",\"logo\":{\"@type\":\"ImageObject\",\"inLanguage\":\"es\",\"@id\":\"https:\/\/edeeste.com.do\/transparencia\/#\/schema\/logo\/image\/\",\"url\":\"\/transparencia\/wp-content\/uploads\/2017\/01\/Logo-EDEEste-Azul-Amarillo.png\",\"contentUrl\":\"\/transparencia\/wp-content\/uploads\/2017\/01\/Logo-EDEEste-Azul-Amarillo.png\",\"width\":2471,\"height\":1125,\"caption\":\"EDEESTE - Portal de Transparencia Institucional\"},\"image\":{\"@id\":\"https:\/\/edeeste.com.do\/transparencia\/#\/schema\/logo\/image\/\"},\"sameAs\":[\"https:\/\/www.facebook.com\/EDEEste\",\"https:\/\/x.com\/EdeesteRD\"]}]}<\/script>\n<!-- \/ Yoast SEO plugin. -->","yoast_head_json":{"title":"Recursos Humanos | Empresa Distribuidora de Electricidad del Este","robots":{"index":"index","follow":"follow","max-snippet":"max-snippet:-1","max-image-preview":"max-image-preview:large","max-video-preview":"max-video-preview:-1"},"canonical":"https:\/\/edeeste.com.do\/transparencia\/index.php\/recursos-humanos\/","og_locale":"es_ES","og_type":"article","og_title":"Recursos Humanos | Empresa Distribuidora de Electricidad del Este","og_description":"N\u00d3MINA Ver Aqu\u00ed JUBILACIONES Ver Aqu\u00ed VACANTES Ver M\u00e1s Portal Concursa (MAP) Portal Concursa administrado por el Ministerio de Administraci\u00f3n P\u00fablica (MAP) Ver Aqu\u00ed","og_url":"https:\/\/edeeste.com.do\/transparencia\/index.php\/recursos-humanos\/","og_site_name":"Empresa Distribuidora de Electricidad del Este","article_publisher":"https:\/\/www.facebook.com\/EDEEste","article_modified_time":"2020-07-03T15:21:10+00:00","og_image":[{"width":2471,"height":1125,"url":"https:\/\/edeeste.com.do\/transparencia\/wp-content\/uploads\/2017\/01\/Logo-EDEEste-Azul-Amarillo.png","type":"image\/png"}],"twitter_card":"summary_large_image","twitter_site":"@EdeesteRD","schema":{"@context":"https:\/\/schema.org","@graph":[{"@type":"WebPage","@id":"https:\/\/edeeste.com.do\/transparencia\/index.php\/recursos-humanos\/","url":"https:\/\/edeeste.com.do\/transparencia\/index.php\/recursos-humanos\/","name":"Recursos Humanos | Empresa Distribuidora de Electricidad del Este","isPartOf":{"@id":"https:\/\/edeeste.com.do\/transparencia\/#website"},"datePublished":"2016-08-08T17:56:23+00:00","dateModified":"2020-07-03T15:21:10+00:00","breadcrumb":{"@id":"https:\/\/edeeste.com.do\/transparencia\/index.php\/recursos-humanos\/#breadcrumb"},"inLanguage":"es","potentialAction":[{"@type":"ReadAction","target":["https:\/\/edeeste.com.do\/transparencia\/index.php\/recursos-humanos\/"]}]},{"@type":"BreadcrumbList","@id":"https:\/\/edeeste.com.do\/transparencia\/index.php\/recursos-humanos\/#breadcrumb","itemListElement":[{"@type":"ListItem","position":1,"name":"Inicio","item":"https:\/\/edeeste.com.do\/transparencia\/"},{"@type":"ListItem","position":2,"name":"Recursos Humanos"}]},{"@type":"WebSite","@id":"https:\/\/edeeste.com.do\/transparencia\/#website","url":"https:\/\/edeeste.com.do\/transparencia\/","name":"Empresa Distribuidora de Electricidad del Este","description":"Transparencia EDEESTE","publisher":{"@id":"https:\/\/edeeste.com.do\/transparencia\/#organization"},"potentialAction":[{"@type":"SearchAction","target":{"@type":"EntryPoint","urlTemplate":"https:\/\/edeeste.com.do\/transparencia\/?s={search_term_string}"},"query-input":{"@type":"PropertyValueSpecification","valueRequired":true,"valueName":"search_term_string"}}],"inLanguage":"es"},{"@type":"Organization","@id":"https:\/\/edeeste.com.do\/transparencia\/#organization","name":"EDEESTE - Portal de Transparencia Institucional","url":"https:\/\/edeeste.com.do\/transparencia\/","logo":{"@type":"ImageObject","inLanguage":"es","@id":"https:\/\/edeeste.com.do\/transparencia\/#\/schema\/logo\/image\/","url":"\/transparencia\/wp-content\/uploads\/2017\/01\/Logo-EDEEste-Azul-Amarillo.png","contentUrl":"\/transparencia\/wp-content\/uploads\/2017\/01\/Logo-EDEEste-Azul-Amarillo.png","width":2471,"height":1125,"caption":"EDEESTE - Portal de Transparencia Institucional"},"image":{"@id":"https:\/\/edeeste.com.do\/transparencia\/#\/schema\/logo\/image\/"},"sameAs":["https:\/\/www.facebook.com\/EDEEste","https:\/\/x.com\/EdeesteRD"]}]}},"_links":{"self":[{"href":"https:\/\/edeeste.com.do\/transparencia\/index.php\/wp-json\/wp\/v2\/pages\/48"}],"collection":[{"href":"https:\/\/edeeste.com.do\/transparencia\/index.php\/wp-json\/wp\/v2\/pages"}],"about":[{"href":"https:\/\/edeeste.com.do\/transparencia\/index.php\/wp-json\/wp\/v2\/types\/page"}],"author":[{"embeddable":true,"href":"https:\/\/edeeste.com.do\/transparencia\/index.php\/wp-json\/wp\/v2\/users\/1"}],"replies":[{"embeddable":true,"href":"https:\/\/edeeste.com.do\/transparencia\/index.php\/wp-json\/wp\/v2\/comments?post=48"}],"version-history":[{"count":2,"href":"https:\/\/edeeste.com.do\/transparencia\/index.php\/wp-json\/wp\/v2\/pages\/48\/revisions"}],"predecessor-version":[{"id":11381,"href":"https:\/\/edeeste.com.do\/transparencia\/index.php\/wp-json\/wp\/v2\/pages\/48\/revisions\/11381"}],"wp:attachment":[{"href":"https:\/\/edeeste.com.do\/transparencia\/index.php\/wp-json\/wp\/v2\/media?parent=48"}],"curies":[{"name":"wp","href":"https:\/\/api.w.org\/{rel}","templated":true}]}}