{"id":4458,"date":"2017-11-08T15:45:42","date_gmt":"2017-11-08T19:45:42","guid":{"rendered":"https:\/\/www.edeeste.com.do\/transparencia\/?page_id=4458"},"modified":"2024-08-22T22:49:17","modified_gmt":"2024-08-23T02:49:17","slug":"solicitud-acceso-la-informacion-publica-saip","status":"publish","type":"page","link":"https:\/\/edeeste.com.do\/transparencia\/index.php\/oai\/solicitud-acceso-la-informacion-publica-saip\/","title":{"rendered":"Solicitud de Acceso a la Informaci\u00f3n P\u00fablica"},"content":{"rendered":"\t\t<div data-elementor-type=\"wp-page\" data-elementor-id=\"4458\" class=\"elementor elementor-4458\" data-elementor-post-type=\"page\">\n\t\t\t\t\t\t<section class=\"elementor-section elementor-top-section elementor-element elementor-element-a8f9dad elementor-section-boxed elementor-section-height-default elementor-section-height-default\" data-id=\"a8f9dad\" data-element_type=\"section\">\n\t\t\t\t\t\t<div class=\"elementor-container elementor-column-gap-default\">\n\t\t\t\t\t<div class=\"elementor-column elementor-col-100 elementor-top-column elementor-element elementor-element-6d1ce541\" data-id=\"6d1ce541\" data-element_type=\"column\">\n\t\t\t<div class=\"elementor-widget-wrap elementor-element-populated\">\n\t\t\t\t\t\t<div class=\"elementor-element elementor-element-56c116de elementor-widget elementor-widget-text-editor\" data-id=\"56c116de\" data-element_type=\"widget\" data-widget_type=\"text-editor.default\">\n\t\t\t\t<div class=\"elementor-widget-container\">\n\t\t\t\t\t\t\t<div class=\"su-heading su-heading-style-default su-heading-align-center\" id=\"\" style=\"font-size:12px;margin-bottom:10px\"><div class=\"su-heading-inner\"><img decoding=\"async\" class=\"aligncenter wp-image-4460 size-medium\" src=\"https:\/\/www.edeeste.com.do\/transparencia\/wp-content\/uploads\/logo-saip-300x77.png\" alt=\"logo-saip\" width=\"300\" height=\"77\" srcset=\"\/transparencia\/wp-content\/uploads\/logo-saip-300x77.png 300w, \/transparencia\/wp-content\/uploads\/logo-saip.png 442w\" sizes=\"(max-width: 300px) 100vw, 300px\" \/><\/div><\/div>\r\n<p style=\"text-align: justify;\">A trav\u00e9s de este sistema los ciudadanos pueden realizar sus solicitudes de acceso a la informaci\u00f3n p\u00fablica de forma f\u00e1cil, \u00e1gil y desde cualquier punto de la geograf\u00eda nacional o mundial, salvando con esto los costos de traslado, y acercando por ende el Estado a la sociedad a trav\u00e9s del uso intensivo de las tecnolog\u00edas de la informaci\u00f3n y comunicaci\u00f3n, facilitando el control social, la transparencia, la participaci\u00f3n y colaboraci\u00f3n ciudadanas.<\/p>\r\nPuede llenar su solicitud en el siguiente link.\r\n<div class=\"tp-mask-wrap text-center\" style=\"position: center; overflow: visible; height: auto; width: auto;\"><a class=\"tp-caption btn btn-lg btn-primary btn-slider-action\" style=\"color: #fff; background: #17479E; visibility: inherit; transition: none; line-height: 18px; border-width: 1px; margin: 0px; padding: 15px 20px; letter-spacing: 0px; font-size: 18px; white-space: nowrap; min-height: 0px; min-width: 0px; max-height: none; max-width: none; opacity: 1; transform: matrix3d(1, 0, 0, 0, 0, 1, 0, 0, 0, 0, 1, 0, 0, 0, 0, 1); transform-origin: 50% 50% 0px;\" role=\"button\" href=\"https:\/\/saip.gob.do\/realizar-solicitud.php\" target=\"blank\" data-x=\"center\" data-hoffset=\"0\" data-y=\"center\" data-voffset=\"80\">Formulario de Solicitud de Informaci\u00f3n<\/a><\/div>\r\n&nbsp;\r\n\r\n<strong>Recomendaci\u00f3n de consulta previa.<\/strong>\r\n\r\nAntes de enviar una solicitud de informaci\u00f3n en el marco de la Ley General de Libre Acceso a la Informaci\u00f3n P\u00fablica No. 200-04, se sugiere al solicitante consultar la secci\u00f3n de Transparencia, as\u00ed como analizar el resto de la p\u00e1gina web de EDE Este, donde es posible que encuentre la informaci\u00f3n que pudiera requerir. Esto obedece al hecho de que EDE Este cumple con su obligaci\u00f3n de transparencia activa, de suministrar al p\u00fablico la m\u00e1xima cantidad de informaci\u00f3n en forma oficiosa. Siendo esta informaci\u00f3n completa, comprensible, con un lenguaje accesible y actualizada, en cumplimiento de la citada ley y la Constituci\u00f3n de la Rep\u00fablica, a fin de contribuir con la correcta orientaci\u00f3n sobre los aspectos vinculados a su administraci\u00f3n y gesti\u00f3n, as\u00ed como de sus \u00e1reas de competencia y concesi\u00f3n para el suministro el\u00e9ctrico en la Regi\u00f3n Este del pa\u00eds.\t\t\t\t\t\t<\/div>\n\t\t\t\t<\/div>\n\t\t\t\t\t<\/div>\n\t\t<\/div>\n\t\t\t\t\t<\/div>\n\t\t<\/section>\n\t\t\t\t<\/div>\n\t\t","protected":false},"excerpt":{"rendered":"<p>A trav\u00e9s de este sistema los ciudadanos pueden realizar sus solicitudes de acceso a la informaci\u00f3n p\u00fablica de forma f\u00e1cil, \u00e1gil y desde cualquier punto de la geograf\u00eda nacional o mundial, salvando con esto los costos de traslado, y acercando por ende el Estado a la sociedad a trav\u00e9s del uso intensivo de las tecnolog\u00edas [&hellip;]<\/p>\n","protected":false},"author":1,"featured_media":0,"parent":31,"menu_order":0,"comment_status":"closed","ping_status":"closed","template":"","meta":{"footnotes":""},"class_list":["post-4458","page","type-page","status-publish","hentry"],"yoast_head":"<!-- This site is optimized with the Yoast SEO plugin v23.5 - https:\/\/yoast.com\/wordpress\/plugins\/seo\/ -->\n<title>Solicitud de Acceso a la Informaci\u00f3n P\u00fablica | Transparencia EDESTE<\/title>\n<meta name=\"description\" content=\"A trav\u00e9s de este sistema los ciudadanos pueden realizar sus solicitudes de acceso a la informaci\u00f3n p\u00fablica de forma f\u00e1cil y \u00e1gil.\" \/>\n<meta name=\"robots\" content=\"index, follow, max-snippet:-1, max-image-preview:large, max-video-preview:-1\" \/>\n<link rel=\"canonical\" href=\"https:\/\/portaledeestewp-prod.azurewebsites.net\/transparencia\/index.php\/oai\/solicitud-acceso-la-informacion-publica-saip\/\" \/>\n<meta property=\"og:locale\" content=\"es_ES\" \/>\n<meta property=\"og:type\" content=\"article\" \/>\n<meta property=\"og:title\" content=\"Solicitud de Acceso a la Informaci\u00f3n P\u00fablica | Transparencia EDESTE\" \/>\n<meta property=\"og:description\" content=\"A trav\u00e9s de este sistema los ciudadanos pueden realizar sus solicitudes de acceso a la informaci\u00f3n p\u00fablica de forma f\u00e1cil y \u00e1gil.\" \/>\n<meta property=\"og:url\" content=\"https:\/\/portaledeestewp-prod.azurewebsites.net\/transparencia\/index.php\/oai\/solicitud-acceso-la-informacion-publica-saip\/\" \/>\n<meta property=\"og:site_name\" content=\"Empresa Distribuidora de Electricidad del Este\" \/>\n<meta property=\"article:publisher\" content=\"https:\/\/www.facebook.com\/EDEEste\" \/>\n<meta property=\"article:modified_time\" content=\"2024-08-23T02:49:17+00:00\" \/>\n<meta property=\"og:image\" content=\"https:\/\/www.edeeste.com.do\/transparencia\/wp-content\/uploads\/logo-saip-300x77.png\" \/>\n<meta name=\"twitter:card\" content=\"summary_large_image\" \/>\n<meta name=\"twitter:site\" content=\"@EdeesteRD\" \/>\n<meta name=\"twitter:label1\" content=\"Tiempo de lectura\" \/>\n\t<meta name=\"twitter:data1\" content=\"2 minutos\" \/>\n<script type=\"application\/ld+json\" class=\"yoast-schema-graph\">{\"@context\":\"https:\/\/schema.org\",\"@graph\":[{\"@type\":\"WebPage\",\"@id\":\"https:\/\/portaledeestewp-prod.azurewebsites.net\/transparencia\/index.php\/oai\/solicitud-acceso-la-informacion-publica-saip\/\",\"url\":\"https:\/\/portaledeestewp-prod.azurewebsites.net\/transparencia\/index.php\/oai\/solicitud-acceso-la-informacion-publica-saip\/\",\"name\":\"Solicitud de Acceso a la Informaci\u00f3n P\u00fablica | Transparencia EDESTE\",\"isPartOf\":{\"@id\":\"https:\/\/edeeste.com.do\/transparencia\/#website\"},\"primaryImageOfPage\":{\"@id\":\"https:\/\/portaledeestewp-prod.azurewebsites.net\/transparencia\/index.php\/oai\/solicitud-acceso-la-informacion-publica-saip\/#primaryimage\"},\"image\":{\"@id\":\"https:\/\/portaledeestewp-prod.azurewebsites.net\/transparencia\/index.php\/oai\/solicitud-acceso-la-informacion-publica-saip\/#primaryimage\"},\"thumbnailUrl\":\"https:\/\/www.edeeste.com.do\/transparencia\/wp-content\/uploads\/logo-saip-300x77.png\",\"datePublished\":\"2017-11-08T19:45:42+00:00\",\"dateModified\":\"2024-08-23T02:49:17+00:00\",\"description\":\"A trav\u00e9s de este sistema los ciudadanos pueden realizar sus solicitudes de acceso a la informaci\u00f3n p\u00fablica de forma f\u00e1cil y \u00e1gil.\",\"breadcrumb\":{\"@id\":\"https:\/\/portaledeestewp-prod.azurewebsites.net\/transparencia\/index.php\/oai\/solicitud-acceso-la-informacion-publica-saip\/#breadcrumb\"},\"inLanguage\":\"es\",\"potentialAction\":[{\"@type\":\"ReadAction\",\"target\":[\"https:\/\/portaledeestewp-prod.azurewebsites.net\/transparencia\/index.php\/oai\/solicitud-acceso-la-informacion-publica-saip\/\"]}]},{\"@type\":\"ImageObject\",\"inLanguage\":\"es\",\"@id\":\"https:\/\/portaledeestewp-prod.azurewebsites.net\/transparencia\/index.php\/oai\/solicitud-acceso-la-informacion-publica-saip\/#primaryimage\",\"url\":\"https:\/\/www.edeeste.com.do\/transparencia\/wp-content\/uploads\/logo-saip-300x77.png\",\"contentUrl\":\"https:\/\/www.edeeste.com.do\/transparencia\/wp-content\/uploads\/logo-saip-300x77.png\"},{\"@type\":\"BreadcrumbList\",\"@id\":\"https:\/\/portaledeestewp-prod.azurewebsites.net\/transparencia\/index.php\/oai\/solicitud-acceso-la-informacion-publica-saip\/#breadcrumb\",\"itemListElement\":[{\"@type\":\"ListItem\",\"position\":1,\"name\":\"Inicio\",\"item\":\"https:\/\/edeeste.com.do\/transparencia\/\"},{\"@type\":\"ListItem\",\"position\":2,\"name\":\"OAI\",\"item\":\"https:\/\/portaledeestewp-prod.azurewebsites.net\/transparencia\/index.php\/oai\/\"},{\"@type\":\"ListItem\",\"position\":3,\"name\":\"Solicitud de Acceso a la Informaci\u00f3n P\u00fablica\"}]},{\"@type\":\"WebSite\",\"@id\":\"https:\/\/edeeste.com.do\/transparencia\/#website\",\"url\":\"https:\/\/edeeste.com.do\/transparencia\/\",\"name\":\"Empresa Distribuidora de Electricidad del Este\",\"description\":\"Transparencia EDEESTE\",\"publisher\":{\"@id\":\"https:\/\/edeeste.com.do\/transparencia\/#organization\"},\"potentialAction\":[{\"@type\":\"SearchAction\",\"target\":{\"@type\":\"EntryPoint\",\"urlTemplate\":\"https:\/\/edeeste.com.do\/transparencia\/?s={search_term_string}\"},\"query-input\":{\"@type\":\"PropertyValueSpecification\",\"valueRequired\":true,\"valueName\":\"search_term_string\"}}],\"inLanguage\":\"es\"},{\"@type\":\"Organization\",\"@id\":\"https:\/\/edeeste.com.do\/transparencia\/#organization\",\"name\":\"EDEESTE - Portal de Transparencia Institucional\",\"url\":\"https:\/\/edeeste.com.do\/transparencia\/\",\"logo\":{\"@type\":\"ImageObject\",\"inLanguage\":\"es\",\"@id\":\"https:\/\/edeeste.com.do\/transparencia\/#\/schema\/logo\/image\/\",\"url\":\"\/transparencia\/wp-content\/uploads\/2017\/01\/Logo-EDEEste-Azul-Amarillo.png\",\"contentUrl\":\"\/transparencia\/wp-content\/uploads\/2017\/01\/Logo-EDEEste-Azul-Amarillo.png\",\"width\":2471,\"height\":1125,\"caption\":\"EDEESTE - Portal de Transparencia Institucional\"},\"image\":{\"@id\":\"https:\/\/edeeste.com.do\/transparencia\/#\/schema\/logo\/image\/\"},\"sameAs\":[\"https:\/\/www.facebook.com\/EDEEste\",\"https:\/\/x.com\/EdeesteRD\"]}]}<\/script>\n<!-- \/ Yoast SEO plugin. -->","yoast_head_json":{"title":"Solicitud de Acceso a la Informaci\u00f3n P\u00fablica | Transparencia EDESTE","description":"A trav\u00e9s de este sistema los ciudadanos pueden realizar sus solicitudes de acceso a la informaci\u00f3n p\u00fablica de forma f\u00e1cil y \u00e1gil.","robots":{"index":"index","follow":"follow","max-snippet":"max-snippet:-1","max-image-preview":"max-image-preview:large","max-video-preview":"max-video-preview:-1"},"canonical":"https:\/\/portaledeestewp-prod.azurewebsites.net\/transparencia\/index.php\/oai\/solicitud-acceso-la-informacion-publica-saip\/","og_locale":"es_ES","og_type":"article","og_title":"Solicitud de Acceso a la Informaci\u00f3n P\u00fablica | Transparencia EDESTE","og_description":"A trav\u00e9s de este sistema los ciudadanos pueden realizar sus solicitudes de acceso a la informaci\u00f3n p\u00fablica de forma f\u00e1cil y \u00e1gil.","og_url":"https:\/\/portaledeestewp-prod.azurewebsites.net\/transparencia\/index.php\/oai\/solicitud-acceso-la-informacion-publica-saip\/","og_site_name":"Empresa Distribuidora de Electricidad del Este","article_publisher":"https:\/\/www.facebook.com\/EDEEste","article_modified_time":"2024-08-23T02:49:17+00:00","og_image":[{"url":"https:\/\/www.edeeste.com.do\/transparencia\/wp-content\/uploads\/logo-saip-300x77.png"}],"twitter_card":"summary_large_image","twitter_site":"@EdeesteRD","twitter_misc":{"Tiempo de lectura":"2 minutos"},"schema":{"@context":"https:\/\/schema.org","@graph":[{"@type":"WebPage","@id":"https:\/\/portaledeestewp-prod.azurewebsites.net\/transparencia\/index.php\/oai\/solicitud-acceso-la-informacion-publica-saip\/","url":"https:\/\/portaledeestewp-prod.azurewebsites.net\/transparencia\/index.php\/oai\/solicitud-acceso-la-informacion-publica-saip\/","name":"Solicitud de Acceso a la Informaci\u00f3n P\u00fablica | Transparencia EDESTE","isPartOf":{"@id":"https:\/\/edeeste.com.do\/transparencia\/#website"},"primaryImageOfPage":{"@id":"https:\/\/portaledeestewp-prod.azurewebsites.net\/transparencia\/index.php\/oai\/solicitud-acceso-la-informacion-publica-saip\/#primaryimage"},"image":{"@id":"https:\/\/portaledeestewp-prod.azurewebsites.net\/transparencia\/index.php\/oai\/solicitud-acceso-la-informacion-publica-saip\/#primaryimage"},"thumbnailUrl":"https:\/\/www.edeeste.com.do\/transparencia\/wp-content\/uploads\/logo-saip-300x77.png","datePublished":"2017-11-08T19:45:42+00:00","dateModified":"2024-08-23T02:49:17+00:00","description":"A trav\u00e9s de este sistema los ciudadanos pueden realizar sus solicitudes de acceso a la informaci\u00f3n p\u00fablica de forma f\u00e1cil y \u00e1gil.","breadcrumb":{"@id":"https:\/\/portaledeestewp-prod.azurewebsites.net\/transparencia\/index.php\/oai\/solicitud-acceso-la-informacion-publica-saip\/#breadcrumb"},"inLanguage":"es","potentialAction":[{"@type":"ReadAction","target":["https:\/\/portaledeestewp-prod.azurewebsites.net\/transparencia\/index.php\/oai\/solicitud-acceso-la-informacion-publica-saip\/"]}]},{"@type":"ImageObject","inLanguage":"es","@id":"https:\/\/portaledeestewp-prod.azurewebsites.net\/transparencia\/index.php\/oai\/solicitud-acceso-la-informacion-publica-saip\/#primaryimage","url":"https:\/\/www.edeeste.com.do\/transparencia\/wp-content\/uploads\/logo-saip-300x77.png","contentUrl":"https:\/\/www.edeeste.com.do\/transparencia\/wp-content\/uploads\/logo-saip-300x77.png"},{"@type":"BreadcrumbList","@id":"https:\/\/portaledeestewp-prod.azurewebsites.net\/transparencia\/index.php\/oai\/solicitud-acceso-la-informacion-publica-saip\/#breadcrumb","itemListElement":[{"@type":"ListItem","position":1,"name":"Inicio","item":"https:\/\/edeeste.com.do\/transparencia\/"},{"@type":"ListItem","position":2,"name":"OAI","item":"https:\/\/portaledeestewp-prod.azurewebsites.net\/transparencia\/index.php\/oai\/"},{"@type":"ListItem","position":3,"name":"Solicitud de Acceso a la Informaci\u00f3n P\u00fablica"}]},{"@type":"WebSite","@id":"https:\/\/edeeste.com.do\/transparencia\/#website","url":"https:\/\/edeeste.com.do\/transparencia\/","name":"Empresa Distribuidora de Electricidad del Este","description":"Transparencia EDEESTE","publisher":{"@id":"https:\/\/edeeste.com.do\/transparencia\/#organization"},"potentialAction":[{"@type":"SearchAction","target":{"@type":"EntryPoint","urlTemplate":"https:\/\/edeeste.com.do\/transparencia\/?s={search_term_string}"},"query-input":{"@type":"PropertyValueSpecification","valueRequired":true,"valueName":"search_term_string"}}],"inLanguage":"es"},{"@type":"Organization","@id":"https:\/\/edeeste.com.do\/transparencia\/#organization","name":"EDEESTE - Portal de Transparencia Institucional","url":"https:\/\/edeeste.com.do\/transparencia\/","logo":{"@type":"ImageObject","inLanguage":"es","@id":"https:\/\/edeeste.com.do\/transparencia\/#\/schema\/logo\/image\/","url":"\/transparencia\/wp-content\/uploads\/2017\/01\/Logo-EDEEste-Azul-Amarillo.png","contentUrl":"\/transparencia\/wp-content\/uploads\/2017\/01\/Logo-EDEEste-Azul-Amarillo.png","width":2471,"height":1125,"caption":"EDEESTE - Portal de Transparencia Institucional"},"image":{"@id":"https:\/\/edeeste.com.do\/transparencia\/#\/schema\/logo\/image\/"},"sameAs":["https:\/\/www.facebook.com\/EDEEste","https:\/\/x.com\/EdeesteRD"]}]}},"_links":{"self":[{"href":"https:\/\/edeeste.com.do\/transparencia\/index.php\/wp-json\/wp\/v2\/pages\/4458"}],"collection":[{"href":"https:\/\/edeeste.com.do\/transparencia\/index.php\/wp-json\/wp\/v2\/pages"}],"about":[{"href":"https:\/\/edeeste.com.do\/transparencia\/index.php\/wp-json\/wp\/v2\/types\/page"}],"author":[{"embeddable":true,"href":"https:\/\/edeeste.com.do\/transparencia\/index.php\/wp-json\/wp\/v2\/users\/1"}],"replies":[{"embeddable":true,"href":"https:\/\/edeeste.com.do\/transparencia\/index.php\/wp-json\/wp\/v2\/comments?post=4458"}],"version-history":[{"count":23,"href":"https:\/\/edeeste.com.do\/transparencia\/index.php\/wp-json\/wp\/v2\/pages\/4458\/revisions"}],"predecessor-version":[{"id":15742,"href":"https:\/\/edeeste.com.do\/transparencia\/index.php\/wp-json\/wp\/v2\/pages\/4458\/revisions\/15742"}],"up":[{"embeddable":true,"href":"https:\/\/edeeste.com.do\/transparencia\/index.php\/wp-json\/wp\/v2\/pages\/31"}],"wp:attachment":[{"href":"https:\/\/edeeste.com.do\/transparencia\/index.php\/wp-json\/wp\/v2\/media?parent=4458"}],"curies":[{"name":"wp","href":"https:\/\/api.w.org\/{rel}","templated":true}]}}