{"id":4020,"date":"2017-08-14T09:58:00","date_gmt":"2017-08-14T13:58:00","guid":{"rendered":"https:\/\/www.edeeste.com.do\/transparencia\/?page_id=4020"},"modified":"2026-03-26T15:44:59","modified_gmt":"2026-03-26T19:44:59","slug":"declaraciones-juradas-patrimonio","status":"publish","type":"page","link":"https:\/\/edeeste.com.do\/transparencia\/index.php\/declaraciones-juradas-patrimonio\/","title":{"rendered":"Declaraciones Juradas de Patrimonio"},"content":{"rendered":"\t\t<div data-elementor-type=\"wp-page\" data-elementor-id=\"4020\" class=\"elementor elementor-4020\" data-elementor-post-type=\"page\">\n\t\t\t\t\t\t<section class=\"elementor-section elementor-top-section elementor-element elementor-element-0f5ad94 elementor-section-boxed elementor-section-height-default elementor-section-height-default\" data-id=\"0f5ad94\" data-element_type=\"section\">\n\t\t\t\t\t\t<div class=\"elementor-container elementor-column-gap-default\">\n\t\t\t\t\t<div class=\"elementor-column elementor-col-100 elementor-top-column elementor-element elementor-element-d1d80f4\" data-id=\"d1d80f4\" data-element_type=\"column\">\n\t\t\t<div class=\"elementor-widget-wrap elementor-element-populated\">\n\t\t\t\t\t\t<div class=\"elementor-element elementor-element-5d68f30 elementor-widget elementor-widget-text-editor\" data-id=\"5d68f30\" data-element_type=\"widget\" data-widget_type=\"text-editor.default\">\n\t\t\t\t<div class=\"elementor-widget-container\">\n\t\t\t\t\t\t\t<p><em>Este espacio est\u00e1 en proceso de reestructuraci\u00f3n, a partir de la designaci\u00f3n de nuevas autoridades y a la espera de que la C\u00e1mara de Cuentas provea las declaraciones juradas de patrimonio de los funcionarios y servidores p\u00fablicos de la empresa, sujetos al cumplimiento de la Ley No.311-14 de fecha 8 de agosto del 2014 y su reglamento de aplicaci\u00f3n 92-16 de fecha 19 de febrero de 2016, entre otras normativas, a los fines de dar cumplimiento a la Ley 200-04 de Libre Acceso a\u00a0 la Informaci\u00f3n y disposiciones complementarias, como a la Resoluci\u00f3n 002\/2021 de fecha 10 de febrero del 2021 de la Direcci\u00f3n General de \u00c9tica e Integridad Gubernamental (DIGEIG).<\/em><\/p>\t\t\t\t\t\t<\/div>\n\t\t\t\t<\/div>\n\t\t\t\t\t<\/div>\n\t\t<\/div>\n\t\t\t\t\t<\/div>\n\t\t<\/section>\n\t\t\t\t<section class=\"elementor-section elementor-top-section elementor-element elementor-element-19277b5 elementor-section-boxed elementor-section-height-default elementor-section-height-default\" data-id=\"19277b5\" data-element_type=\"section\">\n\t\t\t\t\t\t<div class=\"elementor-container elementor-column-gap-default\">\n\t\t\t\t\t<div class=\"elementor-column elementor-col-100 elementor-top-column elementor-element elementor-element-386d737\" data-id=\"386d737\" data-element_type=\"column\">\n\t\t\t<div class=\"elementor-widget-wrap elementor-element-populated\">\n\t\t\t\t\t\t<div class=\"elementor-element elementor-element-d789bf0 elementor-widget elementor-widget-shortcode\" data-id=\"d789bf0\" data-element_type=\"widget\" data-widget_type=\"shortcode.default\">\n\t\t\t\t<div class=\"elementor-widget-container\">\n\t\t\t\t\t<div class=\"elementor-shortcode\"><div class='w3eden'><!-- WPDM Link Template: Widget Template -->\n\n<div class=\"media well link-template-widget\">\n    <a class=\"mr-3 img-48\" href=\"https:\/\/edeeste.com.do\/transparencia\/index.php\/wpdm-package\/djp-emilio-contreras-hernandez-gerente-general\/\">\n        <img decoding=\"async\" class=\"wpdm_icon\" alt=\"Icono\"   src=\"http:\/\/edeeste.com.do\/transparencia\/wp-content\/plugins\/download-manager\/assets\/file-type-icons\/download_folder.png\" \/>\n    <\/a>\n    <div class=\"media-body\">\n        <a href=\"https:\/\/edeeste.com.do\/transparencia\/index.php\/wpdm-package\/djp-emilio-contreras-hernandez-gerente-general\/\" style=\"display: block;clear: bottom;font-size: 11pt;font-weight: bold;\">DJP- Emilio Contreras Hernandez \u2013 Gerente General<\/a>\n        <div style=\"font-size: 9pt;\">\n            <i class=\"fas fa-hdd color-green\"><\/i> 831.23 KB <i class=\"fa fa-copy ml-3\"><\/i>\n            2 file(s)\n        <\/div>\n    <\/div>\n<\/div>\n\n<\/div><\/div>\n\t\t\t\t<\/div>\n\t\t\t\t<\/div>\n\t\t\t\t\t<\/div>\n\t\t<\/div>\n\t\t\t\t\t<\/div>\n\t\t<\/section>\n\t\t\t\t<section class=\"elementor-section elementor-top-section elementor-element elementor-element-ba3578f elementor-section-boxed elementor-section-height-default elementor-section-height-default\" data-id=\"ba3578f\" data-element_type=\"section\">\n\t\t\t\t\t\t<div class=\"elementor-container elementor-column-gap-default\">\n\t\t\t\t\t<div class=\"elementor-column elementor-col-100 elementor-top-column elementor-element elementor-element-32d828e\" data-id=\"32d828e\" data-element_type=\"column\">\n\t\t\t<div class=\"elementor-widget-wrap elementor-element-populated\">\n\t\t\t\t\t\t<div class=\"elementor-element elementor-element-b724be7 elementor-widget elementor-widget-shortcode\" data-id=\"b724be7\" data-element_type=\"widget\" data-widget_type=\"shortcode.default\">\n\t\t\t\t<div class=\"elementor-widget-container\">\n\t\t\t\t\t<div class=\"elementor-shortcode\"><div class='w3eden'><!-- WPDM Link Template: Widget Template -->\n\n<div class=\"media well link-template-widget\">\n    <a class=\"mr-3 img-48\" href=\"https:\/\/edeeste.com.do\/transparencia\/index.php\/wpdm-package\/djp-juan-alberto-lora-troncoso\/\">\n        <img decoding=\"async\" class=\"wpdm_icon\" alt=\"Icono\"   src=\"https:\/\/edeeste.com.do\/transparencia\/wp-content\/plugins\/download-manager\/assets\/file-type-icons\/download_folder.png\" \/>\n    <\/a>\n    <div class=\"media-body\">\n        <a href=\"https:\/\/edeeste.com.do\/transparencia\/index.php\/wpdm-package\/djp-juan-alberto-lora-troncoso\/\" style=\"display: block;clear: bottom;font-size: 11pt;font-weight: bold;\">DJP - Juan Alberto Lora Troncoso - Director de Finanzas<\/a>\n        <div style=\"font-size: 9pt;\">\n            <i class=\"fas fa-hdd color-green\"><\/i> 315.00 KB <i class=\"fa fa-copy ml-3\"><\/i>\n            2 file(s)\n        <\/div>\n    <\/div>\n<\/div>\n\n<\/div><\/div>\n\t\t\t\t<\/div>\n\t\t\t\t<\/div>\n\t\t\t\t\t<\/div>\n\t\t<\/div>\n\t\t\t\t\t<\/div>\n\t\t<\/section>\n\t\t\t\t<section class=\"elementor-section elementor-top-section elementor-element elementor-element-6d4ac0c elementor-section-boxed elementor-section-height-default elementor-section-height-default\" data-id=\"6d4ac0c\" data-element_type=\"section\">\n\t\t\t\t\t\t<div class=\"elementor-container elementor-column-gap-default\">\n\t\t\t\t\t<div class=\"elementor-column elementor-col-100 elementor-top-column elementor-element elementor-element-da816df\" data-id=\"da816df\" data-element_type=\"column\">\n\t\t\t<div class=\"elementor-widget-wrap elementor-element-populated\">\n\t\t\t\t\t\t<div class=\"elementor-element elementor-element-5df11f5 elementor-widget elementor-widget-shortcode\" data-id=\"5df11f5\" data-element_type=\"widget\" data-widget_type=\"shortcode.default\">\n\t\t\t\t<div class=\"elementor-widget-container\">\n\t\t\t\t\t<div class=\"elementor-shortcode\"><div class='w3eden'><!-- WPDM Link Template: Widget Template -->\n\n<div class=\"media well link-template-widget\">\n    <a class=\"mr-3 img-48\" href=\"https:\/\/edeeste.com.do\/transparencia\/index.php\/wpdm-package\/djp-luisa-maria-galvez-severino-directora-de-compras-y-contrataciones\/\">\n        <img decoding=\"async\" class=\"wpdm_icon\" alt=\"Icono\"   src=\"http:\/\/edeeste.com.do\/transparencia\/wp-content\/plugins\/download-manager\/assets\/file-type-icons\/download_folder.png\" \/>\n    <\/a>\n    <div class=\"media-body\">\n        <a href=\"https:\/\/edeeste.com.do\/transparencia\/index.php\/wpdm-package\/djp-luisa-maria-galvez-severino-directora-de-compras-y-contrataciones\/\" style=\"display: block;clear: bottom;font-size: 11pt;font-weight: bold;\">DJP- Luisa Maria Galvez Severino - Directora de Compras y Contrataciones<\/a>\n        <div style=\"font-size: 9pt;\">\n            <i class=\"fas fa-hdd color-green\"><\/i> 592.67 KB <i class=\"fa fa-copy ml-3\"><\/i>\n            1 file(s)\n        <\/div>\n    <\/div>\n<\/div>\n\n<\/div><\/div>\n\t\t\t\t<\/div>\n\t\t\t\t<\/div>\n\t\t\t\t\t<\/div>\n\t\t<\/div>\n\t\t\t\t\t<\/div>\n\t\t<\/section>\n\t\t\t\t<section class=\"elementor-section elementor-top-section elementor-element elementor-element-bff8438 elementor-section-boxed elementor-section-height-default elementor-section-height-default\" data-id=\"bff8438\" data-element_type=\"section\">\n\t\t\t\t\t\t<div class=\"elementor-container elementor-column-gap-default\">\n\t\t\t\t\t\t<\/div>\n\t\t<\/section>\n\t\t\t\t<section class=\"elementor-section elementor-top-section elementor-element elementor-element-dfa7a6c elementor-section-boxed elementor-section-height-default elementor-section-height-default\" data-id=\"dfa7a6c\" data-element_type=\"section\">\n\t\t\t\t\t\t<div class=\"elementor-container elementor-column-gap-default\">\n\t\t\t\t\t<div class=\"elementor-column elementor-col-100 elementor-top-column elementor-element elementor-element-353aa29\" data-id=\"353aa29\" data-element_type=\"column\">\n\t\t\t<div class=\"elementor-widget-wrap elementor-element-populated\">\n\t\t\t\t\t\t<div class=\"elementor-element elementor-element-1aa0a3e elementor-align-left elementor-widget elementor-widget-button\" data-id=\"1aa0a3e\" data-element_type=\"widget\" data-widget_type=\"button.default\">\n\t\t\t\t<div class=\"elementor-widget-container\">\n\t\t\t\t\t<div class=\"elementor-button-wrapper\">\n\t\t\t<a class=\"elementor-button elementor-button-link elementor-size-md\" href=\"https:\/\/djurada.camaradecuentas.gob.do\/DJP_OJO_CIUDADANO\/pgReportesDJPExternos.aspx\" target=\"_blank\">\n\t\t\t\t\t\t<span class=\"elementor-button-content-wrapper\">\n\t\t\t\t\t\t\t\t\t<span class=\"elementor-button-text\">Enlace Consulta DJP C\u00e1mara de Cuentas de la Rep\u00fablica Dominicana<\/span>\n\t\t\t\t\t<\/span>\n\t\t\t\t\t<\/a>\n\t\t<\/div>\n\t\t\t\t<\/div>\n\t\t\t\t<\/div>\n\t\t\t\t\t<\/div>\n\t\t<\/div>\n\t\t\t\t<div class=\"elementor-column elementor-col-100 elementor-top-column elementor-element elementor-element-3646fbf\" data-id=\"3646fbf\" data-element_type=\"column\">\n\t\t\t<div class=\"elementor-widget-wrap elementor-element-populated\">\n\t\t\t\t\t\t<div class=\"elementor-element elementor-element-e700acd elementor-align-left elementor-widget elementor-widget-button\" data-id=\"e700acd\" data-element_type=\"widget\" data-widget_type=\"button.default\">\n\t\t\t\t<div class=\"elementor-widget-container\">\n\t\t\t\t\t<div class=\"elementor-button-wrapper\">\n\t\t\t<a class=\"elementor-button elementor-button-link elementor-size-md\" href=\"http:\/\/www.consultoria.gov.do\/consulta\/\" target=\"_blank\">\n\t\t\t\t\t\t<span class=\"elementor-button-content-wrapper\">\n\t\t\t\t\t\t\t\t\t<span class=\"elementor-button-text\">Enlace Consulta Jur\u00eddica del Poder Ejecutivo<\/span>\n\t\t\t\t\t<\/span>\n\t\t\t\t\t<\/a>\n\t\t<\/div>\n\t\t\t\t<\/div>\n\t\t\t\t<\/div>\n\t\t\t\t\t<\/div>\n\t\t<\/div>\n\t\t\t\t\t<\/div>\n\t\t<\/section>\n\t\t\t\t<section class=\"elementor-section elementor-top-section elementor-element elementor-element-6858f87 elementor-section-boxed elementor-section-height-default elementor-section-height-default\" data-id=\"6858f87\" data-element_type=\"section\">\n\t\t\t\t\t\t<div class=\"elementor-container elementor-column-gap-default\">\n\t\t\t\t\t<div class=\"elementor-column elementor-col-100 elementor-top-column elementor-element elementor-element-4424509\" data-id=\"4424509\" data-element_type=\"column\">\n\t\t\t<div class=\"elementor-widget-wrap elementor-element-populated\">\n\t\t\t\t\t\t<div class=\"elementor-element elementor-element-4a7b04c elementor-widget elementor-widget-image\" data-id=\"4a7b04c\" data-element_type=\"widget\" data-widget_type=\"image.default\">\n\t\t\t\t<div class=\"elementor-widget-container\">\n\t\t\t\t\t\t\t\t\t\t\t\t\t\t<a href=\"https:\/\/get.adobe.com\/es\/reader\/\" target=\"_blank\">\n\t\t\t\t\t\t\t<img decoding=\"async\" width=\"428\" height=\"39\" src=\"\/transparencia\/wp-content\/uploads\/pdf-download-banner-1.webp\" class=\"attachment-large size-large wp-image-15709\" alt=\"\" \/>\t\t\t\t\t\t\t\t<\/a>\n\t\t\t\t\t\t\t\t\t\t\t\t\t<\/div>\n\t\t\t\t<\/div>\n\t\t\t\t\t<\/div>\n\t\t<\/div>\n\t\t\t\t\t<\/div>\n\t\t<\/section>\n\t\t\t\t<\/div>\n\t\t","protected":false},"excerpt":{"rendered":"<p>Este espacio est\u00e1 en proceso de reestructuraci\u00f3n, a partir de la designaci\u00f3n de nuevas autoridades y a la espera de que la C\u00e1mara de Cuentas provea las declaraciones juradas de patrimonio de los funcionarios y servidores p\u00fablicos de la empresa, sujetos al cumplimiento de la Ley No.311-14 de fecha 8 de agosto del 2014 y [&hellip;]<\/p>\n","protected":false},"author":1,"featured_media":0,"parent":0,"menu_order":0,"comment_status":"closed","ping_status":"closed","template":"","meta":{"footnotes":""},"class_list":["post-4020","page","type-page","status-publish","hentry"],"yoast_head":"<!-- This site is optimized with the Yoast SEO plugin v23.5 - https:\/\/yoast.com\/wordpress\/plugins\/seo\/ -->\n<title>Declaraciones Juradas de Patrimonio | Empresa Distribuidora de Electricidad del Este<\/title>\n<meta name=\"robots\" content=\"index, follow, max-snippet:-1, max-image-preview:large, max-video-preview:-1\" \/>\n<link rel=\"canonical\" href=\"https:\/\/portaledeestewp-prod.azurewebsites.net\/transparencia\/index.php\/declaraciones-juradas-patrimonio\/\" \/>\n<meta property=\"og:locale\" content=\"es_ES\" \/>\n<meta property=\"og:type\" content=\"article\" \/>\n<meta property=\"og:title\" content=\"Declaraciones Juradas de Patrimonio | Empresa Distribuidora de Electricidad del Este\" \/>\n<meta property=\"og:description\" content=\"Este espacio est\u00e1 en proceso de reestructuraci\u00f3n, a partir de la designaci\u00f3n de nuevas autoridades y a la espera de que la C\u00e1mara de Cuentas provea las declaraciones juradas de patrimonio de los funcionarios y servidores p\u00fablicos de la empresa, sujetos al cumplimiento de la Ley No.311-14 de fecha 8 de agosto del 2014 y [&hellip;]\" \/>\n<meta property=\"og:url\" content=\"https:\/\/portaledeestewp-prod.azurewebsites.net\/transparencia\/index.php\/declaraciones-juradas-patrimonio\/\" \/>\n<meta property=\"og:site_name\" content=\"Empresa Distribuidora de Electricidad del Este\" \/>\n<meta property=\"article:publisher\" content=\"https:\/\/www.facebook.com\/EDEEste\" \/>\n<meta property=\"article:modified_time\" content=\"2026-03-26T19:44:59+00:00\" \/>\n<meta property=\"og:image\" content=\"https:\/\/edeeste.com.do\/transparencia\/wp-content\/uploads\/2017\/01\/Logo-EDEEste-Azul-Amarillo.png\" \/>\n\t<meta property=\"og:image:width\" content=\"2471\" \/>\n\t<meta property=\"og:image:height\" content=\"1125\" \/>\n\t<meta property=\"og:image:type\" content=\"image\/png\" \/>\n<meta name=\"twitter:card\" content=\"summary_large_image\" \/>\n<meta name=\"twitter:site\" content=\"@EdeesteRD\" \/>\n<meta name=\"twitter:label1\" content=\"Tiempo de lectura\" \/>\n\t<meta name=\"twitter:data1\" content=\"1 minuto\" \/>\n<script type=\"application\/ld+json\" class=\"yoast-schema-graph\">{\"@context\":\"https:\/\/schema.org\",\"@graph\":[{\"@type\":\"WebPage\",\"@id\":\"https:\/\/portaledeestewp-prod.azurewebsites.net\/transparencia\/index.php\/declaraciones-juradas-patrimonio\/\",\"url\":\"https:\/\/portaledeestewp-prod.azurewebsites.net\/transparencia\/index.php\/declaraciones-juradas-patrimonio\/\",\"name\":\"Declaraciones Juradas de Patrimonio | Empresa Distribuidora de Electricidad del Este\",\"isPartOf\":{\"@id\":\"https:\/\/edeeste.com.do\/transparencia\/#website\"},\"datePublished\":\"2017-08-14T13:58:00+00:00\",\"dateModified\":\"2026-03-26T19:44:59+00:00\",\"breadcrumb\":{\"@id\":\"https:\/\/portaledeestewp-prod.azurewebsites.net\/transparencia\/index.php\/declaraciones-juradas-patrimonio\/#breadcrumb\"},\"inLanguage\":\"es\",\"potentialAction\":[{\"@type\":\"ReadAction\",\"target\":[\"https:\/\/portaledeestewp-prod.azurewebsites.net\/transparencia\/index.php\/declaraciones-juradas-patrimonio\/\"]}]},{\"@type\":\"BreadcrumbList\",\"@id\":\"https:\/\/portaledeestewp-prod.azurewebsites.net\/transparencia\/index.php\/declaraciones-juradas-patrimonio\/#breadcrumb\",\"itemListElement\":[{\"@type\":\"ListItem\",\"position\":1,\"name\":\"Inicio\",\"item\":\"https:\/\/edeeste.com.do\/transparencia\/\"},{\"@type\":\"ListItem\",\"position\":2,\"name\":\"Declaraciones Juradas de Patrimonio\"}]},{\"@type\":\"WebSite\",\"@id\":\"https:\/\/edeeste.com.do\/transparencia\/#website\",\"url\":\"https:\/\/edeeste.com.do\/transparencia\/\",\"name\":\"Empresa Distribuidora de Electricidad del Este\",\"description\":\"Transparencia EDEESTE\",\"publisher\":{\"@id\":\"https:\/\/edeeste.com.do\/transparencia\/#organization\"},\"potentialAction\":[{\"@type\":\"SearchAction\",\"target\":{\"@type\":\"EntryPoint\",\"urlTemplate\":\"https:\/\/edeeste.com.do\/transparencia\/?s={search_term_string}\"},\"query-input\":{\"@type\":\"PropertyValueSpecification\",\"valueRequired\":true,\"valueName\":\"search_term_string\"}}],\"inLanguage\":\"es\"},{\"@type\":\"Organization\",\"@id\":\"https:\/\/edeeste.com.do\/transparencia\/#organization\",\"name\":\"EDEESTE - Portal de Transparencia Institucional\",\"url\":\"https:\/\/edeeste.com.do\/transparencia\/\",\"logo\":{\"@type\":\"ImageObject\",\"inLanguage\":\"es\",\"@id\":\"https:\/\/edeeste.com.do\/transparencia\/#\/schema\/logo\/image\/\",\"url\":\"\/transparencia\/wp-content\/uploads\/2017\/01\/Logo-EDEEste-Azul-Amarillo.png\",\"contentUrl\":\"\/transparencia\/wp-content\/uploads\/2017\/01\/Logo-EDEEste-Azul-Amarillo.png\",\"width\":2471,\"height\":1125,\"caption\":\"EDEESTE - Portal de Transparencia Institucional\"},\"image\":{\"@id\":\"https:\/\/edeeste.com.do\/transparencia\/#\/schema\/logo\/image\/\"},\"sameAs\":[\"https:\/\/www.facebook.com\/EDEEste\",\"https:\/\/x.com\/EdeesteRD\"]}]}<\/script>\n<!-- \/ Yoast SEO plugin. -->","yoast_head_json":{"title":"Declaraciones Juradas de Patrimonio | Empresa Distribuidora de Electricidad del Este","robots":{"index":"index","follow":"follow","max-snippet":"max-snippet:-1","max-image-preview":"max-image-preview:large","max-video-preview":"max-video-preview:-1"},"canonical":"https:\/\/portaledeestewp-prod.azurewebsites.net\/transparencia\/index.php\/declaraciones-juradas-patrimonio\/","og_locale":"es_ES","og_type":"article","og_title":"Declaraciones Juradas de Patrimonio | Empresa Distribuidora de Electricidad del Este","og_description":"Este espacio est\u00e1 en proceso de reestructuraci\u00f3n, a partir de la designaci\u00f3n de nuevas autoridades y a la espera de que la C\u00e1mara de Cuentas provea las declaraciones juradas de patrimonio de los funcionarios y servidores p\u00fablicos de la empresa, sujetos al cumplimiento de la Ley No.311-14 de fecha 8 de agosto del 2014 y [&hellip;]","og_url":"https:\/\/portaledeestewp-prod.azurewebsites.net\/transparencia\/index.php\/declaraciones-juradas-patrimonio\/","og_site_name":"Empresa Distribuidora de Electricidad del Este","article_publisher":"https:\/\/www.facebook.com\/EDEEste","article_modified_time":"2026-03-26T19:44:59+00:00","og_image":[{"width":2471,"height":1125,"url":"https:\/\/edeeste.com.do\/transparencia\/wp-content\/uploads\/2017\/01\/Logo-EDEEste-Azul-Amarillo.png","type":"image\/png"}],"twitter_card":"summary_large_image","twitter_site":"@EdeesteRD","twitter_misc":{"Tiempo de lectura":"1 minuto"},"schema":{"@context":"https:\/\/schema.org","@graph":[{"@type":"WebPage","@id":"https:\/\/portaledeestewp-prod.azurewebsites.net\/transparencia\/index.php\/declaraciones-juradas-patrimonio\/","url":"https:\/\/portaledeestewp-prod.azurewebsites.net\/transparencia\/index.php\/declaraciones-juradas-patrimonio\/","name":"Declaraciones Juradas de Patrimonio | Empresa Distribuidora de Electricidad del Este","isPartOf":{"@id":"https:\/\/edeeste.com.do\/transparencia\/#website"},"datePublished":"2017-08-14T13:58:00+00:00","dateModified":"2026-03-26T19:44:59+00:00","breadcrumb":{"@id":"https:\/\/portaledeestewp-prod.azurewebsites.net\/transparencia\/index.php\/declaraciones-juradas-patrimonio\/#breadcrumb"},"inLanguage":"es","potentialAction":[{"@type":"ReadAction","target":["https:\/\/portaledeestewp-prod.azurewebsites.net\/transparencia\/index.php\/declaraciones-juradas-patrimonio\/"]}]},{"@type":"BreadcrumbList","@id":"https:\/\/portaledeestewp-prod.azurewebsites.net\/transparencia\/index.php\/declaraciones-juradas-patrimonio\/#breadcrumb","itemListElement":[{"@type":"ListItem","position":1,"name":"Inicio","item":"https:\/\/edeeste.com.do\/transparencia\/"},{"@type":"ListItem","position":2,"name":"Declaraciones Juradas de Patrimonio"}]},{"@type":"WebSite","@id":"https:\/\/edeeste.com.do\/transparencia\/#website","url":"https:\/\/edeeste.com.do\/transparencia\/","name":"Empresa Distribuidora de Electricidad del Este","description":"Transparencia EDEESTE","publisher":{"@id":"https:\/\/edeeste.com.do\/transparencia\/#organization"},"potentialAction":[{"@type":"SearchAction","target":{"@type":"EntryPoint","urlTemplate":"https:\/\/edeeste.com.do\/transparencia\/?s={search_term_string}"},"query-input":{"@type":"PropertyValueSpecification","valueRequired":true,"valueName":"search_term_string"}}],"inLanguage":"es"},{"@type":"Organization","@id":"https:\/\/edeeste.com.do\/transparencia\/#organization","name":"EDEESTE - Portal de Transparencia Institucional","url":"https:\/\/edeeste.com.do\/transparencia\/","logo":{"@type":"ImageObject","inLanguage":"es","@id":"https:\/\/edeeste.com.do\/transparencia\/#\/schema\/logo\/image\/","url":"\/transparencia\/wp-content\/uploads\/2017\/01\/Logo-EDEEste-Azul-Amarillo.png","contentUrl":"\/transparencia\/wp-content\/uploads\/2017\/01\/Logo-EDEEste-Azul-Amarillo.png","width":2471,"height":1125,"caption":"EDEESTE - Portal de Transparencia Institucional"},"image":{"@id":"https:\/\/edeeste.com.do\/transparencia\/#\/schema\/logo\/image\/"},"sameAs":["https:\/\/www.facebook.com\/EDEEste","https:\/\/x.com\/EdeesteRD"]}]}},"_links":{"self":[{"href":"https:\/\/edeeste.com.do\/transparencia\/index.php\/wp-json\/wp\/v2\/pages\/4020"}],"collection":[{"href":"https:\/\/edeeste.com.do\/transparencia\/index.php\/wp-json\/wp\/v2\/pages"}],"about":[{"href":"https:\/\/edeeste.com.do\/transparencia\/index.php\/wp-json\/wp\/v2\/types\/page"}],"author":[{"embeddable":true,"href":"https:\/\/edeeste.com.do\/transparencia\/index.php\/wp-json\/wp\/v2\/users\/1"}],"replies":[{"embeddable":true,"href":"https:\/\/edeeste.com.do\/transparencia\/index.php\/wp-json\/wp\/v2\/comments?post=4020"}],"version-history":[{"count":28,"href":"https:\/\/edeeste.com.do\/transparencia\/index.php\/wp-json\/wp\/v2\/pages\/4020\/revisions"}],"predecessor-version":[{"id":17999,"href":"https:\/\/edeeste.com.do\/transparencia\/index.php\/wp-json\/wp\/v2\/pages\/4020\/revisions\/17999"}],"wp:attachment":[{"href":"https:\/\/edeeste.com.do\/transparencia\/index.php\/wp-json\/wp\/v2\/media?parent=4020"}],"curies":[{"name":"wp","href":"https:\/\/api.w.org\/{rel}","templated":true}]}}