{"id":3056,"date":"2017-03-08T12:19:17","date_gmt":"2017-03-08T16:19:17","guid":{"rendered":"http:\/\/www.edeeste.com.do\/transparencia\/?page_id=3056"},"modified":"2024-08-22T23:02:36","modified_gmt":"2024-08-23T03:02:36","slug":"comision-etica-publica","status":"publish","type":"page","link":"https:\/\/edeeste.com.do\/transparencia\/index.php\/comision-etica-publica\/","title":{"rendered":"Comisi\u00f3n de \u00c9tica"},"content":{"rendered":"\t\t<div data-elementor-type=\"wp-page\" data-elementor-id=\"3056\" class=\"elementor elementor-3056\" data-elementor-post-type=\"page\">\n\t\t\t\t\t\t<section class=\"elementor-section elementor-top-section elementor-element elementor-element-de58278 elementor-section-boxed elementor-section-height-default elementor-section-height-default\" data-id=\"de58278\" data-element_type=\"section\">\n\t\t\t\t\t\t<div class=\"elementor-container elementor-column-gap-default\">\n\t\t\t\t\t<div class=\"elementor-column elementor-col-100 elementor-top-column elementor-element elementor-element-32a6a78\" data-id=\"32a6a78\" data-element_type=\"column\">\n\t\t\t<div class=\"elementor-widget-wrap elementor-element-populated\">\n\t\t\t\t\t\t<div class=\"elementor-element elementor-element-dd02ec6 elementor-widget elementor-widget-image\" data-id=\"dd02ec6\" data-element_type=\"widget\" data-widget_type=\"image.default\">\n\t\t\t\t<div class=\"elementor-widget-container\">\n\t\t\t\t\t\t\t\t\t\t\t\t\t<img fetchpriority=\"high\" decoding=\"async\" width=\"640\" height=\"858\" src=\"\/transparencia\/wp-content\/uploads\/Comunicado-DIGEIG-sobre-Conformacion-de-las-CEP.jpg\" class=\"attachment-large size-large wp-image-12165\" alt=\"Comunicado DIGEIG sobre Conformaci\u00f3n de las CEP\" srcset=\"\/transparencia\/wp-content\/uploads\/Comunicado-DIGEIG-sobre-Conformacion-de-las-CEP.jpg 764w, \/transparencia\/wp-content\/uploads\/Comunicado-DIGEIG-sobre-Conformacion-de-las-CEP-224x300.jpg 224w\" sizes=\"(max-width: 640px) 100vw, 640px\" \/>\t\t\t\t\t\t\t\t\t\t\t\t\t<\/div>\n\t\t\t\t<\/div>\n\t\t\t\t\t<\/div>\n\t\t<\/div>\n\t\t\t\t\t<\/div>\n\t\t<\/section>\n\t\t\t\t<section class=\"elementor-section elementor-top-section elementor-element elementor-element-380b3bb6 elementor-section-boxed elementor-section-height-default elementor-section-height-default\" data-id=\"380b3bb6\" data-element_type=\"section\">\n\t\t\t\t\t\t<div class=\"elementor-container elementor-column-gap-default\">\n\t\t\t\t\t<div class=\"elementor-column elementor-col-100 elementor-top-column elementor-element elementor-element-66a76564\" data-id=\"66a76564\" data-element_type=\"column\">\n\t\t\t<div class=\"elementor-widget-wrap elementor-element-populated\">\n\t\t\t\t\t\t<div class=\"elementor-element elementor-element-77c89c94 elementor-widget elementor-widget-text-editor\" data-id=\"77c89c94\" data-element_type=\"widget\" data-widget_type=\"text-editor.default\">\n\t\t\t\t<div class=\"elementor-widget-container\">\n\t\t\t\t\t\t\t<script type=\"text\/x-handlebars-template\" id=\"wpfd-template-tree-box\">    {{#with file}}    <div class=\"dropblock\">        <a href=\"javascript:void(0)\" class=\"wpfd-close\"><\/a>        <div class=\"filecontent\">            {{#if file_custom_icon}}                    <div class=\"icon-custom\"><img src=\"{{file_custom_icon}}\" \/><\/div>                    {{else}}                    <div class=\"ext ext-{{ext}} wpfd-icon-set-svg\"><span class=\"txt\">{{ext}}<\/span><\/div>                    {{\/if}}<h3><a href=\"{{linkdownload}}\"   class=\"wpfd_downloadlink\" title=\"{{post_title}}\" target=\"{{#if remote_file}}_blank{{\/if}}\">{{{crop_title}}}<\/a><\/h3>            <div class=\"wpfd-extra\">                {{#if description}}<div class=\"file-desc\">{{{description}}}<\/div>{{\/if}}{{#if versionNumber}}<div class=\"file-version\"><span>Version:<\/span> {{versionNumber}}<\/div>{{\/if}}<div class=\"file-size\"><span>Size:<\/span> {{bytesToSize size}}<\/div><div class=\"file-hits\"><span>Hits:<\/span> {{hits}}<\/div><div class=\"file-dated\"><span>Date added:<\/span> {{created}}<\/div><div class=\"file-dated\"><span>Date modified:<\/span> {{modified}}<\/div>            <\/div>        <\/div>        <div class=\"extra-downloadlink\"><a class=\"downloadlink wpfd_downloadlink\"  href=\"{{linkdownload}}\"  style=\"background-color:#002272;color:#ffffff;\" target=\"{{#if remote_file}}_blank{{\/if}}\">Descargar<i class=\"zmdi zmdi-cloud-download wpfd-download\"><\/i><\/a>{{#if openpdflink}}<a class=\"openlink wpfdlightbox wpfd_previewlink\" href=\"{{openpdflink}}\"  target=\"\">Vista previa                            <i class=\"zmdi zmdi-filter-center-focus wpfd-preview\"><\/i>                        <\/a>{{else}}{{#if viewerlink}}<a                            href=\"{{viewerlink}}\"                                                        class=\"openlink wpfdlightbox wpfd_previewlink\"                            target=\"\"                            data-id=\"{{ID}}\"                            data-catid=\"{{catid}}\"                            data-file-type=\"{{ext}}\">Vista previa<i class=\"zmdi zmdi-filter-center-focus wpfd-preview\"><\/i>                        <\/a>{{\/if}}{{\/if}}<\/div>    {{\/with}}<\/script>    <script type=\"text\/x-handlebars-template\" id=\"wpfd-template-tree-categories\">        {{#if categories}}        {{#each categories}}        <li class=\"directory collapsed\">            <a class=\"catlink\" href=\"#\" data-idcat=\"{{termID}}\">                <div class=\"icon-open-close\" data-id=\"{{termID}}\"><\/div>                <i class=\"zmdi zmdi-folder wpfd-folder\"><\/i>                <span>{{name}}<\/span>            <\/a>        <\/li>        {{\/each}}        {{\/if}}    <\/script><script type=\"text\/x-handlebars-template\" id=\"wpfd-template-tree-files\">    {{#if files}}    {{#each files}}    <li class=\"ext {{ext}}\">                    {{#if file_custom_icon}}            <span class=\"wpfd-file ext icon-custom\"><img src=\"{{file_custom_icon}}\"><\/span>            {{else}}            <i class=\"wpfd-file ext ext-{{ext}} wpfd-icon-set-svg\"><\/i>            {{\/if}}                                    <a class=\"wpfd-file-link\" data-category_id=\"{{catid}}\" href=\"#\" data-id=\"{{ID}}\"               title=\"{{post_title}}\">{{{crop_title}}}<\/a>            <\/li>    {{\/each}}    <\/div>    {{\/if}}<\/script><div class=\"wpfd-content wpfd-content-tree wpfd-content-multi\" data-category=\"980\"             style=\"background-color: transparent\"><input type=\"hidden\" id=\"current_category_980\" value=\"980\" \/>                    <input type=\"hidden\" id=\"current_category_slug_980\" value=\"comision-de-etica-publica\" \/>                    <input type=\"hidden\" id=\"current_ordering_980\" value=\"ordering\" \/>                    <input type=\"hidden\" id=\"current_ordering_direction_980\" value=\"asc\" \/>                    <input type=\"hidden\" id=\"page_limit_980\" value=\"100\" \/><input type=\"hidden\" id=\"wpfd_display_empty_category_message\" value=\"0\" \/><input type=\"hidden\" id=\"wpfd_empty_category_message_val\" value=\"This file category has no files to display\" \/><input type=\"hidden\" id=\"wpfd_display_empty_folder\" value=\"0\" \/><input type=\"hidden\" id=\"wpfd_is_empty_subcategories\" value=\"1\" \/><input type=\"hidden\" id=\"wpfd_is_empty_files\" value=\"1\" \/><input type=\"hidden\" id=\"wpfd_root_category_id\" class=\"wpfd_root_category_id\" value=\"980\" \/><input type=\"hidden\" id=\"wpfd_root_category_theme\" class=\"wpfd_root_category_theme\" value=\"tree\" \/><input type=\"hidden\" id=\"wpfd_root_category_clone_theme_type\" class=\"wpfd_root_category_clone_theme_type\" value=\"none\" \/><input type=\"hidden\" id=\"wpfd_root_category_type\" class=\"wpfd_root_category_type\" value=\"980\" \/><ul class=\"breadcrumbs wpfd-breadcrumbs-tree head-category-tree\">                            <li class=\"active\">Comisi\u00f3n de Etica P\u00fablica<\/li>                        <\/ul><ul class=\"wpfd-tree-categories-files\">                                        <li class=\"directory collapsed\">                    <a class=\"catlink\" href=\"#\" data-idcat=\"2714\">                        <div class=\"icon-open-close\" data-id=\"2714\"><\/div>                        <i class=\"zmdi zmdi-folder wpfd-folder\"><\/i>                        <span>2021<\/span>                    <\/a>                <\/li>                            <li class=\"directory collapsed\">                    <a class=\"catlink\" href=\"#\" data-idcat=\"2473\">                        <div class=\"icon-open-close\" data-id=\"2473\"><\/div>                        <i class=\"zmdi zmdi-folder wpfd-folder\"><\/i>                        <span>2020<\/span>                    <\/a>                <\/li>                            <li class=\"directory collapsed\">                    <a class=\"catlink\" href=\"#\" data-idcat=\"2000\">                        <div class=\"icon-open-close\" data-id=\"2000\"><\/div>                        <i class=\"zmdi zmdi-folder wpfd-folder\"><\/i>                        <span>2019<\/span>                    <\/a>                <\/li>                            <li class=\"directory collapsed\">                    <a class=\"catlink\" href=\"#\" data-idcat=\"1632\">                        <div class=\"icon-open-close\" data-id=\"1632\"><\/div>                        <i class=\"zmdi zmdi-folder wpfd-folder\"><\/i>                        <span>2018<\/span>                    <\/a>                <\/li>                            <li class=\"directory collapsed\">                    <a class=\"catlink\" href=\"#\" data-idcat=\"989\">                        <div class=\"icon-open-close\" data-id=\"989\"><\/div>                        <i class=\"zmdi zmdi-folder wpfd-folder\"><\/i>                        <span>2017<\/span>                    <\/a>                <\/li>                            <li class=\"directory collapsed\">                    <a class=\"catlink\" href=\"#\" data-idcat=\"984\">                        <div class=\"icon-open-close\" data-id=\"984\"><\/div>                        <i class=\"zmdi zmdi-folder wpfd-folder\"><\/i>                        <span>2016<\/span>                    <\/a>                <\/li>                            <li class=\"directory collapsed\">                    <a class=\"catlink\" href=\"#\" data-idcat=\"981\">                        <div class=\"icon-open-close\" data-id=\"981\"><\/div>                        <i class=\"zmdi zmdi-folder wpfd-folder\"><\/i>                        <span>2015<\/span>                    <\/a>                <\/li>                            <li class=\"directory collapsed\">                    <a class=\"catlink\" href=\"#\" data-idcat=\"983\">                        <div class=\"icon-open-close\" data-id=\"983\"><\/div>                        <i class=\"zmdi zmdi-folder wpfd-folder\"><\/i>                        <span>2014<\/span>                    <\/a>                <\/li>                            <li class=\"directory collapsed\">                    <a class=\"catlink\" href=\"#\" data-idcat=\"982\">                        <div class=\"icon-open-close\" data-id=\"982\"><\/div>                        <i class=\"zmdi zmdi-folder wpfd-folder\"><\/i>                        <span>2013<\/span>                    <\/a>                <\/li>                                                    <li class=\"ext pdf\">                                    <i class=\"wpfd-file ext ext-pdf wpfd-icon-set-svg\"><\/i>                                <a class=\"wpfd-file-link\" href=\"#\" data-category_id=\"980\"                   data-id=\"4272\"                   title=\"Reglamento de Conformaci\u00f3n y Funcionamiento\" target=\"\">Reglamento de Conformaci\u00f3n y Funcionamiento<\/a>            <\/li>                                            <li class=\"ext pdf\">                                    <i class=\"wpfd-file ext ext-pdf wpfd-icon-set-svg\"><\/i>                                <a class=\"wpfd-file-link\" href=\"#\" data-category_id=\"980\"                   data-id=\"3095\"                   title=\"Pol\u00edticas Regalos, Acoso y Conducta\" target=\"\">Pol\u00edticas Regalos, Acoso y Conducta<\/a>            <\/li>                                            <li class=\"ext pdf\">                                    <i class=\"wpfd-file ext ext-pdf wpfd-icon-set-svg\"><\/i>                                <a class=\"wpfd-file-link\" href=\"#\" data-category_id=\"980\"                   data-id=\"3094\"                   title=\"Pol\u00edtica Disciplinaria\" target=\"\">Pol\u00edtica Disciplinaria<\/a>            <\/li>                                            <li class=\"ext pdf\">                                    <i class=\"wpfd-file ext ext-pdf wpfd-icon-set-svg\"><\/i>                                <a class=\"wpfd-file-link\" href=\"#\" data-category_id=\"980\"                   data-id=\"3093\"                   title=\"C\u00f3digo de \u00c9tica y Conducta\" target=\"\">C\u00f3digo de \u00c9tica y Conducta<\/a>            <\/li>                                            <li class=\"ext pdf\">                                    <i class=\"wpfd-file ext ext-pdf wpfd-icon-set-svg\"><\/i>                                <a class=\"wpfd-file-link\" href=\"#\" data-category_id=\"980\"                   data-id=\"5967\"                   title=\"C\u00f3digos de Pautas \u00c9ticas - Sujetos Obligados EDEEste\" target=\"\">C\u00f3digos de Pautas \u00c9ticas - Sujetos Obligados EDEEste<\/a>            <\/li>                                            <li class=\"ext pdf\">                                    <i class=\"wpfd-file ext ext-pdf wpfd-icon-set-svg\"><\/i>                                <a class=\"wpfd-file-link\" href=\"#\" data-category_id=\"980\"                   data-id=\"4874\"                   title=\"Brochures\" target=\"\">Brochures<\/a>            <\/li>                        <\/ul><\/div>\t\t\t\t\t\t<\/div>\n\t\t\t\t<\/div>\n\t\t\t\t\t<\/div>\n\t\t<\/div>\n\t\t\t\t\t<\/div>\n\t\t<\/section>\n\t\t\t\t<section class=\"elementor-section elementor-top-section elementor-element elementor-element-96d9e5b elementor-section-boxed elementor-section-height-default elementor-section-height-default\" data-id=\"96d9e5b\" data-element_type=\"section\">\n\t\t\t\t\t\t<div class=\"elementor-container elementor-column-gap-default\">\n\t\t\t\t\t<div class=\"elementor-column elementor-col-100 elementor-top-column elementor-element elementor-element-e789f50\" data-id=\"e789f50\" data-element_type=\"column\">\n\t\t\t<div class=\"elementor-widget-wrap elementor-element-populated\">\n\t\t\t\t\t\t<div class=\"elementor-element elementor-element-797b601 elementor-widget elementor-widget-image\" data-id=\"797b601\" data-element_type=\"widget\" data-widget_type=\"image.default\">\n\t\t\t\t<div class=\"elementor-widget-container\">\n\t\t\t\t\t\t\t\t\t\t\t\t\t\t<a href=\"https:\/\/get.adobe.com\/es\/reader\/\" target=\"_blank\">\n\t\t\t\t\t\t\t<img decoding=\"async\" width=\"428\" height=\"39\" src=\"\/transparencia\/wp-content\/uploads\/pdf-download-banner-1.webp\" class=\"attachment-large size-large wp-image-15709\" alt=\"\" \/>\t\t\t\t\t\t\t\t<\/a>\n\t\t\t\t\t\t\t\t\t\t\t\t\t<\/div>\n\t\t\t\t<\/div>\n\t\t\t\t\t<\/div>\n\t\t<\/div>\n\t\t\t\t\t<\/div>\n\t\t<\/section>\n\t\t\t\t<\/div>\n\t\t","protected":false},"excerpt":{"rendered":"<p>Comisi\u00f3n de Etica P\u00fablica 2021 2020 2019 2018 2017 2016 2015 2014 2013 Reglamento de Conformaci\u00f3n y Funcionamiento Pol\u00edticas Regalos, Acoso y Conducta Pol\u00edtica Disciplinaria C\u00f3digo de \u00c9tica y Conducta C\u00f3digos de Pautas \u00c9ticas &#8211; Sujetos Obligados EDEEste Brochures<\/p>\n","protected":false},"author":1,"featured_media":0,"parent":0,"menu_order":0,"comment_status":"closed","ping_status":"closed","template":"","meta":{"footnotes":""},"class_list":["post-3056","page","type-page","status-publish","hentry"],"yoast_head":"<!-- This site is optimized with the Yoast SEO plugin v23.5 - https:\/\/yoast.com\/wordpress\/plugins\/seo\/ -->\n<title>Comisi\u00f3n de \u00c9tica | Empresa Distribuidora de Electricidad del Este<\/title>\n<meta name=\"robots\" content=\"index, follow, max-snippet:-1, max-image-preview:large, max-video-preview:-1\" \/>\n<link rel=\"canonical\" href=\"https:\/\/edeeste.com.do\/transparencia\/index.php\/comision-etica-publica\/\" \/>\n<meta property=\"og:locale\" content=\"es_ES\" \/>\n<meta property=\"og:type\" content=\"article\" \/>\n<meta property=\"og:title\" content=\"Comisi\u00f3n de \u00c9tica | Empresa Distribuidora de Electricidad del Este\" \/>\n<meta property=\"og:description\" content=\"Comisi\u00f3n de Etica P\u00fablica 2021 2020 2019 2018 2017 2016 2015 2014 2013 Reglamento de Conformaci\u00f3n y Funcionamiento Pol\u00edticas Regalos, Acoso y Conducta Pol\u00edtica Disciplinaria C\u00f3digo de \u00c9tica y Conducta C\u00f3digos de Pautas \u00c9ticas - Sujetos Obligados EDEEste Brochures\" \/>\n<meta property=\"og:url\" content=\"https:\/\/edeeste.com.do\/transparencia\/index.php\/comision-etica-publica\/\" \/>\n<meta property=\"og:site_name\" content=\"Empresa Distribuidora de Electricidad del Este\" \/>\n<meta property=\"article:publisher\" content=\"https:\/\/www.facebook.com\/EDEEste\" \/>\n<meta property=\"article:modified_time\" content=\"2024-08-23T03:02:36+00:00\" \/>\n<meta property=\"og:image\" content=\"http:\/\/www.edeeste.com.do\/transparencia\/wp-content\/plugins\/wp-file-download\/app\/admin\/assets\/images\/t.gif\" \/>\n<meta name=\"twitter:card\" content=\"summary_large_image\" \/>\n<meta name=\"twitter:site\" content=\"@EdeesteRD\" \/>\n<meta name=\"twitter:label1\" content=\"Tiempo de lectura\" \/>\n\t<meta name=\"twitter:data1\" content=\"1 minuto\" \/>\n<script type=\"application\/ld+json\" class=\"yoast-schema-graph\">{\"@context\":\"https:\/\/schema.org\",\"@graph\":[{\"@type\":\"WebPage\",\"@id\":\"https:\/\/edeeste.com.do\/transparencia\/index.php\/comision-etica-publica\/\",\"url\":\"https:\/\/edeeste.com.do\/transparencia\/index.php\/comision-etica-publica\/\",\"name\":\"Comisi\u00f3n de \u00c9tica | Empresa Distribuidora de Electricidad del Este\",\"isPartOf\":{\"@id\":\"https:\/\/edeeste.com.do\/transparencia\/#website\"},\"primaryImageOfPage\":{\"@id\":\"https:\/\/edeeste.com.do\/transparencia\/index.php\/comision-etica-publica\/#primaryimage\"},\"image\":{\"@id\":\"https:\/\/edeeste.com.do\/transparencia\/index.php\/comision-etica-publica\/#primaryimage\"},\"thumbnailUrl\":\"http:\/\/www.edeeste.com.do\/transparencia\/wp-content\/plugins\/wp-file-download\/app\/admin\/assets\/images\/t.gif\",\"datePublished\":\"2017-03-08T16:19:17+00:00\",\"dateModified\":\"2024-08-23T03:02:36+00:00\",\"breadcrumb\":{\"@id\":\"https:\/\/edeeste.com.do\/transparencia\/index.php\/comision-etica-publica\/#breadcrumb\"},\"inLanguage\":\"es\",\"potentialAction\":[{\"@type\":\"ReadAction\",\"target\":[\"https:\/\/edeeste.com.do\/transparencia\/index.php\/comision-etica-publica\/\"]}]},{\"@type\":\"ImageObject\",\"inLanguage\":\"es\",\"@id\":\"https:\/\/edeeste.com.do\/transparencia\/index.php\/comision-etica-publica\/#primaryimage\",\"url\":\"http:\/\/www.edeeste.com.do\/transparencia\/wp-content\/plugins\/wp-file-download\/app\/admin\/assets\/images\/t.gif\",\"contentUrl\":\"http:\/\/www.edeeste.com.do\/transparencia\/wp-content\/plugins\/wp-file-download\/app\/admin\/assets\/images\/t.gif\"},{\"@type\":\"BreadcrumbList\",\"@id\":\"https:\/\/edeeste.com.do\/transparencia\/index.php\/comision-etica-publica\/#breadcrumb\",\"itemListElement\":[{\"@type\":\"ListItem\",\"position\":1,\"name\":\"Inicio\",\"item\":\"https:\/\/edeeste.com.do\/transparencia\/\"},{\"@type\":\"ListItem\",\"position\":2,\"name\":\"Comisi\u00f3n de \u00c9tica\"}]},{\"@type\":\"WebSite\",\"@id\":\"https:\/\/edeeste.com.do\/transparencia\/#website\",\"url\":\"https:\/\/edeeste.com.do\/transparencia\/\",\"name\":\"Empresa Distribuidora de Electricidad del Este\",\"description\":\"Transparencia EDEESTE\",\"publisher\":{\"@id\":\"https:\/\/edeeste.com.do\/transparencia\/#organization\"},\"potentialAction\":[{\"@type\":\"SearchAction\",\"target\":{\"@type\":\"EntryPoint\",\"urlTemplate\":\"https:\/\/edeeste.com.do\/transparencia\/?s={search_term_string}\"},\"query-input\":{\"@type\":\"PropertyValueSpecification\",\"valueRequired\":true,\"valueName\":\"search_term_string\"}}],\"inLanguage\":\"es\"},{\"@type\":\"Organization\",\"@id\":\"https:\/\/edeeste.com.do\/transparencia\/#organization\",\"name\":\"EDEESTE - Portal de Transparencia Institucional\",\"url\":\"https:\/\/edeeste.com.do\/transparencia\/\",\"logo\":{\"@type\":\"ImageObject\",\"inLanguage\":\"es\",\"@id\":\"https:\/\/edeeste.com.do\/transparencia\/#\/schema\/logo\/image\/\",\"url\":\"\/transparencia\/wp-content\/uploads\/2017\/01\/Logo-EDEEste-Azul-Amarillo.png\",\"contentUrl\":\"\/transparencia\/wp-content\/uploads\/2017\/01\/Logo-EDEEste-Azul-Amarillo.png\",\"width\":2471,\"height\":1125,\"caption\":\"EDEESTE - Portal de Transparencia Institucional\"},\"image\":{\"@id\":\"https:\/\/edeeste.com.do\/transparencia\/#\/schema\/logo\/image\/\"},\"sameAs\":[\"https:\/\/www.facebook.com\/EDEEste\",\"https:\/\/x.com\/EdeesteRD\"]}]}<\/script>\n<!-- \/ Yoast SEO plugin. -->","yoast_head_json":{"title":"Comisi\u00f3n de \u00c9tica | Empresa Distribuidora de Electricidad del Este","robots":{"index":"index","follow":"follow","max-snippet":"max-snippet:-1","max-image-preview":"max-image-preview:large","max-video-preview":"max-video-preview:-1"},"canonical":"https:\/\/edeeste.com.do\/transparencia\/index.php\/comision-etica-publica\/","og_locale":"es_ES","og_type":"article","og_title":"Comisi\u00f3n de \u00c9tica | Empresa Distribuidora de Electricidad del Este","og_description":"Comisi\u00f3n de Etica P\u00fablica 2021 2020 2019 2018 2017 2016 2015 2014 2013 Reglamento de Conformaci\u00f3n y Funcionamiento Pol\u00edticas Regalos, Acoso y Conducta Pol\u00edtica Disciplinaria C\u00f3digo de \u00c9tica y Conducta C\u00f3digos de Pautas \u00c9ticas - Sujetos Obligados EDEEste Brochures","og_url":"https:\/\/edeeste.com.do\/transparencia\/index.php\/comision-etica-publica\/","og_site_name":"Empresa Distribuidora de Electricidad del Este","article_publisher":"https:\/\/www.facebook.com\/EDEEste","article_modified_time":"2024-08-23T03:02:36+00:00","og_image":[{"url":"http:\/\/www.edeeste.com.do\/transparencia\/wp-content\/plugins\/wp-file-download\/app\/admin\/assets\/images\/t.gif"}],"twitter_card":"summary_large_image","twitter_site":"@EdeesteRD","twitter_misc":{"Tiempo de lectura":"1 minuto"},"schema":{"@context":"https:\/\/schema.org","@graph":[{"@type":"WebPage","@id":"https:\/\/edeeste.com.do\/transparencia\/index.php\/comision-etica-publica\/","url":"https:\/\/edeeste.com.do\/transparencia\/index.php\/comision-etica-publica\/","name":"Comisi\u00f3n de \u00c9tica | Empresa Distribuidora de Electricidad del Este","isPartOf":{"@id":"https:\/\/edeeste.com.do\/transparencia\/#website"},"primaryImageOfPage":{"@id":"https:\/\/edeeste.com.do\/transparencia\/index.php\/comision-etica-publica\/#primaryimage"},"image":{"@id":"https:\/\/edeeste.com.do\/transparencia\/index.php\/comision-etica-publica\/#primaryimage"},"thumbnailUrl":"http:\/\/www.edeeste.com.do\/transparencia\/wp-content\/plugins\/wp-file-download\/app\/admin\/assets\/images\/t.gif","datePublished":"2017-03-08T16:19:17+00:00","dateModified":"2024-08-23T03:02:36+00:00","breadcrumb":{"@id":"https:\/\/edeeste.com.do\/transparencia\/index.php\/comision-etica-publica\/#breadcrumb"},"inLanguage":"es","potentialAction":[{"@type":"ReadAction","target":["https:\/\/edeeste.com.do\/transparencia\/index.php\/comision-etica-publica\/"]}]},{"@type":"ImageObject","inLanguage":"es","@id":"https:\/\/edeeste.com.do\/transparencia\/index.php\/comision-etica-publica\/#primaryimage","url":"http:\/\/www.edeeste.com.do\/transparencia\/wp-content\/plugins\/wp-file-download\/app\/admin\/assets\/images\/t.gif","contentUrl":"http:\/\/www.edeeste.com.do\/transparencia\/wp-content\/plugins\/wp-file-download\/app\/admin\/assets\/images\/t.gif"},{"@type":"BreadcrumbList","@id":"https:\/\/edeeste.com.do\/transparencia\/index.php\/comision-etica-publica\/#breadcrumb","itemListElement":[{"@type":"ListItem","position":1,"name":"Inicio","item":"https:\/\/edeeste.com.do\/transparencia\/"},{"@type":"ListItem","position":2,"name":"Comisi\u00f3n de \u00c9tica"}]},{"@type":"WebSite","@id":"https:\/\/edeeste.com.do\/transparencia\/#website","url":"https:\/\/edeeste.com.do\/transparencia\/","name":"Empresa Distribuidora de Electricidad del Este","description":"Transparencia EDEESTE","publisher":{"@id":"https:\/\/edeeste.com.do\/transparencia\/#organization"},"potentialAction":[{"@type":"SearchAction","target":{"@type":"EntryPoint","urlTemplate":"https:\/\/edeeste.com.do\/transparencia\/?s={search_term_string}"},"query-input":{"@type":"PropertyValueSpecification","valueRequired":true,"valueName":"search_term_string"}}],"inLanguage":"es"},{"@type":"Organization","@id":"https:\/\/edeeste.com.do\/transparencia\/#organization","name":"EDEESTE - Portal de Transparencia Institucional","url":"https:\/\/edeeste.com.do\/transparencia\/","logo":{"@type":"ImageObject","inLanguage":"es","@id":"https:\/\/edeeste.com.do\/transparencia\/#\/schema\/logo\/image\/","url":"\/transparencia\/wp-content\/uploads\/2017\/01\/Logo-EDEEste-Azul-Amarillo.png","contentUrl":"\/transparencia\/wp-content\/uploads\/2017\/01\/Logo-EDEEste-Azul-Amarillo.png","width":2471,"height":1125,"caption":"EDEESTE - Portal de Transparencia Institucional"},"image":{"@id":"https:\/\/edeeste.com.do\/transparencia\/#\/schema\/logo\/image\/"},"sameAs":["https:\/\/www.facebook.com\/EDEEste","https:\/\/x.com\/EdeesteRD"]}]}},"_links":{"self":[{"href":"https:\/\/edeeste.com.do\/transparencia\/index.php\/wp-json\/wp\/v2\/pages\/3056"}],"collection":[{"href":"https:\/\/edeeste.com.do\/transparencia\/index.php\/wp-json\/wp\/v2\/pages"}],"about":[{"href":"https:\/\/edeeste.com.do\/transparencia\/index.php\/wp-json\/wp\/v2\/types\/page"}],"author":[{"embeddable":true,"href":"https:\/\/edeeste.com.do\/transparencia\/index.php\/wp-json\/wp\/v2\/users\/1"}],"replies":[{"embeddable":true,"href":"https:\/\/edeeste.com.do\/transparencia\/index.php\/wp-json\/wp\/v2\/comments?post=3056"}],"version-history":[{"count":6,"href":"https:\/\/edeeste.com.do\/transparencia\/index.php\/wp-json\/wp\/v2\/pages\/3056\/revisions"}],"predecessor-version":[{"id":15775,"href":"https:\/\/edeeste.com.do\/transparencia\/index.php\/wp-json\/wp\/v2\/pages\/3056\/revisions\/15775"}],"wp:attachment":[{"href":"https:\/\/edeeste.com.do\/transparencia\/index.php\/wp-json\/wp\/v2\/media?parent=3056"}],"curies":[{"name":"wp","href":"https:\/\/api.w.org\/{rel}","templated":true}]}}