{"id":17398,"date":"2025-05-09T19:45:43","date_gmt":"2025-05-09T23:45:43","guid":{"rendered":"https:\/\/portaledeestewp-prod.azurewebsites.net\/transparencia\/?page_id=17398"},"modified":"2026-03-11T14:34:48","modified_gmt":"2026-03-11T18:34:48","slug":"manifestacion-de-interes","status":"publish","type":"page","link":"https:\/\/edeeste.com.do\/transparencia\/index.php\/compras-y-contrataciones\/manifestacion-de-interes\/","title":{"rendered":"Manifestaci\u00f3n de Inter\u00e9s"},"content":{"rendered":"\t\t<div data-elementor-type=\"wp-page\" data-elementor-id=\"17398\" class=\"elementor elementor-17398\" data-elementor-post-type=\"page\">\n\t\t\t\t\t\t<section class=\"elementor-section elementor-top-section elementor-element elementor-element-53ce4c7 elementor-section-boxed elementor-section-height-default elementor-section-height-default\" data-id=\"53ce4c7\" data-element_type=\"section\">\n\t\t\t\t\t\t<div class=\"elementor-container elementor-column-gap-default\">\n\t\t\t\t\t<div class=\"elementor-column elementor-col-100 elementor-top-column elementor-element elementor-element-8591013\" data-id=\"8591013\" data-element_type=\"column\">\n\t\t\t<div class=\"elementor-widget-wrap elementor-element-populated\">\n\t\t\t\t\t\t<div class=\"elementor-element elementor-element-9a23df5 elementor-widget elementor-widget-heading\" data-id=\"9a23df5\" data-element_type=\"widget\" data-widget_type=\"heading.default\">\n\t\t\t\t<div class=\"elementor-widget-container\">\n\t\t\t<h2 class=\"elementor-heading-title elementor-size-default\">2026<\/h2>\t\t<\/div>\n\t\t\t\t<\/div>\n\t\t\t\t<div class=\"elementor-element elementor-element-14ae5d3 elementor-widget elementor-widget-toggle\" data-id=\"14ae5d3\" data-element_type=\"widget\" data-widget_type=\"toggle.default\">\n\t\t\t\t<div class=\"elementor-widget-container\">\n\t\t\t\t\t<div class=\"elementor-toggle\">\n\t\t\t\t\t\t\t<div class=\"elementor-toggle-item\">\n\t\t\t\t\t<div id=\"elementor-tab-title-2161\" class=\"elementor-tab-title\" data-tab=\"1\" role=\"button\" aria-controls=\"elementor-tab-content-2161\" aria-expanded=\"false\">\n\t\t\t\t\t\t\t\t\t\t\t\t<span class=\"elementor-toggle-icon elementor-toggle-icon-left\" aria-hidden=\"true\">\n\t\t\t\t\t\t\t\t\t\t\t\t\t\t\t<span class=\"elementor-toggle-icon-closed\"><i class=\"fas fa-caret-right\"><\/i><\/span>\n\t\t\t\t\t\t\t\t<span class=\"elementor-toggle-icon-opened\"><i class=\"elementor-toggle-icon-opened fas fa-caret-up\"><\/i><\/span>\n\t\t\t\t\t\t\t\t\t\t\t\t\t<\/span>\n\t\t\t\t\t\t\t\t\t\t\t\t<a class=\"elementor-toggle-title\" tabindex=\"0\">Enero - Febrero<\/a>\n\t\t\t\t\t<\/div>\n\n\t\t\t\t\t<div id=\"elementor-tab-content-2161\" class=\"elementor-tab-content elementor-clearfix\" data-tab=\"1\" role=\"region\" aria-labelledby=\"elementor-tab-title-2161\"><p>Durante los meses de enero y febrero de 2026, no se realiz\u00f3 ning\u00fan proceso de Manifestaci\u00f3n de inter\u00e9s.<\/p><\/div>\n\t\t\t\t<\/div>\n\t\t\t\t\t\t\t\t<\/div>\n\t\t\t\t<\/div>\n\t\t\t\t<\/div>\n\t\t\t\t<div class=\"elementor-element elementor-element-e547703 elementor-widget elementor-widget-heading\" data-id=\"e547703\" data-element_type=\"widget\" data-widget_type=\"heading.default\">\n\t\t\t\t<div class=\"elementor-widget-container\">\n\t\t\t<h2 class=\"elementor-heading-title elementor-size-default\">2025<\/h2>\t\t<\/div>\n\t\t\t\t<\/div>\n\t\t\t\t<div class=\"elementor-element elementor-element-8904188 elementor-widget elementor-widget-toggle\" data-id=\"8904188\" data-element_type=\"widget\" data-widget_type=\"toggle.default\">\n\t\t\t\t<div class=\"elementor-widget-container\">\n\t\t\t\t\t<div class=\"elementor-toggle\">\n\t\t\t\t\t\t\t<div class=\"elementor-toggle-item\">\n\t\t\t\t\t<div id=\"elementor-tab-title-1431\" class=\"elementor-tab-title\" data-tab=\"1\" role=\"button\" aria-controls=\"elementor-tab-content-1431\" aria-expanded=\"false\">\n\t\t\t\t\t\t\t\t\t\t\t\t<span class=\"elementor-toggle-icon elementor-toggle-icon-left\" aria-hidden=\"true\">\n\t\t\t\t\t\t\t\t\t\t\t\t\t\t\t<span class=\"elementor-toggle-icon-closed\"><i class=\"fas fa-caret-right\"><\/i><\/span>\n\t\t\t\t\t\t\t\t<span class=\"elementor-toggle-icon-opened\"><i class=\"elementor-toggle-icon-opened fas fa-caret-up\"><\/i><\/span>\n\t\t\t\t\t\t\t\t\t\t\t\t\t<\/span>\n\t\t\t\t\t\t\t\t\t\t\t\t<a class=\"elementor-toggle-title\" tabindex=\"0\">Enero - Diciembre<\/a>\n\t\t\t\t\t<\/div>\n\n\t\t\t\t\t<div id=\"elementor-tab-content-1431\" class=\"elementor-tab-content elementor-clearfix\" data-tab=\"1\" role=\"region\" aria-labelledby=\"elementor-tab-title-1431\"><p>Durante los meses enero, febrero, marzo, abril, junio, julio, agosto, septiembre, octubre, noviembre y diciembre de 2025, no se realiz\u00f3 ning\u00fan proceso de Manifestaci\u00f3n de inter\u00e9s.<\/p><\/div>\n\t\t\t\t<\/div>\n\t\t\t\t\t\t\t\t<\/div>\n\t\t\t\t<\/div>\n\t\t\t\t<\/div>\n\t\t\t\t<div class=\"elementor-element elementor-element-878e706 elementor-widget elementor-widget-heading\" data-id=\"878e706\" data-element_type=\"widget\" data-widget_type=\"heading.default\">\n\t\t\t\t<div class=\"elementor-widget-container\">\n\t\t\t<h2 class=\"elementor-heading-title elementor-size-default\">Mayo<\/h2>\t\t<\/div>\n\t\t\t\t<\/div>\n\t\t\t\t<div class=\"elementor-element elementor-element-a0df27e elementor-widget elementor-widget-pdfjs_viewer\" data-id=\"a0df27e\" data-element_type=\"widget\" data-widget_type=\"pdfjs_viewer.default\">\n\t\t\t\t<div class=\"elementor-widget-container\">\n\t\t\t<iframe src=\"\/transparencia\/wp-content\/plugins\/pdf-viewer-for-elementor\/assets\/pdfjs\/web\/viewer.html?file=\/transparencia\/wp-content\/uploads\/CONVOCATORIA-MANIFIESTO-DE-INTERES-DE-PRESENTACION-DE-DISPONIBILIDAD-ESTAFETAS.pdf&amp;embedded=true\" style=\"display: block; margin-left: auto; margin-right: auto; width: 780px; height: 580px;\" frameborder=\"1\" marginheight=\"0px\" marginwidth=\"0px\" allowfullscreen><\/iframe>\t\t<\/div>\n\t\t\t\t<\/div>\n\t\t\t\t<div class=\"elementor-element elementor-element-b96ceef elementor-widget elementor-widget-shortcode\" data-id=\"b96ceef\" data-element_type=\"widget\" data-widget_type=\"shortcode.default\">\n\t\t\t\t<div class=\"elementor-widget-container\">\n\t\t\t\t\t<div class=\"elementor-shortcode\"><div class='w3eden'><div class=\"link-template-default card mb-2\">\n    <div class=\"card-body\">\n        <div class=\"media\">\n            <div class=\"mr-3 img-48\"><img decoding=\"async\" class=\"wpdm_icon\" alt=\"Icono\"   src=\"http:\/\/edeeste.com.do\/transparencia\/wp-content\/plugins\/download-manager\/assets\/file-type-icons\/download_folder.png\" \/><\/div>\n            <div class=\"media-body\">\n                <h3 class=\"package-title\"><a href='https:\/\/edeeste.com.do\/transparencia\/index.php\/wpdm-package\/convocatoria-manifiesto-de-interes-2025\/'>CONVOCATORIA MANIFIESTO DE INTERES - 2025<\/a><\/h3>\n                <div class=\"text-muted text-small\"><i class=\"fas fa-copy\"><\/i> 2 archivo(s) <i class=\"fas fa-hdd ml-3\"><\/i> 223.61 KB<\/div>\n            <\/div>\n        <\/div>\n    <\/div>\n<\/div>\n\n\n<\/div><\/div>\n\t\t\t\t<\/div>\n\t\t\t\t<\/div>\n\t\t\t\t\t<\/div>\n\t\t<\/div>\n\t\t\t\t\t<\/div>\n\t\t<\/section>\n\t\t\t\t<section class=\"elementor-section elementor-top-section elementor-element elementor-element-f796fbc elementor-section-boxed elementor-section-height-default elementor-section-height-default\" data-id=\"f796fbc\" data-element_type=\"section\">\n\t\t\t\t\t\t<div class=\"elementor-container elementor-column-gap-default\">\n\t\t\t\t\t<div class=\"elementor-column elementor-col-100 elementor-top-column elementor-element elementor-element-5e151b9\" data-id=\"5e151b9\" data-element_type=\"column\">\n\t\t\t<div class=\"elementor-widget-wrap elementor-element-populated\">\n\t\t\t\t\t\t<div class=\"elementor-element elementor-element-782ab6d elementor-widget elementor-widget-toggle\" data-id=\"782ab6d\" data-element_type=\"widget\" data-widget_type=\"toggle.default\">\n\t\t\t\t<div class=\"elementor-widget-container\">\n\t\t\t\t\t<div class=\"elementor-toggle\">\n\t\t\t\t\t\t\t<div class=\"elementor-toggle-item\">\n\t\t\t\t\t<div id=\"elementor-tab-title-1261\" class=\"elementor-tab-title\" data-tab=\"1\" role=\"button\" aria-controls=\"elementor-tab-content-1261\" aria-expanded=\"false\">\n\t\t\t\t\t\t\t\t\t\t\t\t<span class=\"elementor-toggle-icon elementor-toggle-icon-left\" aria-hidden=\"true\">\n\t\t\t\t\t\t\t\t\t\t\t\t\t\t\t<span class=\"elementor-toggle-icon-closed\"><i class=\"fas fa-caret-right\"><\/i><\/span>\n\t\t\t\t\t\t\t\t<span class=\"elementor-toggle-icon-opened\"><i class=\"elementor-toggle-icon-opened fas fa-caret-up\"><\/i><\/span>\n\t\t\t\t\t\t\t\t\t\t\t\t\t<\/span>\n\t\t\t\t\t\t\t\t\t\t\t\t<a class=\"elementor-toggle-title\" tabindex=\"0\">A\u00f1os anteriores<\/a>\n\t\t\t\t\t<\/div>\n\n\t\t\t\t\t<div id=\"elementor-tab-content-1261\" class=\"elementor-tab-content elementor-clearfix\" data-tab=\"1\" role=\"region\" aria-labelledby=\"elementor-tab-title-1261\"><p><div class='w3eden'><div class=\"link-template-default card mb-2\">\n    <div class=\"card-body\">\n        <div class=\"media\">\n            <div class=\"mr-3 img-48\"><img decoding=\"async\" class=\"wpdm_icon\" alt=\"Icono\"   src=\"http:\/\/edeeste.com.do\/transparencia\/wp-content\/plugins\/download-manager\/assets\/file-type-icons\/download_folder.png\" \/><\/div>\n            <div class=\"media-body\">\n                <h3 class=\"package-title\"><a href='https:\/\/edeeste.com.do\/transparencia\/index.php\/wpdm-package\/convocatoria-manifiesto-de-interes-2024\/'>CONVOCATORIA MANIFIESTO DE INTERES \u2013 2024<\/a><\/h3>\n                <div class=\"text-muted text-small\"><i class=\"fas fa-copy\"><\/i> 1 archivo(s) <i class=\"fas fa-hdd ml-3\"><\/i> 0.10 KB<\/div>\n            <\/div>\n        <\/div>\n    <\/div>\n<\/div>\n\n\n<\/div><\/p><p><div class='w3eden'><div class=\"link-template-default card mb-2\">\n    <div class=\"card-body\">\n        <div class=\"media\">\n            <div class=\"mr-3 img-48\"><img decoding=\"async\" class=\"wpdm_icon\" alt=\"Icono\"   src=\"http:\/\/edeeste.com.do\/transparencia\/wp-content\/plugins\/download-manager\/assets\/file-type-icons\/download_folder.png\" \/><\/div>\n            <div class=\"media-body\">\n                <h3 class=\"package-title\"><a href='https:\/\/edeeste.com.do\/transparencia\/index.php\/wpdm-package\/convocatoria-manifiesto-de-interes-2023\/'>CONVOCATORIA MANIFIESTO DE INTERES \u2013 2023<\/a><\/h3>\n                <div class=\"text-muted text-small\"><i class=\"fas fa-copy\"><\/i> 4 archivo(s) <i class=\"fas fa-hdd ml-3\"><\/i> 1.72 MB<\/div>\n            <\/div>\n        <\/div>\n    <\/div>\n<\/div>\n\n\n<\/div><\/p><\/div>\n\t\t\t\t<\/div>\n\t\t\t\t\t\t\t\t<\/div>\n\t\t\t\t<\/div>\n\t\t\t\t<\/div>\n\t\t\t\t\t<\/div>\n\t\t<\/div>\n\t\t\t\t\t<\/div>\n\t\t<\/section>\n\t\t\t\t<section class=\"elementor-section elementor-top-section elementor-element elementor-element-95a302e elementor-section-boxed elementor-section-height-default elementor-section-height-default\" data-id=\"95a302e\" data-element_type=\"section\">\n\t\t\t\t\t\t<div class=\"elementor-container elementor-column-gap-default\">\n\t\t\t\t\t<div class=\"elementor-column elementor-col-100 elementor-top-column elementor-element elementor-element-ba2a0ee\" data-id=\"ba2a0ee\" data-element_type=\"column\">\n\t\t\t<div class=\"elementor-widget-wrap\">\n\t\t\t\t\t\t\t<\/div>\n\t\t<\/div>\n\t\t\t\t\t<\/div>\n\t\t<\/section>\n\t\t\t\t<\/div>\n\t\t","protected":false},"excerpt":{"rendered":"<p>2026 Enero &#8211; Febrero Durante los meses de enero y febrero de 2026, no se realiz\u00f3 ning\u00fan proceso de Manifestaci\u00f3n de inter\u00e9s. 2025 Enero &#8211; Diciembre Durante los meses enero, febrero, marzo, abril, junio, julio, agosto, septiembre, octubre, noviembre y diciembre de 2025, no se realiz\u00f3 ning\u00fan proceso de Manifestaci\u00f3n de inter\u00e9s. Mayo A\u00f1os anteriores [&hellip;]<\/p>\n","protected":false},"author":1,"featured_media":0,"parent":54,"menu_order":15,"comment_status":"closed","ping_status":"closed","template":"","meta":{"footnotes":""},"class_list":["post-17398","page","type-page","status-publish","hentry"],"yoast_head":"<!-- This site is optimized with the Yoast SEO plugin v23.5 - https:\/\/yoast.com\/wordpress\/plugins\/seo\/ -->\n<title>Manifestaci\u00f3n de Inter\u00e9s | Empresa Distribuidora de Electricidad del Este<\/title>\n<meta name=\"robots\" content=\"index, follow, max-snippet:-1, max-image-preview:large, max-video-preview:-1\" \/>\n<link rel=\"canonical\" href=\"https:\/\/portaledeestewp-prod.azurewebsites.net\/transparencia\/index.php\/compras-y-contrataciones\/manifestacion-de-interes\/\" \/>\n<meta property=\"og:locale\" content=\"es_ES\" \/>\n<meta property=\"og:type\" content=\"article\" \/>\n<meta property=\"og:title\" content=\"Manifestaci\u00f3n de Inter\u00e9s | Empresa Distribuidora de Electricidad del Este\" \/>\n<meta property=\"og:description\" content=\"2026 Enero &#8211; Febrero Durante los meses de enero y febrero de 2026, no se realiz\u00f3 ning\u00fan proceso de Manifestaci\u00f3n de inter\u00e9s. 2025 Enero &#8211; Diciembre Durante los meses enero, febrero, marzo, abril, junio, julio, agosto, septiembre, octubre, noviembre y diciembre de 2025, no se realiz\u00f3 ning\u00fan proceso de Manifestaci\u00f3n de inter\u00e9s. Mayo A\u00f1os anteriores [&hellip;]\" \/>\n<meta property=\"og:url\" content=\"https:\/\/portaledeestewp-prod.azurewebsites.net\/transparencia\/index.php\/compras-y-contrataciones\/manifestacion-de-interes\/\" \/>\n<meta property=\"og:site_name\" content=\"Empresa Distribuidora de Electricidad del Este\" \/>\n<meta property=\"article:publisher\" content=\"https:\/\/www.facebook.com\/EDEEste\" \/>\n<meta property=\"article:modified_time\" content=\"2026-03-11T18:34:48+00:00\" \/>\n<meta property=\"og:image\" content=\"http:\/\/edeeste.com.do\/transparencia\/wp-content\/plugins\/download-manager\/assets\/file-type-icons\/download_folder.png\" \/>\n<meta name=\"twitter:card\" content=\"summary_large_image\" \/>\n<meta name=\"twitter:site\" content=\"@EdeesteRD\" \/>\n<meta name=\"twitter:label1\" content=\"Tiempo de lectura\" \/>\n\t<meta name=\"twitter:data1\" content=\"1 minuto\" \/>\n<script type=\"application\/ld+json\" class=\"yoast-schema-graph\">{\"@context\":\"https:\/\/schema.org\",\"@graph\":[{\"@type\":\"WebPage\",\"@id\":\"https:\/\/portaledeestewp-prod.azurewebsites.net\/transparencia\/index.php\/compras-y-contrataciones\/manifestacion-de-interes\/\",\"url\":\"https:\/\/portaledeestewp-prod.azurewebsites.net\/transparencia\/index.php\/compras-y-contrataciones\/manifestacion-de-interes\/\",\"name\":\"Manifestaci\u00f3n de Inter\u00e9s | Empresa Distribuidora de Electricidad del Este\",\"isPartOf\":{\"@id\":\"https:\/\/edeeste.com.do\/transparencia\/#website\"},\"primaryImageOfPage\":{\"@id\":\"https:\/\/portaledeestewp-prod.azurewebsites.net\/transparencia\/index.php\/compras-y-contrataciones\/manifestacion-de-interes\/#primaryimage\"},\"image\":{\"@id\":\"https:\/\/portaledeestewp-prod.azurewebsites.net\/transparencia\/index.php\/compras-y-contrataciones\/manifestacion-de-interes\/#primaryimage\"},\"thumbnailUrl\":\"http:\/\/edeeste.com.do\/transparencia\/wp-content\/plugins\/download-manager\/assets\/file-type-icons\/download_folder.png\",\"datePublished\":\"2025-05-09T23:45:43+00:00\",\"dateModified\":\"2026-03-11T18:34:48+00:00\",\"breadcrumb\":{\"@id\":\"https:\/\/portaledeestewp-prod.azurewebsites.net\/transparencia\/index.php\/compras-y-contrataciones\/manifestacion-de-interes\/#breadcrumb\"},\"inLanguage\":\"es\",\"potentialAction\":[{\"@type\":\"ReadAction\",\"target\":[\"https:\/\/portaledeestewp-prod.azurewebsites.net\/transparencia\/index.php\/compras-y-contrataciones\/manifestacion-de-interes\/\"]}]},{\"@type\":\"ImageObject\",\"inLanguage\":\"es\",\"@id\":\"https:\/\/portaledeestewp-prod.azurewebsites.net\/transparencia\/index.php\/compras-y-contrataciones\/manifestacion-de-interes\/#primaryimage\",\"url\":\"http:\/\/edeeste.com.do\/transparencia\/wp-content\/plugins\/download-manager\/assets\/file-type-icons\/download_folder.png\",\"contentUrl\":\"http:\/\/edeeste.com.do\/transparencia\/wp-content\/plugins\/download-manager\/assets\/file-type-icons\/download_folder.png\"},{\"@type\":\"BreadcrumbList\",\"@id\":\"https:\/\/portaledeestewp-prod.azurewebsites.net\/transparencia\/index.php\/compras-y-contrataciones\/manifestacion-de-interes\/#breadcrumb\",\"itemListElement\":[{\"@type\":\"ListItem\",\"position\":1,\"name\":\"Inicio\",\"item\":\"https:\/\/edeeste.com.do\/transparencia\/\"},{\"@type\":\"ListItem\",\"position\":2,\"name\":\"Compras y Contrataciones\",\"item\":\"https:\/\/portaledeestewp-prod.azurewebsites.net\/transparencia\/index.php\/compras-y-contrataciones\/\"},{\"@type\":\"ListItem\",\"position\":3,\"name\":\"Manifestaci\u00f3n de Inter\u00e9s\"}]},{\"@type\":\"WebSite\",\"@id\":\"https:\/\/edeeste.com.do\/transparencia\/#website\",\"url\":\"https:\/\/edeeste.com.do\/transparencia\/\",\"name\":\"Empresa Distribuidora de Electricidad del Este\",\"description\":\"Transparencia EDEESTE\",\"publisher\":{\"@id\":\"https:\/\/edeeste.com.do\/transparencia\/#organization\"},\"potentialAction\":[{\"@type\":\"SearchAction\",\"target\":{\"@type\":\"EntryPoint\",\"urlTemplate\":\"https:\/\/edeeste.com.do\/transparencia\/?s={search_term_string}\"},\"query-input\":{\"@type\":\"PropertyValueSpecification\",\"valueRequired\":true,\"valueName\":\"search_term_string\"}}],\"inLanguage\":\"es\"},{\"@type\":\"Organization\",\"@id\":\"https:\/\/edeeste.com.do\/transparencia\/#organization\",\"name\":\"EDEESTE - Portal de Transparencia Institucional\",\"url\":\"https:\/\/edeeste.com.do\/transparencia\/\",\"logo\":{\"@type\":\"ImageObject\",\"inLanguage\":\"es\",\"@id\":\"https:\/\/edeeste.com.do\/transparencia\/#\/schema\/logo\/image\/\",\"url\":\"\/transparencia\/wp-content\/uploads\/2017\/01\/Logo-EDEEste-Azul-Amarillo.png\",\"contentUrl\":\"\/transparencia\/wp-content\/uploads\/2017\/01\/Logo-EDEEste-Azul-Amarillo.png\",\"width\":2471,\"height\":1125,\"caption\":\"EDEESTE - Portal de Transparencia Institucional\"},\"image\":{\"@id\":\"https:\/\/edeeste.com.do\/transparencia\/#\/schema\/logo\/image\/\"},\"sameAs\":[\"https:\/\/www.facebook.com\/EDEEste\",\"https:\/\/x.com\/EdeesteRD\"]}]}<\/script>\n<!-- \/ Yoast SEO plugin. -->","yoast_head_json":{"title":"Manifestaci\u00f3n de Inter\u00e9s | Empresa Distribuidora de Electricidad del Este","robots":{"index":"index","follow":"follow","max-snippet":"max-snippet:-1","max-image-preview":"max-image-preview:large","max-video-preview":"max-video-preview:-1"},"canonical":"https:\/\/portaledeestewp-prod.azurewebsites.net\/transparencia\/index.php\/compras-y-contrataciones\/manifestacion-de-interes\/","og_locale":"es_ES","og_type":"article","og_title":"Manifestaci\u00f3n de Inter\u00e9s | Empresa Distribuidora de Electricidad del Este","og_description":"2026 Enero &#8211; Febrero Durante los meses de enero y febrero de 2026, no se realiz\u00f3 ning\u00fan proceso de Manifestaci\u00f3n de inter\u00e9s. 2025 Enero &#8211; Diciembre Durante los meses enero, febrero, marzo, abril, junio, julio, agosto, septiembre, octubre, noviembre y diciembre de 2025, no se realiz\u00f3 ning\u00fan proceso de Manifestaci\u00f3n de inter\u00e9s. Mayo A\u00f1os anteriores [&hellip;]","og_url":"https:\/\/portaledeestewp-prod.azurewebsites.net\/transparencia\/index.php\/compras-y-contrataciones\/manifestacion-de-interes\/","og_site_name":"Empresa Distribuidora de Electricidad del Este","article_publisher":"https:\/\/www.facebook.com\/EDEEste","article_modified_time":"2026-03-11T18:34:48+00:00","og_image":[{"url":"http:\/\/edeeste.com.do\/transparencia\/wp-content\/plugins\/download-manager\/assets\/file-type-icons\/download_folder.png"}],"twitter_card":"summary_large_image","twitter_site":"@EdeesteRD","twitter_misc":{"Tiempo de lectura":"1 minuto"},"schema":{"@context":"https:\/\/schema.org","@graph":[{"@type":"WebPage","@id":"https:\/\/portaledeestewp-prod.azurewebsites.net\/transparencia\/index.php\/compras-y-contrataciones\/manifestacion-de-interes\/","url":"https:\/\/portaledeestewp-prod.azurewebsites.net\/transparencia\/index.php\/compras-y-contrataciones\/manifestacion-de-interes\/","name":"Manifestaci\u00f3n de Inter\u00e9s | Empresa Distribuidora de Electricidad del Este","isPartOf":{"@id":"https:\/\/edeeste.com.do\/transparencia\/#website"},"primaryImageOfPage":{"@id":"https:\/\/portaledeestewp-prod.azurewebsites.net\/transparencia\/index.php\/compras-y-contrataciones\/manifestacion-de-interes\/#primaryimage"},"image":{"@id":"https:\/\/portaledeestewp-prod.azurewebsites.net\/transparencia\/index.php\/compras-y-contrataciones\/manifestacion-de-interes\/#primaryimage"},"thumbnailUrl":"http:\/\/edeeste.com.do\/transparencia\/wp-content\/plugins\/download-manager\/assets\/file-type-icons\/download_folder.png","datePublished":"2025-05-09T23:45:43+00:00","dateModified":"2026-03-11T18:34:48+00:00","breadcrumb":{"@id":"https:\/\/portaledeestewp-prod.azurewebsites.net\/transparencia\/index.php\/compras-y-contrataciones\/manifestacion-de-interes\/#breadcrumb"},"inLanguage":"es","potentialAction":[{"@type":"ReadAction","target":["https:\/\/portaledeestewp-prod.azurewebsites.net\/transparencia\/index.php\/compras-y-contrataciones\/manifestacion-de-interes\/"]}]},{"@type":"ImageObject","inLanguage":"es","@id":"https:\/\/portaledeestewp-prod.azurewebsites.net\/transparencia\/index.php\/compras-y-contrataciones\/manifestacion-de-interes\/#primaryimage","url":"http:\/\/edeeste.com.do\/transparencia\/wp-content\/plugins\/download-manager\/assets\/file-type-icons\/download_folder.png","contentUrl":"http:\/\/edeeste.com.do\/transparencia\/wp-content\/plugins\/download-manager\/assets\/file-type-icons\/download_folder.png"},{"@type":"BreadcrumbList","@id":"https:\/\/portaledeestewp-prod.azurewebsites.net\/transparencia\/index.php\/compras-y-contrataciones\/manifestacion-de-interes\/#breadcrumb","itemListElement":[{"@type":"ListItem","position":1,"name":"Inicio","item":"https:\/\/edeeste.com.do\/transparencia\/"},{"@type":"ListItem","position":2,"name":"Compras y Contrataciones","item":"https:\/\/portaledeestewp-prod.azurewebsites.net\/transparencia\/index.php\/compras-y-contrataciones\/"},{"@type":"ListItem","position":3,"name":"Manifestaci\u00f3n de Inter\u00e9s"}]},{"@type":"WebSite","@id":"https:\/\/edeeste.com.do\/transparencia\/#website","url":"https:\/\/edeeste.com.do\/transparencia\/","name":"Empresa Distribuidora de Electricidad del Este","description":"Transparencia EDEESTE","publisher":{"@id":"https:\/\/edeeste.com.do\/transparencia\/#organization"},"potentialAction":[{"@type":"SearchAction","target":{"@type":"EntryPoint","urlTemplate":"https:\/\/edeeste.com.do\/transparencia\/?s={search_term_string}"},"query-input":{"@type":"PropertyValueSpecification","valueRequired":true,"valueName":"search_term_string"}}],"inLanguage":"es"},{"@type":"Organization","@id":"https:\/\/edeeste.com.do\/transparencia\/#organization","name":"EDEESTE - Portal de Transparencia Institucional","url":"https:\/\/edeeste.com.do\/transparencia\/","logo":{"@type":"ImageObject","inLanguage":"es","@id":"https:\/\/edeeste.com.do\/transparencia\/#\/schema\/logo\/image\/","url":"\/transparencia\/wp-content\/uploads\/2017\/01\/Logo-EDEEste-Azul-Amarillo.png","contentUrl":"\/transparencia\/wp-content\/uploads\/2017\/01\/Logo-EDEEste-Azul-Amarillo.png","width":2471,"height":1125,"caption":"EDEESTE - Portal de Transparencia Institucional"},"image":{"@id":"https:\/\/edeeste.com.do\/transparencia\/#\/schema\/logo\/image\/"},"sameAs":["https:\/\/www.facebook.com\/EDEEste","https:\/\/x.com\/EdeesteRD"]}]}},"_links":{"self":[{"href":"https:\/\/edeeste.com.do\/transparencia\/index.php\/wp-json\/wp\/v2\/pages\/17398"}],"collection":[{"href":"https:\/\/edeeste.com.do\/transparencia\/index.php\/wp-json\/wp\/v2\/pages"}],"about":[{"href":"https:\/\/edeeste.com.do\/transparencia\/index.php\/wp-json\/wp\/v2\/types\/page"}],"author":[{"embeddable":true,"href":"https:\/\/edeeste.com.do\/transparencia\/index.php\/wp-json\/wp\/v2\/users\/1"}],"replies":[{"embeddable":true,"href":"https:\/\/edeeste.com.do\/transparencia\/index.php\/wp-json\/wp\/v2\/comments?post=17398"}],"version-history":[{"count":58,"href":"https:\/\/edeeste.com.do\/transparencia\/index.php\/wp-json\/wp\/v2\/pages\/17398\/revisions"}],"predecessor-version":[{"id":17959,"href":"https:\/\/edeeste.com.do\/transparencia\/index.php\/wp-json\/wp\/v2\/pages\/17398\/revisions\/17959"}],"up":[{"embeddable":true,"href":"https:\/\/edeeste.com.do\/transparencia\/index.php\/wp-json\/wp\/v2\/pages\/54"}],"wp:attachment":[{"href":"https:\/\/edeeste.com.do\/transparencia\/index.php\/wp-json\/wp\/v2\/media?parent=17398"}],"curies":[{"name":"wp","href":"https:\/\/api.w.org\/{rel}","templated":true}]}}