{"id":13716,"date":"2022-06-07T16:05:39","date_gmt":"2022-06-07T20:05:39","guid":{"rendered":"https:\/\/edeeste.com.do\/transparencia\/?page_id=13716"},"modified":"2022-06-08T09:47:02","modified_gmt":"2022-06-08T13:47:02","slug":"plan-integral-de-reduccion-de-perdidas-2022-2028","status":"publish","type":"page","link":"https:\/\/edeeste.com.do\/transparencia\/index.php\/plan-integral-de-reduccion-de-perdidas-2022-2028\/","title":{"rendered":"Plan Integral de Reducci\u00f3n de P\u00e9rdidas 2022-2028"},"content":{"rendered":"\t\t<div data-elementor-type=\"wp-page\" data-elementor-id=\"13716\" class=\"elementor elementor-13716\" data-elementor-post-type=\"page\">\n\t\t\t\t\t\t<section class=\"elementor-section elementor-top-section elementor-element elementor-element-9eec74d elementor-section-boxed elementor-section-height-default elementor-section-height-default\" data-id=\"9eec74d\" data-element_type=\"section\">\n\t\t\t\t\t\t<div class=\"elementor-container elementor-column-gap-default\">\n\t\t\t\t\t<div class=\"elementor-column elementor-col-100 elementor-top-column elementor-element elementor-element-35eced3\" data-id=\"35eced3\" data-element_type=\"column\">\n\t\t\t<div class=\"elementor-widget-wrap elementor-element-populated\">\n\t\t\t\t\t\t<div class=\"elementor-element elementor-element-cee944c elementor-widget elementor-widget-heading\" data-id=\"cee944c\" data-element_type=\"widget\" data-widget_type=\"heading.default\">\n\t\t\t\t<div class=\"elementor-widget-container\">\n\t\t\t<h2 class=\"elementor-heading-title elementor-size-default\">Introducci\u00f3n<\/h2>\t\t<\/div>\n\t\t\t\t<\/div>\n\t\t\t\t<div class=\"elementor-element elementor-element-5127635 elementor-widget elementor-widget-text-editor\" data-id=\"5127635\" data-element_type=\"widget\" data-widget_type=\"text-editor.default\">\n\t\t\t\t<div class=\"elementor-widget-container\">\n\t\t\t\t\t\t\t<p>Las Empresas Distribuidoras de Electricidad (EDE) de la Rep\u00fablica Dominicana se crean en cumplimiento con la Ley General de Reforma de la Empresa P\u00fablica No. 141-97 e iniciaron sus operaciones el 13 de agosto de 1999 despu\u00e9s de un proceso de capitalizaci\u00f3n en el cual resultaron ganadoras las empresas multinacionales Union Fenosa y AES Corporation. Desde entonces el sector ha venido presentando diversos cambios en la administraci\u00f3n de las EDE.<\/p><p>En el a\u00f1o 2001 mediante la Ley General de Electricidad No. 125-01 fue establecida la Corporaci\u00f3n Dominicana de Empresas El\u00e9ctricas Estatales (CDEEE), con la finalidad de liderar y coordinar las empresas el\u00e9ctricas, llevar a cabo los programas del Estado en materia de electrificaci\u00f3n rural y suburbana a favor de las comunidades de escasos recursos econ\u00f3micos, as\u00ed como de la administraci\u00f3n y aplicaci\u00f3n de los contratos de suministro de energ\u00eda con los Productores Independientes de Energ\u00eda (IPP).\u00a0<\/p><p>En el a\u00f1o 2003, Uni\u00f3n Fenosa acord\u00f3 venderle las distribuidoras EDE Norte y EDE Sur a la Corporaci\u00f3n Dominicana de Empresas El\u00e9ctricas Estatales (CDEEE). AES Corporation se mantuvo administrando EDEEste hasta mayo de 2008, cuando decide vender su parte accionaria y traspasar la administraci\u00f3n a Trust Company of the West (TCW) . En Junio del a\u00f1o 2009, el Estado Dominicano a trav\u00e9s del Fondo Patrimonial de Empresas Reformadas (FONPER), adquiri\u00f3 el 50% de las acciones de manos de TCW, pasando el Estado Dominicano a ser el administrador de las EDE.<\/p><p>En el a\u00f1o 2018, a trav\u00e9s de los fondos de pr\u00e9stamos del Banco Mundial, mediante la consultor\u00eda realizada por la empresa AF-Mercados EMI, se presenta el estudio para elaboraci\u00f3n de un Plan Maestro para la expansi\u00f3n del sistema de distribuci\u00f3n y estudio de p\u00e9rdidas de las EDE, el cual contiene los principios rectores que se tomaron en cuenta para la actualizaci\u00f3n de los proyectos de expansi\u00f3n y an\u00e1lisis de los planes estrat\u00e9gicos de reducci\u00f3n de p\u00e9rdidas, que sirvieron de base para este Plan Integral de Reducci\u00f3n de P\u00e9rdidas.<\/p><p>El 16 de agosto del a\u00f1o 2020, mediante decreto 342-20 se crea el Consejo Unificado de las Empresas Distribuidoras de Electricidad del Estado Dominicano. Es en este marco y de acuerdo con la ley 1-12 de Estrategia Nacional de Desarrollo (END) el pa\u00eds se aboc\u00f3 en la concepci\u00f3n de un pacto para la mejora del sector el\u00e9ctrico y mediante decreto 389-14 nace el Pacto Nacional para la Reforma del Sector El\u00e9ctrico en la Rep\u00fablica Dominicana, que busca proveer al pa\u00eds un sistema confiable, eficiente, transparente y sostenible, que sea soporte a la realizaci\u00f3n de la visi\u00f3n de naci\u00f3n y objetivos consignados en la Estrategia Nacional de Desarrollo. Adem\u00e1s, el Pacto El\u00e9ctrico pretende garantizar en el sector el\u00e9ctrico los mecanismos de evaluaci\u00f3n y rendici\u00f3n de cuentas integrales, sistem\u00e1ticos, permanentes y transversales para todos los procesos y actores p\u00fablicos y privados del sistema el\u00e9ctrico del pa\u00eds, y donde las Empresas Distribuidoras de Electricidad tengan la capacidad de cubrir sus gastos operativos, de mantenimiento y de inversi\u00f3n para la expansi\u00f3n de un sistema eficiente, con mejoras en la cobertura, calidad y continuidad en la prestaci\u00f3n del servicio el\u00e9ctrico. Dise\u00f1ar e implementar un Plan Integral de Reducci\u00f3n de P\u00e9rdidas medible y auditable.<\/p><p>En noviembre 2021 fue presentada a la Vicepresidencia Ejecutiva del Consejo Unificado, los informes resultados de la consultor\u00eda para la preparaci\u00f3n de los planes de mejora de la gesti\u00f3n (PMG), realizada por el Sr. Mario L\u00f3pez Cabalero bajo el pr\u00e9stamo del Banco Mundial BIRF. Nro. 8563-DO, de donde se toman en cuenta para este documento las recomendaciones del consultor para las mejoras de la gesti\u00f3n de las EDE.\u00a0<\/p>\t\t\t\t\t\t<\/div>\n\t\t\t\t<\/div>\n\t\t\t\t\t<\/div>\n\t\t<\/div>\n\t\t\t\t\t<\/div>\n\t\t<\/section>\n\t\t\t\t<section class=\"elementor-section elementor-top-section elementor-element elementor-element-694badc elementor-section-boxed elementor-section-height-default elementor-section-height-default\" data-id=\"694badc\" data-element_type=\"section\">\n\t\t\t\t\t\t<div class=\"elementor-container elementor-column-gap-default\">\n\t\t\t\t\t<div class=\"elementor-column elementor-col-100 elementor-top-column elementor-element elementor-element-c079f8e\" data-id=\"c079f8e\" data-element_type=\"column\">\n\t\t\t<div class=\"elementor-widget-wrap elementor-element-populated\">\n\t\t\t\t\t\t<div class=\"elementor-element elementor-element-40881bd elementor-widget elementor-widget-heading\" data-id=\"40881bd\" data-element_type=\"widget\" data-widget_type=\"heading.default\">\n\t\t\t\t<div class=\"elementor-widget-container\">\n\t\t\t<h2 class=\"elementor-heading-title elementor-size-default\">Objetivos<\/h2>\t\t<\/div>\n\t\t\t\t<\/div>\n\t\t\t\t<div class=\"elementor-element elementor-element-0868811 elementor-widget elementor-widget-text-editor\" data-id=\"0868811\" data-element_type=\"widget\" data-widget_type=\"text-editor.default\">\n\t\t\t\t<div class=\"elementor-widget-container\">\n\t\t\t\t\t\t\t<p><b>Objetivo General<\/b><\/p><p>Mostrar la estrategia global de reducci\u00f3n de p\u00e9rdidas y plantear las iniciativas de mayor impacto<br \/>orientadas en una visi\u00f3n integrada de las tres EDE, para unir esfuerzos, crear sinergia y as\u00ed llevar a<br \/>cabo de manera m\u00e1s efectiva las acciones que ayuden a acelerar la recuperaci\u00f3n financiera.<\/p><p><strong>Objetivos Espec\u00edficos<\/strong><\/p><p>El Plan Integral de Reducci\u00f3n de P\u00e9rdidas contiene como objetivos espec\u00edficos los siguientes:\u00a0<\/p><p>a. Programa de inversiones sobre la expansi\u00f3n y rehabilitaci\u00f3n de redes durante el periodo 2022 al 2028, incluye los costos de inversi\u00f3n requeridos para proyectos de rehabilitaci\u00f3n de redes en puntos vulnerables y el blindaje t\u00e9cnico de las redes de distribuci\u00f3n que permite el abastecimiento de la demanda conforme a lo establecido en la ley num.125-01.\u00a0<\/p><p>b. La ampliaci\u00f3n de los programas de tele gesti\u00f3n (telemedida y telecorte) y\/o prepago, incluyendo a los clientes que participan en Bonoluz.\u00a0<\/p><p>c. La integraci\u00f3n de las zonas carenciadas a la gesti\u00f3n t\u00e9cnica y comercial de las Empresas Distribuidoras de Electricidad.\u00a0<\/p><p>d. Mejorar la efectividad de los mecanismos destinados al control y persecuci\u00f3n del fraude el\u00e9ctrico, sugiriendo auditoria de procesos al interior de las EDE, as\u00ed como un mejor uso de las tecnolog\u00edas disponibles para combatir nuevas modalidades de fraude el\u00e9ctrico, que puedan emerger asociados a la tele gesti\u00f3n.\u00a0<\/p><p>e. Mejorar la gesti\u00f3n comercial mediante el establecimiento de pol\u00edgonos de gesti\u00f3n conforme a caracter\u00edsticas geogr\u00e1ficas, de las redes el\u00e9ctricas y de los usuarios o como bien se denomina en las acciones como zonas foco.\u00a0<\/p><p>f. La contrataci\u00f3n masiva de suministros en conexi\u00f3n directa y la vinculaci\u00f3n de clientes a totalizadores en los Centros de Transformaci\u00f3n.<\/p><p>g. El establecimiento de un modelo de proyecci\u00f3n del flujo de caja de las Empresas Distribuidoras de Electricidad, que toma en cuenta el impacto esperado del plan integral de reducci\u00f3n de perdidas.\u00a0<\/p><p>h. Mecanismos de seguimiento que garantizar\u00e1n el logro de las metas establecidas en el programa de reducci\u00f3n de p\u00e9rdidas y el cronograma de mejora de gesti\u00f3n, que permitir\u00e1 identificar los posibles desv\u00edos y la adopci\u00f3n de medidas de correcci\u00f3n necesarias.\u00a0<\/p><p>i. El presupuesto de inversiones de cada Empresa Distribuidora de Electricidad de su programa de reducci\u00f3n de p\u00e9rdidas y cronograma de mejora de gesti\u00f3n, a fin de que los mismos sean consistentes con las metas establecidas a nivel de las tres empresas distribuidoras.\u00a0<\/p><p>j. Definici\u00f3n y aplicaci\u00f3n de r\u00e9gimen de consecuencias ante el no alcance de metas y objetivos comprometidos, salvo casos de fuerza mayor.<\/p>\t\t\t\t\t\t<\/div>\n\t\t\t\t<\/div>\n\t\t\t\t\t<\/div>\n\t\t<\/div>\n\t\t\t\t\t<\/div>\n\t\t<\/section>\n\t\t\t\t<section class=\"elementor-section elementor-top-section elementor-element elementor-element-fad70ff elementor-section-boxed elementor-section-height-default elementor-section-height-default\" data-id=\"fad70ff\" data-element_type=\"section\">\n\t\t\t\t\t\t<div class=\"elementor-container elementor-column-gap-default\">\n\t\t\t\t\t<div class=\"elementor-column elementor-col-100 elementor-top-column elementor-element elementor-element-7de4e11\" data-id=\"7de4e11\" data-element_type=\"column\">\n\t\t\t<div class=\"elementor-widget-wrap elementor-element-populated\">\n\t\t\t\t\t\t<div class=\"elementor-element elementor-element-2152734 elementor-tabs-view-vertical elementor-widget elementor-widget-tabs\" data-id=\"2152734\" data-element_type=\"widget\" data-widget_type=\"tabs.default\">\n\t\t\t\t<div class=\"elementor-widget-container\">\n\t\t\t\t\t<div class=\"elementor-tabs\">\n\t\t\t<div class=\"elementor-tabs-wrapper\" role=\"tablist\" >\n\t\t\t\t\t\t\t\t\t<div id=\"elementor-tab-title-3491\" class=\"elementor-tab-title elementor-tab-desktop-title\" aria-selected=\"true\" data-tab=\"1\" role=\"tab\" tabindex=\"0\" aria-controls=\"elementor-tab-content-3491\" aria-expanded=\"false\">2022 - 2028<\/div>\n\t\t\t\t\t\t\t<\/div>\n\t\t\t<div class=\"elementor-tabs-content-wrapper\" role=\"tablist\" aria-orientation=\"vertical\">\n\t\t\t\t\t\t\t\t\t<div class=\"elementor-tab-title elementor-tab-mobile-title\" aria-selected=\"true\" data-tab=\"1\" role=\"tab\" tabindex=\"0\" aria-controls=\"elementor-tab-content-3491\" aria-expanded=\"false\">2022 - 2028<\/div>\n\t\t\t\t\t<div id=\"elementor-tab-content-3491\" class=\"elementor-tab-content elementor-clearfix\" data-tab=\"1\" role=\"tabpanel\" aria-labelledby=\"elementor-tab-title-3491\" tabindex=\"0\" hidden=\"false\"><p><div class='w3eden'><!-- WPDM Link Template: Widget Template -->\n\n<div class=\"media well link-template-widget\">\n    <a class=\"mr-3 img-48\" href=\"https:\/\/edeeste.com.do\/transparencia\/index.php\/wpdm-package\/plan-integral-de-reduccion-de-perdidas-2022-2028\/\">\n        <img decoding=\"async\" class=\"wpdm_icon\" alt=\"Icono\"   src=\"https:\/\/edeestesite.azurewebsites.net\/transparencia\/wp-content\/plugins\/download-manager\/assets\/file-type-icons\/download_folder.png\" \/>\n    <\/a>\n    <div class=\"media-body\">\n        <a href=\"https:\/\/edeeste.com.do\/transparencia\/index.php\/wpdm-package\/plan-integral-de-reduccion-de-perdidas-2022-2028\/\" style=\"display: block;clear: bottom;font-size: 11pt;font-weight: bold;\">Plan Integral de Reducci\u00f3n de P\u00e9rdidas 2022-2028<\/a>\n        <div style=\"font-size: 9pt;\">\n            <i class=\"fas fa-hdd color-green\"><\/i> 7.65 MB <i class=\"fa fa-copy ml-3\"><\/i>\n            2 file(s)\n        <\/div>\n    <\/div>\n<\/div>\n\n<\/div><\/p><\/div>\n\t\t\t\t\t\t\t<\/div>\n\t\t<\/div>\n\t\t\t\t<\/div>\n\t\t\t\t<\/div>\n\t\t\t\t\t<\/div>\n\t\t<\/div>\n\t\t\t\t\t<\/div>\n\t\t<\/section>\n\t\t\t\t<\/div>\n\t\t","protected":false},"excerpt":{"rendered":"<p>Introducci\u00f3n Las Empresas Distribuidoras de Electricidad (EDE) de la Rep\u00fablica Dominicana se crean en cumplimiento con la Ley General de Reforma de la Empresa P\u00fablica No. 141-97 e iniciaron sus operaciones el 13 de agosto de 1999 despu\u00e9s de un proceso de capitalizaci\u00f3n en el cual resultaron ganadoras las empresas multinacionales Union Fenosa y AES [&hellip;]<\/p>\n","protected":false},"author":1,"featured_media":0,"parent":0,"menu_order":0,"comment_status":"closed","ping_status":"closed","template":"","meta":{"footnotes":""},"class_list":["post-13716","page","type-page","status-publish","hentry"],"yoast_head":"<!-- This site is optimized with the Yoast SEO plugin v23.5 - https:\/\/yoast.com\/wordpress\/plugins\/seo\/ -->\n<title>Plan Integral de Reducci\u00f3n de P\u00e9rdidas 2022-2028 | Empresa Distribuidora de Electricidad del Este<\/title>\n<meta name=\"robots\" content=\"index, follow, max-snippet:-1, max-image-preview:large, max-video-preview:-1\" \/>\n<link rel=\"canonical\" href=\"https:\/\/edeeste.com.do\/transparencia\/index.php\/plan-integral-de-reduccion-de-perdidas-2022-2028\/\" \/>\n<meta property=\"og:locale\" content=\"es_ES\" \/>\n<meta property=\"og:type\" content=\"article\" \/>\n<meta property=\"og:title\" content=\"Plan Integral de Reducci\u00f3n de P\u00e9rdidas 2022-2028 | Empresa Distribuidora de Electricidad del Este\" \/>\n<meta property=\"og:description\" content=\"Introducci\u00f3n Las Empresas Distribuidoras de Electricidad (EDE) de la Rep\u00fablica Dominicana se crean en cumplimiento con la Ley General de Reforma de la Empresa P\u00fablica No. 141-97 e iniciaron sus operaciones el 13 de agosto de 1999 despu\u00e9s de un proceso de capitalizaci\u00f3n en el cual resultaron ganadoras las empresas multinacionales Union Fenosa y AES [&hellip;]\" \/>\n<meta property=\"og:url\" content=\"https:\/\/edeeste.com.do\/transparencia\/index.php\/plan-integral-de-reduccion-de-perdidas-2022-2028\/\" \/>\n<meta property=\"og:site_name\" content=\"Empresa Distribuidora de Electricidad del Este\" \/>\n<meta property=\"article:publisher\" content=\"https:\/\/www.facebook.com\/EDEEste\" \/>\n<meta property=\"article:modified_time\" content=\"2022-06-08T13:47:02+00:00\" \/>\n<meta property=\"og:image\" content=\"https:\/\/edeestesite.azurewebsites.net\/transparencia\/wp-content\/plugins\/download-manager\/assets\/file-type-icons\/download_folder.png\" \/>\n<meta name=\"twitter:card\" content=\"summary_large_image\" \/>\n<meta name=\"twitter:site\" content=\"@EdeesteRD\" \/>\n<meta name=\"twitter:label1\" content=\"Tiempo de lectura\" \/>\n\t<meta name=\"twitter:data1\" content=\"6 minutos\" \/>\n<script type=\"application\/ld+json\" class=\"yoast-schema-graph\">{\"@context\":\"https:\/\/schema.org\",\"@graph\":[{\"@type\":\"WebPage\",\"@id\":\"https:\/\/edeeste.com.do\/transparencia\/index.php\/plan-integral-de-reduccion-de-perdidas-2022-2028\/\",\"url\":\"https:\/\/edeeste.com.do\/transparencia\/index.php\/plan-integral-de-reduccion-de-perdidas-2022-2028\/\",\"name\":\"Plan Integral de Reducci\u00f3n de P\u00e9rdidas 2022-2028 | Empresa Distribuidora de Electricidad del Este\",\"isPartOf\":{\"@id\":\"https:\/\/edeeste.com.do\/transparencia\/#website\"},\"primaryImageOfPage\":{\"@id\":\"https:\/\/edeeste.com.do\/transparencia\/index.php\/plan-integral-de-reduccion-de-perdidas-2022-2028\/#primaryimage\"},\"image\":{\"@id\":\"https:\/\/edeeste.com.do\/transparencia\/index.php\/plan-integral-de-reduccion-de-perdidas-2022-2028\/#primaryimage\"},\"thumbnailUrl\":\"https:\/\/edeestesite.azurewebsites.net\/transparencia\/wp-content\/plugins\/download-manager\/assets\/file-type-icons\/download_folder.png\",\"datePublished\":\"2022-06-07T20:05:39+00:00\",\"dateModified\":\"2022-06-08T13:47:02+00:00\",\"breadcrumb\":{\"@id\":\"https:\/\/edeeste.com.do\/transparencia\/index.php\/plan-integral-de-reduccion-de-perdidas-2022-2028\/#breadcrumb\"},\"inLanguage\":\"es\",\"potentialAction\":[{\"@type\":\"ReadAction\",\"target\":[\"https:\/\/edeeste.com.do\/transparencia\/index.php\/plan-integral-de-reduccion-de-perdidas-2022-2028\/\"]}]},{\"@type\":\"ImageObject\",\"inLanguage\":\"es\",\"@id\":\"https:\/\/edeeste.com.do\/transparencia\/index.php\/plan-integral-de-reduccion-de-perdidas-2022-2028\/#primaryimage\",\"url\":\"https:\/\/edeestesite.azurewebsites.net\/transparencia\/wp-content\/plugins\/download-manager\/assets\/file-type-icons\/download_folder.png\",\"contentUrl\":\"https:\/\/edeestesite.azurewebsites.net\/transparencia\/wp-content\/plugins\/download-manager\/assets\/file-type-icons\/download_folder.png\"},{\"@type\":\"BreadcrumbList\",\"@id\":\"https:\/\/edeeste.com.do\/transparencia\/index.php\/plan-integral-de-reduccion-de-perdidas-2022-2028\/#breadcrumb\",\"itemListElement\":[{\"@type\":\"ListItem\",\"position\":1,\"name\":\"Inicio\",\"item\":\"https:\/\/edeeste.com.do\/transparencia\/\"},{\"@type\":\"ListItem\",\"position\":2,\"name\":\"Plan Integral de Reducci\u00f3n de P\u00e9rdidas 2022-2028\"}]},{\"@type\":\"WebSite\",\"@id\":\"https:\/\/edeeste.com.do\/transparencia\/#website\",\"url\":\"https:\/\/edeeste.com.do\/transparencia\/\",\"name\":\"Empresa Distribuidora de Electricidad del Este\",\"description\":\"Transparencia EDEESTE\",\"publisher\":{\"@id\":\"https:\/\/edeeste.com.do\/transparencia\/#organization\"},\"potentialAction\":[{\"@type\":\"SearchAction\",\"target\":{\"@type\":\"EntryPoint\",\"urlTemplate\":\"https:\/\/edeeste.com.do\/transparencia\/?s={search_term_string}\"},\"query-input\":{\"@type\":\"PropertyValueSpecification\",\"valueRequired\":true,\"valueName\":\"search_term_string\"}}],\"inLanguage\":\"es\"},{\"@type\":\"Organization\",\"@id\":\"https:\/\/edeeste.com.do\/transparencia\/#organization\",\"name\":\"EDEESTE - Portal de Transparencia Institucional\",\"url\":\"https:\/\/edeeste.com.do\/transparencia\/\",\"logo\":{\"@type\":\"ImageObject\",\"inLanguage\":\"es\",\"@id\":\"https:\/\/edeeste.com.do\/transparencia\/#\/schema\/logo\/image\/\",\"url\":\"\/transparencia\/wp-content\/uploads\/2017\/01\/Logo-EDEEste-Azul-Amarillo.png\",\"contentUrl\":\"\/transparencia\/wp-content\/uploads\/2017\/01\/Logo-EDEEste-Azul-Amarillo.png\",\"width\":2471,\"height\":1125,\"caption\":\"EDEESTE - Portal de Transparencia Institucional\"},\"image\":{\"@id\":\"https:\/\/edeeste.com.do\/transparencia\/#\/schema\/logo\/image\/\"},\"sameAs\":[\"https:\/\/www.facebook.com\/EDEEste\",\"https:\/\/x.com\/EdeesteRD\"]}]}<\/script>\n<!-- \/ Yoast SEO plugin. -->","yoast_head_json":{"title":"Plan Integral de Reducci\u00f3n de P\u00e9rdidas 2022-2028 | Empresa Distribuidora de Electricidad del Este","robots":{"index":"index","follow":"follow","max-snippet":"max-snippet:-1","max-image-preview":"max-image-preview:large","max-video-preview":"max-video-preview:-1"},"canonical":"https:\/\/edeeste.com.do\/transparencia\/index.php\/plan-integral-de-reduccion-de-perdidas-2022-2028\/","og_locale":"es_ES","og_type":"article","og_title":"Plan Integral de Reducci\u00f3n de P\u00e9rdidas 2022-2028 | Empresa Distribuidora de Electricidad del Este","og_description":"Introducci\u00f3n Las Empresas Distribuidoras de Electricidad (EDE) de la Rep\u00fablica Dominicana se crean en cumplimiento con la Ley General de Reforma de la Empresa P\u00fablica No. 141-97 e iniciaron sus operaciones el 13 de agosto de 1999 despu\u00e9s de un proceso de capitalizaci\u00f3n en el cual resultaron ganadoras las empresas multinacionales Union Fenosa y AES [&hellip;]","og_url":"https:\/\/edeeste.com.do\/transparencia\/index.php\/plan-integral-de-reduccion-de-perdidas-2022-2028\/","og_site_name":"Empresa Distribuidora de Electricidad del Este","article_publisher":"https:\/\/www.facebook.com\/EDEEste","article_modified_time":"2022-06-08T13:47:02+00:00","og_image":[{"url":"https:\/\/edeestesite.azurewebsites.net\/transparencia\/wp-content\/plugins\/download-manager\/assets\/file-type-icons\/download_folder.png"}],"twitter_card":"summary_large_image","twitter_site":"@EdeesteRD","twitter_misc":{"Tiempo de lectura":"6 minutos"},"schema":{"@context":"https:\/\/schema.org","@graph":[{"@type":"WebPage","@id":"https:\/\/edeeste.com.do\/transparencia\/index.php\/plan-integral-de-reduccion-de-perdidas-2022-2028\/","url":"https:\/\/edeeste.com.do\/transparencia\/index.php\/plan-integral-de-reduccion-de-perdidas-2022-2028\/","name":"Plan Integral de Reducci\u00f3n de P\u00e9rdidas 2022-2028 | Empresa Distribuidora de Electricidad del Este","isPartOf":{"@id":"https:\/\/edeeste.com.do\/transparencia\/#website"},"primaryImageOfPage":{"@id":"https:\/\/edeeste.com.do\/transparencia\/index.php\/plan-integral-de-reduccion-de-perdidas-2022-2028\/#primaryimage"},"image":{"@id":"https:\/\/edeeste.com.do\/transparencia\/index.php\/plan-integral-de-reduccion-de-perdidas-2022-2028\/#primaryimage"},"thumbnailUrl":"https:\/\/edeestesite.azurewebsites.net\/transparencia\/wp-content\/plugins\/download-manager\/assets\/file-type-icons\/download_folder.png","datePublished":"2022-06-07T20:05:39+00:00","dateModified":"2022-06-08T13:47:02+00:00","breadcrumb":{"@id":"https:\/\/edeeste.com.do\/transparencia\/index.php\/plan-integral-de-reduccion-de-perdidas-2022-2028\/#breadcrumb"},"inLanguage":"es","potentialAction":[{"@type":"ReadAction","target":["https:\/\/edeeste.com.do\/transparencia\/index.php\/plan-integral-de-reduccion-de-perdidas-2022-2028\/"]}]},{"@type":"ImageObject","inLanguage":"es","@id":"https:\/\/edeeste.com.do\/transparencia\/index.php\/plan-integral-de-reduccion-de-perdidas-2022-2028\/#primaryimage","url":"https:\/\/edeestesite.azurewebsites.net\/transparencia\/wp-content\/plugins\/download-manager\/assets\/file-type-icons\/download_folder.png","contentUrl":"https:\/\/edeestesite.azurewebsites.net\/transparencia\/wp-content\/plugins\/download-manager\/assets\/file-type-icons\/download_folder.png"},{"@type":"BreadcrumbList","@id":"https:\/\/edeeste.com.do\/transparencia\/index.php\/plan-integral-de-reduccion-de-perdidas-2022-2028\/#breadcrumb","itemListElement":[{"@type":"ListItem","position":1,"name":"Inicio","item":"https:\/\/edeeste.com.do\/transparencia\/"},{"@type":"ListItem","position":2,"name":"Plan Integral de Reducci\u00f3n de P\u00e9rdidas 2022-2028"}]},{"@type":"WebSite","@id":"https:\/\/edeeste.com.do\/transparencia\/#website","url":"https:\/\/edeeste.com.do\/transparencia\/","name":"Empresa Distribuidora de Electricidad del Este","description":"Transparencia EDEESTE","publisher":{"@id":"https:\/\/edeeste.com.do\/transparencia\/#organization"},"potentialAction":[{"@type":"SearchAction","target":{"@type":"EntryPoint","urlTemplate":"https:\/\/edeeste.com.do\/transparencia\/?s={search_term_string}"},"query-input":{"@type":"PropertyValueSpecification","valueRequired":true,"valueName":"search_term_string"}}],"inLanguage":"es"},{"@type":"Organization","@id":"https:\/\/edeeste.com.do\/transparencia\/#organization","name":"EDEESTE - Portal de Transparencia Institucional","url":"https:\/\/edeeste.com.do\/transparencia\/","logo":{"@type":"ImageObject","inLanguage":"es","@id":"https:\/\/edeeste.com.do\/transparencia\/#\/schema\/logo\/image\/","url":"\/transparencia\/wp-content\/uploads\/2017\/01\/Logo-EDEEste-Azul-Amarillo.png","contentUrl":"\/transparencia\/wp-content\/uploads\/2017\/01\/Logo-EDEEste-Azul-Amarillo.png","width":2471,"height":1125,"caption":"EDEESTE - Portal de Transparencia Institucional"},"image":{"@id":"https:\/\/edeeste.com.do\/transparencia\/#\/schema\/logo\/image\/"},"sameAs":["https:\/\/www.facebook.com\/EDEEste","https:\/\/x.com\/EdeesteRD"]}]}},"_links":{"self":[{"href":"https:\/\/edeeste.com.do\/transparencia\/index.php\/wp-json\/wp\/v2\/pages\/13716"}],"collection":[{"href":"https:\/\/edeeste.com.do\/transparencia\/index.php\/wp-json\/wp\/v2\/pages"}],"about":[{"href":"https:\/\/edeeste.com.do\/transparencia\/index.php\/wp-json\/wp\/v2\/types\/page"}],"author":[{"embeddable":true,"href":"https:\/\/edeeste.com.do\/transparencia\/index.php\/wp-json\/wp\/v2\/users\/1"}],"replies":[{"embeddable":true,"href":"https:\/\/edeeste.com.do\/transparencia\/index.php\/wp-json\/wp\/v2\/comments?post=13716"}],"version-history":[{"count":3,"href":"https:\/\/edeeste.com.do\/transparencia\/index.php\/wp-json\/wp\/v2\/pages\/13716\/revisions"}],"predecessor-version":[{"id":13725,"href":"https:\/\/edeeste.com.do\/transparencia\/index.php\/wp-json\/wp\/v2\/pages\/13716\/revisions\/13725"}],"wp:attachment":[{"href":"https:\/\/edeeste.com.do\/transparencia\/index.php\/wp-json\/wp\/v2\/media?parent=13716"}],"curies":[{"name":"wp","href":"https:\/\/api.w.org\/{rel}","templated":true}]}}