{"id":10,"date":"2016-08-03T20:40:34","date_gmt":"2016-08-03T20:40:34","guid":{"rendered":"http:\/\/localhost:4001\/transparencia\/?page_id=10"},"modified":"2024-08-22T22:23:17","modified_gmt":"2024-08-23T02:23:17","slug":"transparencia","status":"publish","type":"page","link":"https:\/\/edeeste.com.do\/transparencia\/","title":{"rendered":"Transparencia"},"content":{"rendered":"\t\t<div data-elementor-type=\"wp-post\" data-elementor-id=\"10\" class=\"elementor elementor-10\" data-elementor-post-type=\"page\">\n\t\t\t\t\t\t<section class=\"elementor-section elementor-top-section elementor-element elementor-element-a960b19 elementor-section-full_width elementor-hidden-desktop elementor-section-height-default elementor-section-height-default\" data-id=\"a960b19\" data-element_type=\"section\" data-settings=\"{&quot;background_background&quot;:&quot;classic&quot;}\">\n\t\t\t\t\t\t\t<div class=\"elementor-background-overlay\"><\/div>\n\t\t\t\t\t\t\t<div class=\"elementor-container elementor-column-gap-no\">\n\t\t\t\t\t<div class=\"elementor-column elementor-col-100 elementor-top-column elementor-element elementor-element-31e82f9\" data-id=\"31e82f9\" data-element_type=\"column\">\n\t\t\t<div class=\"elementor-widget-wrap elementor-element-populated\">\n\t\t\t\t\t\t<div class=\"elementor-element elementor-element-ac81265 elementor-widget elementor-widget-spacer\" data-id=\"ac81265\" data-element_type=\"widget\" data-widget_type=\"spacer.default\">\n\t\t\t\t<div class=\"elementor-widget-container\">\n\t\t\t\t\t<div class=\"elementor-spacer\">\n\t\t\t<div class=\"elementor-spacer-inner\"><\/div>\n\t\t<\/div>\n\t\t\t\t<\/div>\n\t\t\t\t<\/div>\n\t\t\t\t\t<\/div>\n\t\t<\/div>\n\t\t\t\t\t<\/div>\n\t\t<\/section>\n\t\t\t\t<section class=\"elementor-section elementor-top-section elementor-element elementor-element-523309f elementor-section-full_width elementor-section-height-default elementor-section-height-default\" data-id=\"523309f\" data-element_type=\"section\">\n\t\t\t\t\t\t<div class=\"elementor-container elementor-column-gap-no\">\n\t\t\t\t\t<div class=\"elementor-column elementor-col-100 elementor-top-column elementor-element elementor-element-2e875da\" data-id=\"2e875da\" data-element_type=\"column\">\n\t\t\t<div class=\"elementor-widget-wrap elementor-element-populated\">\n\t\t\t\t\t\t<div class=\"elementor-element elementor-element-12d0a3d elementor-widget-divider--view-line elementor-widget elementor-widget-divider\" data-id=\"12d0a3d\" data-element_type=\"widget\" data-widget_type=\"divider.default\">\n\t\t\t\t<div class=\"elementor-widget-container\">\n\t\t\t\t\t<div class=\"elementor-divider\">\n\t\t\t<span class=\"elementor-divider-separator\">\n\t\t\t\t\t\t<\/span>\n\t\t<\/div>\n\t\t\t\t<\/div>\n\t\t\t\t<\/div>\n\t\t\t\t\t<\/div>\n\t\t<\/div>\n\t\t\t\t\t<\/div>\n\t\t<\/section>\n\t\t\t\t<section class=\"elementor-section elementor-top-section elementor-element elementor-element-f5085ce elementor-section-boxed elementor-section-height-default elementor-section-height-default\" data-id=\"f5085ce\" data-element_type=\"section\">\n\t\t\t\t\t\t<div class=\"elementor-container elementor-column-gap-default\">\n\t\t\t\t\t<div class=\"elementor-column elementor-col-100 elementor-top-column elementor-element elementor-element-e4c14db\" data-id=\"e4c14db\" data-element_type=\"column\">\n\t\t\t<div class=\"elementor-widget-wrap elementor-element-populated\">\n\t\t\t\t\t\t<div class=\"elementor-element elementor-element-b5ec22d elementor-widget elementor-widget-text-editor\" data-id=\"b5ec22d\" data-element_type=\"widget\" data-widget_type=\"text-editor.default\">\n\t\t\t\t<div class=\"elementor-widget-container\">\n\t\t\t\t\t\t\t<p>En este portal interactivo est\u00e1 disponible todo lo establecido en la <strong>Ley General de Libre Acceso a la Informaci\u00f3n P\u00fablica\u00a0200-04 <\/strong>y el<strong> Decreto No. 130-05<\/strong> que aprueba su Reglamento de Aplicaci\u00f3n.<\/p><p>Garantiza el derecho de los ciudadanos de estar informados de las leyes, decretos, resoluciones,\u00a0disposiciones, marcos regulatorios y cualquier otro tipo de normativas relacionada con la empresa, as\u00ed como\u00a0del presupuesto y su ejecuci\u00f3n, licitaciones, compras, contrataciones, proveedores, estado de cuenta y pago a proveedores, inventarios,\u00a0proyectos, programas sociales,\u00a0 estructuras, integrantes y funciones, estad\u00edsticas, informes, memorias y publicaciones oficiales, n\u00f3mina de empleados, beneficiarios de programas, vacantes disponibles y cualquier\u00a0 otra informaci\u00f3n dispuesta al p\u00fablico por\u00a0 leyes org\u00e1nicas, ordinarias y\u00a0 especiales.<\/p><p>De esta forma, <strong>EDE Este<\/strong> rinde cuentas a la ciudadan\u00eda a trav\u00e9s de este <strong>Portal\u00a0de Transparencia<\/strong>, proporcionando informaciones en l\u00ednea, y por v\u00eda de su Oficina de Libre Acceso a la Informaci\u00f3n P\u00fablica (<a href=\"https:\/\/www.edeeste.com.do\/transparencia\/index.php\/contacto\/\"><strong>OAI-EDE Este<\/strong><\/a>).<\/p>\t\t\t\t\t\t<\/div>\n\t\t\t\t<\/div>\n\t\t\t\t\t<\/div>\n\t\t<\/div>\n\t\t\t\t\t<\/div>\n\t\t<\/section>\n\t\t\t\t<section class=\"elementor-section elementor-top-section elementor-element elementor-element-562e514b elementor-section-full_width elementor-section-height-default elementor-section-height-default\" data-id=\"562e514b\" data-element_type=\"section\" data-settings=\"{&quot;background_background&quot;:&quot;classic&quot;}\">\n\t\t\t\t\t\t\t<div class=\"elementor-background-overlay\"><\/div>\n\t\t\t\t\t\t\t<div class=\"elementor-container elementor-column-gap-default\">\n\t\t\t\t\t<div class=\"elementor-column elementor-col-33 elementor-top-column elementor-element elementor-element-5bb83e5\" data-id=\"5bb83e5\" data-element_type=\"column\" data-settings=\"{&quot;background_background&quot;:&quot;classic&quot;}\">\n\t\t\t<div class=\"elementor-widget-wrap elementor-element-populated\">\n\t\t\t\t\t<div class=\"elementor-background-overlay\"><\/div>\n\t\t\t\t\t\t<div class=\"elementor-element elementor-element-57ff8c4 elementor-view-default elementor-position-top elementor-mobile-position-top elementor-widget elementor-widget-icon-box\" data-id=\"57ff8c4\" data-element_type=\"widget\" data-widget_type=\"icon-box.default\">\n\t\t\t\t<div class=\"elementor-widget-container\">\n\t\t\t\t\t<div class=\"elementor-icon-box-wrapper\">\n\n\t\t\t\t\t\t<div class=\"elementor-icon-box-icon\">\n\t\t\t\t<span  class=\"elementor-icon elementor-animation-\">\n\t\t\t\t<i class=\"fa fa-upload\" aria-hidden=\"true\"><\/i>\t\t\t\t<\/span>\n\t\t\t<\/div>\n\t\t\t\n\t\t\t\t\t\t<div class=\"elementor-icon-box-content\">\n\n\t\t\t\t\t\t\t\t\t<h3 class=\"elementor-icon-box-title\">\n\t\t\t\t\t\t<span  >\n\t\t\t\t\t\t\tLicitaciones P\u00fablicas\t\t\t\t\t\t<\/span>\n\t\t\t\t\t<\/h3>\n\t\t\t\t\n\t\t\t\t\n\t\t\t<\/div>\n\t\t\t\n\t\t<\/div>\n\t\t\t\t<\/div>\n\t\t\t\t<\/div>\n\t\t\t\t<div class=\"elementor-element elementor-element-d21d2bb elementor-align-center elementor-widget elementor-widget-button\" data-id=\"d21d2bb\" data-element_type=\"widget\" data-widget_type=\"button.default\">\n\t\t\t\t<div class=\"elementor-widget-container\">\n\t\t\t\t\t<div class=\"elementor-button-wrapper\">\n\t\t\t<a class=\"elementor-button elementor-button-link elementor-size-sm\" href=\"https:\/\/www.edeeste.com.do\/transparencia\/index.php\/compras-y-contrataciones\/licitaciones-publicas\/\">\n\t\t\t\t\t\t<span class=\"elementor-button-content-wrapper\">\n\t\t\t\t\t\t<span class=\"elementor-button-icon\">\n\t\t\t\t\t\t\t\t\t<i class=\"fa fa-angle-double-down\" aria-hidden=\"true\"><\/i>\n\t\t\t\t\t\t\t<\/span>\n\t\t\t\t\t\t\t\t\t<span class=\"elementor-button-text\">Ver M\u00e1s<\/span>\n\t\t\t\t\t<\/span>\n\t\t\t\t\t<\/a>\n\t\t<\/div>\n\t\t\t\t<\/div>\n\t\t\t\t<\/div>\n\t\t\t\t\t<\/div>\n\t\t<\/div>\n\t\t\t\t<div class=\"elementor-column elementor-col-33 elementor-top-column elementor-element elementor-element-7a9ff32\" data-id=\"7a9ff32\" data-element_type=\"column\" data-settings=\"{&quot;background_background&quot;:&quot;classic&quot;}\">\n\t\t\t<div class=\"elementor-widget-wrap elementor-element-populated\">\n\t\t\t\t\t<div class=\"elementor-background-overlay\"><\/div>\n\t\t\t\t\t\t<div class=\"elementor-element elementor-element-afb0bd3 elementor-view-default elementor-position-top elementor-mobile-position-top elementor-widget elementor-widget-icon-box\" data-id=\"afb0bd3\" data-element_type=\"widget\" data-widget_type=\"icon-box.default\">\n\t\t\t\t<div class=\"elementor-widget-container\">\n\t\t\t\t\t<div class=\"elementor-icon-box-wrapper\">\n\n\t\t\t\t\t\t<div class=\"elementor-icon-box-icon\">\n\t\t\t\t<span  class=\"elementor-icon elementor-animation-\">\n\t\t\t\t<i class=\"fa fa-users\" aria-hidden=\"true\"><\/i>\t\t\t\t<\/span>\n\t\t\t<\/div>\n\t\t\t\n\t\t\t\t\t\t<div class=\"elementor-icon-box-content\">\n\n\t\t\t\t\t\t\t\t\t<h3 class=\"elementor-icon-box-title\">\n\t\t\t\t\t\t<span  >\n\t\t\t\t\t\t\tN\u00f3mina de Empleados\t\t\t\t\t\t<\/span>\n\t\t\t\t\t<\/h3>\n\t\t\t\t\n\t\t\t\t\n\t\t\t<\/div>\n\t\t\t\n\t\t<\/div>\n\t\t\t\t<\/div>\n\t\t\t\t<\/div>\n\t\t\t\t<div class=\"elementor-element elementor-element-7838468 elementor-align-center elementor-widget elementor-widget-button\" data-id=\"7838468\" data-element_type=\"widget\" data-widget_type=\"button.default\">\n\t\t\t\t<div class=\"elementor-widget-container\">\n\t\t\t\t\t<div class=\"elementor-button-wrapper\">\n\t\t\t<a class=\"elementor-button elementor-button-link elementor-size-sm\" href=\"https:\/\/www.edeeste.com.do\/transparencia\/index.php\/recursos-humanos\/nominas\/\">\n\t\t\t\t\t\t<span class=\"elementor-button-content-wrapper\">\n\t\t\t\t\t\t<span class=\"elementor-button-icon\">\n\t\t\t\t\t\t\t\t\t<i class=\"fa fa-angle-double-down\" aria-hidden=\"true\"><\/i>\n\t\t\t\t\t\t\t<\/span>\n\t\t\t\t\t\t\t\t\t<span class=\"elementor-button-text\">Ver M\u00e1s<\/span>\n\t\t\t\t\t<\/span>\n\t\t\t\t\t<\/a>\n\t\t<\/div>\n\t\t\t\t<\/div>\n\t\t\t\t<\/div>\n\t\t\t\t\t<\/div>\n\t\t<\/div>\n\t\t\t\t<div class=\"elementor-column elementor-col-33 elementor-top-column elementor-element elementor-element-2974fc1\" data-id=\"2974fc1\" data-element_type=\"column\" data-settings=\"{&quot;background_background&quot;:&quot;classic&quot;}\">\n\t\t\t<div class=\"elementor-widget-wrap elementor-element-populated\">\n\t\t\t\t\t<div class=\"elementor-background-overlay\"><\/div>\n\t\t\t\t\t\t<div class=\"elementor-element elementor-element-59a4394 elementor-view-default elementor-position-top elementor-mobile-position-top elementor-widget elementor-widget-icon-box\" data-id=\"59a4394\" data-element_type=\"widget\" data-widget_type=\"icon-box.default\">\n\t\t\t\t<div class=\"elementor-widget-container\">\n\t\t\t\t\t<div class=\"elementor-icon-box-wrapper\">\n\n\t\t\t\t\t\t<div class=\"elementor-icon-box-icon\">\n\t\t\t\t<span  class=\"elementor-icon elementor-animation-\">\n\t\t\t\t<i class=\"fa fa-dollar\" aria-hidden=\"true\"><\/i>\t\t\t\t<\/span>\n\t\t\t<\/div>\n\t\t\t\n\t\t\t\t\t\t<div class=\"elementor-icon-box-content\">\n\n\t\t\t\t\t\t\t\t\t<h3 class=\"elementor-icon-box-title\">\n\t\t\t\t\t\t<span  >\n\t\t\t\t\t\t\tCompras y Contrataciones\t\t\t\t\t\t<\/span>\n\t\t\t\t\t<\/h3>\n\t\t\t\t\n\t\t\t\t\n\t\t\t<\/div>\n\t\t\t\n\t\t<\/div>\n\t\t\t\t<\/div>\n\t\t\t\t<\/div>\n\t\t\t\t<div class=\"elementor-element elementor-element-a494a4d elementor-align-center elementor-widget elementor-widget-button\" data-id=\"a494a4d\" data-element_type=\"widget\" data-widget_type=\"button.default\">\n\t\t\t\t<div class=\"elementor-widget-container\">\n\t\t\t\t\t<div class=\"elementor-button-wrapper\">\n\t\t\t<a class=\"elementor-button elementor-button-link elementor-size-sm\" href=\"https:\/\/www.edeeste.com.do\/transparencia\/index.php\/compras-y-contrataciones\/\">\n\t\t\t\t\t\t<span class=\"elementor-button-content-wrapper\">\n\t\t\t\t\t\t<span class=\"elementor-button-icon\">\n\t\t\t\t\t\t\t\t\t<i class=\"fa fa-angle-double-down\" aria-hidden=\"true\"><\/i>\n\t\t\t\t\t\t\t<\/span>\n\t\t\t\t\t\t\t\t\t<span class=\"elementor-button-text\">Ver M\u00e1s<\/span>\n\t\t\t\t\t<\/span>\n\t\t\t\t\t<\/a>\n\t\t<\/div>\n\t\t\t\t<\/div>\n\t\t\t\t<\/div>\n\t\t\t\t\t<\/div>\n\t\t<\/div>\n\t\t\t\t\t<\/div>\n\t\t<\/section>\n\t\t\t\t<section class=\"elementor-section elementor-top-section elementor-element elementor-element-b553a55 elementor-section-full_width elementor-section-height-default elementor-section-height-default\" data-id=\"b553a55\" data-element_type=\"section\" data-settings=\"{&quot;background_background&quot;:&quot;gradient&quot;}\">\n\t\t\t\t\t\t<div class=\"elementor-container elementor-column-gap-default\">\n\t\t\t\t\t<div class=\"elementor-column elementor-col-66 elementor-top-column elementor-element elementor-element-0952116\" data-id=\"0952116\" data-element_type=\"column\">\n\t\t\t<div class=\"elementor-widget-wrap elementor-element-populated\">\n\t\t\t\t\t\t<div class=\"elementor-element elementor-element-8ff253e elementor-widget elementor-widget-text-editor\" data-id=\"8ff253e\" data-element_type=\"widget\" data-widget_type=\"text-editor.default\">\n\t\t\t\t<div class=\"elementor-widget-container\">\n\t\t\t\t\t\t\t<p>Pueden realizar sus solicitudes de acceso a la informaci\u00f3n p\u00fablica, completando el\u00a0<strong>Formulario de Solicitud de Informaci\u00f3n<\/strong><\/p>\t\t\t\t\t\t<\/div>\n\t\t\t\t<\/div>\n\t\t\t\t\t<\/div>\n\t\t<\/div>\n\t\t\t\t<div class=\"elementor-column elementor-col-33 elementor-top-column elementor-element elementor-element-7caa82a\" data-id=\"7caa82a\" data-element_type=\"column\">\n\t\t\t<div class=\"elementor-widget-wrap elementor-element-populated\">\n\t\t\t\t\t\t<div class=\"elementor-element elementor-element-3d663f8 elementor-button-info elementor-align-center elementor-widget elementor-widget-button\" data-id=\"3d663f8\" data-element_type=\"widget\" data-widget_type=\"button.default\">\n\t\t\t\t<div class=\"elementor-widget-container\">\n\t\t\t\t\t<div class=\"elementor-button-wrapper\">\n\t\t\t<a class=\"elementor-button elementor-button-link elementor-size-sm\" href=\"https:\/\/saip.gob.do\/realizar-solicitud.php\" target=\"_blank\">\n\t\t\t\t\t\t<span class=\"elementor-button-content-wrapper\">\n\t\t\t\t\t\t\t\t\t<span class=\"elementor-button-text\">Clic Aqu\u00ed<\/span>\n\t\t\t\t\t<\/span>\n\t\t\t\t\t<\/a>\n\t\t<\/div>\n\t\t\t\t<\/div>\n\t\t\t\t<\/div>\n\t\t\t\t\t<\/div>\n\t\t<\/div>\n\t\t\t\t\t<\/div>\n\t\t<\/section>\n\t\t\t\t<section class=\"elementor-section elementor-top-section elementor-element elementor-element-2ea55dc elementor-section-boxed elementor-section-height-default elementor-section-height-default\" data-id=\"2ea55dc\" data-element_type=\"section\">\n\t\t\t\t\t\t<div class=\"elementor-container elementor-column-gap-default\">\n\t\t\t\t\t<div class=\"elementor-column elementor-col-100 elementor-top-column elementor-element elementor-element-ea40b3a\" data-id=\"ea40b3a\" data-element_type=\"column\">\n\t\t\t<div class=\"elementor-widget-wrap elementor-element-populated\">\n\t\t\t\t\t\t<div class=\"elementor-element elementor-element-232acfc elementor-button-info elementor-align-center elementor-widget elementor-widget-button\" data-id=\"232acfc\" data-element_type=\"widget\" data-widget_type=\"button.default\">\n\t\t\t\t<div class=\"elementor-widget-container\">\n\t\t\t\t\t<div class=\"elementor-button-wrapper\">\n\t\t\t<a class=\"elementor-button elementor-button-link elementor-size-md\" href=\"https:\/\/edeeste.com.do\/transparencia\/index.php\/oai\/indice-de-transparencia-estandarizado\/\">\n\t\t\t\t\t\t<span class=\"elementor-button-content-wrapper\">\n\t\t\t\t\t\t\t\t\t<span class=\"elementor-button-text\">Evaluaci\u00f3n del Portal de Transparencia<\/span>\n\t\t\t\t\t<\/span>\n\t\t\t\t\t<\/a>\n\t\t<\/div>\n\t\t\t\t<\/div>\n\t\t\t\t<\/div>\n\t\t\t\t\t<\/div>\n\t\t<\/div>\n\t\t\t\t\t<\/div>\n\t\t<\/section>\n\t\t\t\t<\/div>\n\t\t","protected":false},"excerpt":{"rendered":"<p>En este portal interactivo est\u00e1 disponible todo lo establecido en la Ley General de Libre Acceso a la Informaci\u00f3n P\u00fablica\u00a0200-04 y el Decreto No. 130-05 que aprueba su Reglamento de Aplicaci\u00f3n. Garantiza el derecho de los ciudadanos de estar informados de las leyes, decretos, resoluciones,\u00a0disposiciones, marcos regulatorios y cualquier otro tipo de normativas relacionada con [&hellip;]<\/p>\n","protected":false},"author":1,"featured_media":0,"parent":0,"menu_order":0,"comment_status":"closed","ping_status":"closed","template":"","meta":{"footnotes":""},"class_list":["post-10","page","type-page","status-publish","hentry"],"yoast_head":"<!-- This site is optimized with the Yoast SEO plugin v23.5 - https:\/\/yoast.com\/wordpress\/plugins\/seo\/ -->\n<title>Transparencia Institucional - EDEESTE<\/title>\n<meta name=\"description\" content=\"En este portal interactivo est\u00e1 disponible todo lo establecido en la Ley General de Libre Acceso a la Informaci\u00f3n P\u00fablica.\" \/>\n<meta name=\"robots\" content=\"index, follow, max-snippet:-1, max-image-preview:large, max-video-preview:-1\" \/>\n<link rel=\"canonical\" href=\"https:\/\/edeeste.com.do\/transparencia\/\" \/>\n<meta property=\"og:locale\" content=\"es_ES\" \/>\n<meta property=\"og:type\" content=\"article\" \/>\n<meta property=\"og:title\" content=\"Transparencia Institucional - EDEESTE\" \/>\n<meta property=\"og:description\" content=\"En este portal interactivo est\u00e1 disponible todo lo establecido en la Ley General de Libre Acceso a la Informaci\u00f3n P\u00fablica.\" \/>\n<meta property=\"og:url\" content=\"https:\/\/edeeste.com.do\/transparencia\/\" \/>\n<meta property=\"og:site_name\" content=\"Empresa Distribuidora de Electricidad del Este\" \/>\n<meta property=\"article:publisher\" content=\"https:\/\/www.facebook.com\/EDEEste\" \/>\n<meta property=\"article:modified_time\" content=\"2024-08-23T02:23:17+00:00\" \/>\n<meta property=\"og:image\" content=\"https:\/\/edeeste.com.do\/transparencia\/wp-content\/uploads\/2017\/01\/Logo-EDEEste-Azul-Amarillo.png\" \/>\n\t<meta property=\"og:image:width\" content=\"2471\" \/>\n\t<meta property=\"og:image:height\" content=\"1125\" \/>\n\t<meta property=\"og:image:type\" content=\"image\/png\" \/>\n<meta name=\"twitter:card\" content=\"summary_large_image\" \/>\n<meta name=\"twitter:site\" content=\"@EdeesteRD\" \/>\n<meta name=\"twitter:label1\" content=\"Tiempo de lectura\" \/>\n\t<meta name=\"twitter:data1\" content=\"1 minuto\" \/>\n<script type=\"application\/ld+json\" class=\"yoast-schema-graph\">{\"@context\":\"https:\/\/schema.org\",\"@graph\":[{\"@type\":\"WebPage\",\"@id\":\"https:\/\/edeeste.com.do\/transparencia\/\",\"url\":\"https:\/\/edeeste.com.do\/transparencia\/\",\"name\":\"Transparencia Institucional - EDEESTE\",\"isPartOf\":{\"@id\":\"https:\/\/edeeste.com.do\/transparencia\/#website\"},\"datePublished\":\"2016-08-03T20:40:34+00:00\",\"dateModified\":\"2024-08-23T02:23:17+00:00\",\"description\":\"En este portal interactivo est\u00e1 disponible todo lo establecido en la Ley General de Libre Acceso a la Informaci\u00f3n P\u00fablica.\",\"breadcrumb\":{\"@id\":\"https:\/\/edeeste.com.do\/transparencia\/#breadcrumb\"},\"inLanguage\":\"es\",\"potentialAction\":[{\"@type\":\"ReadAction\",\"target\":[\"https:\/\/edeeste.com.do\/transparencia\/\"]}]},{\"@type\":\"BreadcrumbList\",\"@id\":\"https:\/\/edeeste.com.do\/transparencia\/#breadcrumb\",\"itemListElement\":[{\"@type\":\"ListItem\",\"position\":1,\"name\":\"Inicio\",\"item\":\"https:\/\/edeeste.com.do\/transparencia\/\"},{\"@type\":\"ListItem\",\"position\":2,\"name\":\"Transparencia\"}]},{\"@type\":\"WebSite\",\"@id\":\"https:\/\/edeeste.com.do\/transparencia\/#website\",\"url\":\"https:\/\/edeeste.com.do\/transparencia\/\",\"name\":\"Empresa Distribuidora de Electricidad del Este\",\"description\":\"Transparencia EDEESTE\",\"publisher\":{\"@id\":\"https:\/\/edeeste.com.do\/transparencia\/#organization\"},\"potentialAction\":[{\"@type\":\"SearchAction\",\"target\":{\"@type\":\"EntryPoint\",\"urlTemplate\":\"https:\/\/edeeste.com.do\/transparencia\/?s={search_term_string}\"},\"query-input\":{\"@type\":\"PropertyValueSpecification\",\"valueRequired\":true,\"valueName\":\"search_term_string\"}}],\"inLanguage\":\"es\"},{\"@type\":\"Organization\",\"@id\":\"https:\/\/edeeste.com.do\/transparencia\/#organization\",\"name\":\"EDEESTE - Portal de Transparencia Institucional\",\"url\":\"https:\/\/edeeste.com.do\/transparencia\/\",\"logo\":{\"@type\":\"ImageObject\",\"inLanguage\":\"es\",\"@id\":\"https:\/\/edeeste.com.do\/transparencia\/#\/schema\/logo\/image\/\",\"url\":\"\/transparencia\/wp-content\/uploads\/2017\/01\/Logo-EDEEste-Azul-Amarillo.png\",\"contentUrl\":\"\/transparencia\/wp-content\/uploads\/2017\/01\/Logo-EDEEste-Azul-Amarillo.png\",\"width\":2471,\"height\":1125,\"caption\":\"EDEESTE - Portal de Transparencia Institucional\"},\"image\":{\"@id\":\"https:\/\/edeeste.com.do\/transparencia\/#\/schema\/logo\/image\/\"},\"sameAs\":[\"https:\/\/www.facebook.com\/EDEEste\",\"https:\/\/x.com\/EdeesteRD\"]}]}<\/script>\n<!-- \/ Yoast SEO plugin. -->","yoast_head_json":{"title":"Transparencia Institucional - EDEESTE","description":"En este portal interactivo est\u00e1 disponible todo lo establecido en la Ley General de Libre Acceso a la Informaci\u00f3n P\u00fablica.","robots":{"index":"index","follow":"follow","max-snippet":"max-snippet:-1","max-image-preview":"max-image-preview:large","max-video-preview":"max-video-preview:-1"},"canonical":"https:\/\/edeeste.com.do\/transparencia\/","og_locale":"es_ES","og_type":"article","og_title":"Transparencia Institucional - EDEESTE","og_description":"En este portal interactivo est\u00e1 disponible todo lo establecido en la Ley General de Libre Acceso a la Informaci\u00f3n P\u00fablica.","og_url":"https:\/\/edeeste.com.do\/transparencia\/","og_site_name":"Empresa Distribuidora de Electricidad del Este","article_publisher":"https:\/\/www.facebook.com\/EDEEste","article_modified_time":"2024-08-23T02:23:17+00:00","og_image":[{"width":2471,"height":1125,"url":"https:\/\/edeeste.com.do\/transparencia\/wp-content\/uploads\/2017\/01\/Logo-EDEEste-Azul-Amarillo.png","type":"image\/png"}],"twitter_card":"summary_large_image","twitter_site":"@EdeesteRD","twitter_misc":{"Tiempo de lectura":"1 minuto"},"schema":{"@context":"https:\/\/schema.org","@graph":[{"@type":"WebPage","@id":"https:\/\/edeeste.com.do\/transparencia\/","url":"https:\/\/edeeste.com.do\/transparencia\/","name":"Transparencia Institucional - EDEESTE","isPartOf":{"@id":"https:\/\/edeeste.com.do\/transparencia\/#website"},"datePublished":"2016-08-03T20:40:34+00:00","dateModified":"2024-08-23T02:23:17+00:00","description":"En este portal interactivo est\u00e1 disponible todo lo establecido en la Ley General de Libre Acceso a la Informaci\u00f3n P\u00fablica.","breadcrumb":{"@id":"https:\/\/edeeste.com.do\/transparencia\/#breadcrumb"},"inLanguage":"es","potentialAction":[{"@type":"ReadAction","target":["https:\/\/edeeste.com.do\/transparencia\/"]}]},{"@type":"BreadcrumbList","@id":"https:\/\/edeeste.com.do\/transparencia\/#breadcrumb","itemListElement":[{"@type":"ListItem","position":1,"name":"Inicio","item":"https:\/\/edeeste.com.do\/transparencia\/"},{"@type":"ListItem","position":2,"name":"Transparencia"}]},{"@type":"WebSite","@id":"https:\/\/edeeste.com.do\/transparencia\/#website","url":"https:\/\/edeeste.com.do\/transparencia\/","name":"Empresa Distribuidora de Electricidad del Este","description":"Transparencia EDEESTE","publisher":{"@id":"https:\/\/edeeste.com.do\/transparencia\/#organization"},"potentialAction":[{"@type":"SearchAction","target":{"@type":"EntryPoint","urlTemplate":"https:\/\/edeeste.com.do\/transparencia\/?s={search_term_string}"},"query-input":{"@type":"PropertyValueSpecification","valueRequired":true,"valueName":"search_term_string"}}],"inLanguage":"es"},{"@type":"Organization","@id":"https:\/\/edeeste.com.do\/transparencia\/#organization","name":"EDEESTE - Portal de Transparencia Institucional","url":"https:\/\/edeeste.com.do\/transparencia\/","logo":{"@type":"ImageObject","inLanguage":"es","@id":"https:\/\/edeeste.com.do\/transparencia\/#\/schema\/logo\/image\/","url":"\/transparencia\/wp-content\/uploads\/2017\/01\/Logo-EDEEste-Azul-Amarillo.png","contentUrl":"\/transparencia\/wp-content\/uploads\/2017\/01\/Logo-EDEEste-Azul-Amarillo.png","width":2471,"height":1125,"caption":"EDEESTE - Portal de Transparencia Institucional"},"image":{"@id":"https:\/\/edeeste.com.do\/transparencia\/#\/schema\/logo\/image\/"},"sameAs":["https:\/\/www.facebook.com\/EDEEste","https:\/\/x.com\/EdeesteRD"]}]}},"_links":{"self":[{"href":"https:\/\/edeeste.com.do\/transparencia\/index.php\/wp-json\/wp\/v2\/pages\/10"}],"collection":[{"href":"https:\/\/edeeste.com.do\/transparencia\/index.php\/wp-json\/wp\/v2\/pages"}],"about":[{"href":"https:\/\/edeeste.com.do\/transparencia\/index.php\/wp-json\/wp\/v2\/types\/page"}],"author":[{"embeddable":true,"href":"https:\/\/edeeste.com.do\/transparencia\/index.php\/wp-json\/wp\/v2\/users\/1"}],"replies":[{"embeddable":true,"href":"https:\/\/edeeste.com.do\/transparencia\/index.php\/wp-json\/wp\/v2\/comments?post=10"}],"version-history":[{"count":83,"href":"https:\/\/edeeste.com.do\/transparencia\/index.php\/wp-json\/wp\/v2\/pages\/10\/revisions"}],"predecessor-version":[{"id":15707,"href":"https:\/\/edeeste.com.do\/transparencia\/index.php\/wp-json\/wp\/v2\/pages\/10\/revisions\/15707"}],"wp:attachment":[{"href":"https:\/\/edeeste.com.do\/transparencia\/index.php\/wp-json\/wp\/v2\/media?parent=10"}],"curies":[{"name":"wp","href":"https:\/\/api.w.org\/{rel}","templated":true}]}}